{"id":1803330,"date":"2025-03-28T12:40:58","date_gmt":"2025-03-28T10:40:58","guid":{"rendered":"https:\/\/liquidmaster.pl\/dodo-juice-hb-sauce-beady-eye-100ml-wosk-twardy\/"},"modified":"2026-04-18T04:24:17","modified_gmt":"2026-04-18T02:24:17","slug":"dodo-juice-hb-sauce-beady-eye-100ml-wosk-twardy","status":"publish","type":"product","link":"https:\/\/liquidmaster.pl\/en\/dodo-juice-hb-sauce-beady-eye-101\/","title":{"rendered":"Dodo Juice HB Sauce Beady Eye 100ml - hard wax"},"content":{"rendered":"<p>\u00a0<\/p>\n<p>HB Sauce (aka Kevin Longman) had been dabbling in the world of waxing for some time and wanted to make a wax fit for a king (or at least connoisseurs of good wax. Using his wealth of knowledge as both a detailer and a chef, he knew what he wanted to achieve, so went to the wax cave. Some say he appeared a few days later, others say it was weeks. The truth is, no one knows. Time works differently in the wax cave. All we know is that the result was Beady Eye ( and that he had more facial hair than when he entered).<\/p>\n<p>All three layers are of hybrid origin. First a white eyeball, then lime slime, and finally drops of waxy blood. Not only does it smell great, but the performance is amazing (as you would expect from a hybrid). Beady Eye is limited to 333 jars just in time for Halloween, so take it as an OMEN that your car will SHINE, you won&#039;t regret it. MU WA HA HA HA.<\/p>","protected":false},"excerpt":{"rendered":"<p>\u00a0 HB Sauce (znany r\u00f3wnie\u017c jako Kevin Longman) od jakiego\u015b czasu para\u0142 si\u0119 \u015bwiatem woskowania i chcia\u0142 zrobi\u0107 wosk odpowiedni dla kr\u00f3la (a przynajmniej koneser\u00f3w dobrego wosku. Wykorzystuj\u0105c swoj\u0105 bogat\u0105 wiedz\u0119 zar\u00f3wno jako detaliera, jak i szefa kuchni, wiedzia\u0142, co chce osi\u0105gn\u0105\u0107, wi\u0119c uda\u0142 si\u0119 do jaskini woskowej. Niekt\u00f3rzy twierdz\u0105, \u017ce pojawi\u0142 si\u0119 kilka dni&hellip;&nbsp;<a href=\"https:\/\/liquidmaster.pl\/en\/dodo-juice-hb-sauce-beady-eye-101\/\" rel=\"bookmark\">Read More \u00bb<span class=\"screen-reader-text\">Dodo Juice HB Sauce Beady Eye 100ml - hard wax<\/span><\/a><\/p>","protected":false},"featured_media":1845482,"comment_status":"open","ping_status":"open","template":"","meta":{"neve_meta_sidebar":"","neve_meta_container":"","neve_meta_enable_content_width":"","neve_meta_content_width":0,"neve_meta_title_alignment":"","neve_meta_author_avatar":"","neve_post_elements_order":"","neve_meta_disable_header":"","neve_meta_disable_footer":"","neve_meta_disable_title":"","_themeisle_gutenberg_block_has_review":false},"product_brand":[],"product_cat":[733,766,788],"product_tag":[288],"class_list":{"0":"post-1803330","1":"product","2":"type-product","3":"status-publish","4":"has-post-thumbnail","6":"product_cat-na-zewnatrz","7":"product_cat-ochrona-lakieru","8":"product_cat-woski","9":"product_tag-dodo-juice","11":"first","12":"outofstock","13":"taxable","14":"shipping-taxable","15":"purchasable","16":"product-type-simple"},"_links":{"self":[{"href":"https:\/\/liquidmaster.pl\/en\/wp-json\/wp\/v2\/product\/1803330","targetHints":{"allow":["GET"]}}],"collection":[{"href":"https:\/\/liquidmaster.pl\/en\/wp-json\/wp\/v2\/product"}],"about":[{"href":"https:\/\/liquidmaster.pl\/en\/wp-json\/wp\/v2\/types\/product"}],"replies":[{"embeddable":true,"href":"https:\/\/liquidmaster.pl\/en\/wp-json\/wp\/v2\/comments?post=1803330"}],"wp:featuredmedia":[{"embeddable":true,"href":"https:\/\/liquidmaster.pl\/en\/wp-json\/wp\/v2\/media\/1845482"}],"wp:attachment":[{"href":"https:\/\/liquidmaster.pl\/en\/wp-json\/wp\/v2\/media?parent=1803330"}],"wp:term":[{"taxonomy":"product_brand","embeddable":true,"href":"https:\/\/liquidmaster.pl\/en\/wp-json\/wp\/v2\/product_brand?post=1803330"},{"taxonomy":"product_cat","embeddable":true,"href":"https:\/\/liquidmaster.pl\/en\/wp-json\/wp\/v2\/product_cat?post=1803330"},{"taxonomy":"product_tag","embeddable":true,"href":"https:\/\/liquidmaster.pl\/en\/wp-json\/wp\/v2\/product_tag?post=1803330"}],"curies":[{"name":"wp","href":"https:\/\/api.w.org\/{rel}","templated":true}]}}