{"id":1803320,"date":"2025-03-28T12:38:40","date_gmt":"2025-03-28T10:38:40","guid":{"rendered":"https:\/\/liquidmaster.pl\/dodo-juice-flat-earth-30ml-kolekcjonerski-wosk-z-ogromna-iloscia-carnauby\/"},"modified":"2026-04-01T15:24:08","modified_gmt":"2026-04-01T13:24:08","slug":"dodo-juice-flat-earth-30ml-kolekcjonerski-wosk-z-ogromna-iloscia-carnauby","status":"publish","type":"product","link":"https:\/\/liquidmaster.pl\/en\/dodo-juice-flat-earth-30ml-kolekcjonerski-wosk-z-ogromna-iloscia-carnauby\/","title":{"rendered":"Dodo Juice Flat Earth 30ml - collectable wax with a huge amount of carnauba"},"content":{"rendered":"<p>Dodo Juice Flat Earth \u2013 is a wax containing almost 70% of pure Brazilian Carnauba!!! It works great as a paperweight or as a nightstand decoration. It is dedicated to collectors of the Dodo Juice series.<\/p>\n<p>Flat Earth is hard as a rock, it was created to prove that wax producers advertising their products with such a high content of Carnauba are simply going dark!!!<\/p>\n<p>Capacity: 30 ml<\/p>","protected":false},"excerpt":{"rendered":"<p>Dodo Juice Flat Earth \u2013 to wosk zawieraj\u0105cego niemal\u017ce 70% czystej brazylijskiej Carnauby!!! \u015awietnie sprawdza si\u0119 jako przycisk do papieru, tudzie\u017c jako ozdoba szafki nocnej. Dedykowany jest dla kolekcjoner\u00f3w serii Dodo Juice. Flat Earth jest twardy jak kamie\u0144, powsta\u0142 w celu udowodnienia, \u017ce producenci wosk\u00f3w reklamuj\u0105cy swoje produkty z tak du\u017c\u0105 zawarto\u015bci\u0105 Carnauby po prostu&hellip;&nbsp;<a href=\"https:\/\/liquidmaster.pl\/en\/dodo-juice-flat-earth-30ml-kolekcjonerski-wosk-z-ogromna-iloscia-carnauby\/\" rel=\"bookmark\">Read More \u00bb<span class=\"screen-reader-text\">Dodo Juice Flat Earth 30ml - collectable wax with a huge amount of carnauba<\/span><\/a><\/p>","protected":false},"featured_media":1845454,"comment_status":"open","ping_status":"open","template":"","meta":{"neve_meta_sidebar":"","neve_meta_container":"","neve_meta_enable_content_width":"","neve_meta_content_width":0,"neve_meta_title_alignment":"","neve_meta_author_avatar":"","neve_post_elements_order":"","neve_meta_disable_header":"","neve_meta_disable_footer":"","neve_meta_disable_title":"","_themeisle_gutenberg_block_has_review":false},"product_brand":[],"product_cat":[733,766,788],"product_tag":[288],"class_list":{"0":"post-1803320","1":"product","2":"type-product","3":"status-publish","4":"has-post-thumbnail","6":"product_cat-na-zewnatrz","7":"product_cat-ochrona-lakieru","8":"product_cat-woski","9":"product_tag-dodo-juice","11":"first","12":"outofstock","13":"taxable","14":"shipping-taxable","15":"purchasable","16":"product-type-simple"},"_links":{"self":[{"href":"https:\/\/liquidmaster.pl\/en\/wp-json\/wp\/v2\/product\/1803320","targetHints":{"allow":["GET"]}}],"collection":[{"href":"https:\/\/liquidmaster.pl\/en\/wp-json\/wp\/v2\/product"}],"about":[{"href":"https:\/\/liquidmaster.pl\/en\/wp-json\/wp\/v2\/types\/product"}],"replies":[{"embeddable":true,"href":"https:\/\/liquidmaster.pl\/en\/wp-json\/wp\/v2\/comments?post=1803320"}],"wp:featuredmedia":[{"embeddable":true,"href":"https:\/\/liquidmaster.pl\/en\/wp-json\/wp\/v2\/media\/1845454"}],"wp:attachment":[{"href":"https:\/\/liquidmaster.pl\/en\/wp-json\/wp\/v2\/media?parent=1803320"}],"wp:term":[{"taxonomy":"product_brand","embeddable":true,"href":"https:\/\/liquidmaster.pl\/en\/wp-json\/wp\/v2\/product_brand?post=1803320"},{"taxonomy":"product_cat","embeddable":true,"href":"https:\/\/liquidmaster.pl\/en\/wp-json\/wp\/v2\/product_cat?post=1803320"},{"taxonomy":"product_tag","embeddable":true,"href":"https:\/\/liquidmaster.pl\/en\/wp-json\/wp\/v2\/product_tag?post=1803320"}],"curies":[{"name":"wp","href":"https:\/\/api.w.org\/{rel}","templated":true}]}}