{"id":1803292,"date":"2025-03-28T12:32:05","date_gmt":"2025-03-28T10:32:05","guid":{"rendered":"https:\/\/liquidmaster.pl\/colourlock-zestaw-soft-200ml-do-skor-starszych\/"},"modified":"2026-04-18T04:24:09","modified_gmt":"2026-04-18T02:24:09","slug":"colourlock-zestaw-soft-200ml-do-skor-starszych","status":"publish","type":"product","link":"https:\/\/liquidmaster.pl\/en\/colourlock-zestaw-soft-200ml-do-skor-starszych\/","title":{"rendered":"Colourlock Set Soft 200ml - for older leather"},"content":{"rendered":"<p>The Colourlock set for smooth leather with the gentle cleaner Soft Clean and Leder Protector cleans, protects and cares for all dyed, smooth car and furniture leather. Pigmented smooth leathers are the most popular automotive and furniture leathers. After rubbing a drop, it remains on the skin and is not absorbed.<\/p>\n<p>Soft Clean leather cleaner 200 ml with brush<\/p>\n<p>Apply the foam produced on the brush. Do not apply directly to the skin. First, check the operation of the agent in an inconspicuous place. Clean in circular motions from seam to seam using foam and a brush. Repeat the process if necessary. Use a dry microfiber to collect dirt and cleaning agent residue. Leave the skin to dry.<\/p>\n<p>\u00a0<\/p>\n<p>IF IN EYES: Rinse cautiously with water for several minutes. Remove contact lenses if possible. Continue rinsing.<\/p>\n<p>\u00a0<\/p>\n<p>Leder Protector with cloth<\/p>\n<p>\u00a0<\/p>\n<p>Colourlock Leder Protector is a care milk with a comprehensive UV protection system and antioxidants. Protects smooth skin from sun rays and drying out. Regular use ensures the maintenance of good condition and vitality of the skin. Leather should be cleaned with Colourlock cleaner prior to maintenance.<\/p>\n<p>\u00a0<\/p>\n<p>Before the first use, check the effect of the agent by applying it in a small amount to the material in an invisible place. Shake before use.<\/p>\n<p>The duration of action is about 3-6 months.<\/p>\n<p>How to use: apply a small amount of the agent on a cloth and spread it with a thin, even layer on the surface of the skin. Leave until completely absorbed (up to 24 hours). If too much agent is applied, it may leave streaks on the surface of the skin after absorption, the remaining tarnish can be wiped off with a damp cloth.<\/p>\n<p>\u00a0<\/p>\n<p>Shake before use!<\/p>\n<p>\u00a0<\/p>\n<p>Protect against frost!<\/p>\n<p>\u00a0<\/p>\n<p>Keep away from children!<\/p>","protected":false},"excerpt":{"rendered":"<p>Zestaw Colourlock do sk\u00f3r g\u0142adkich z delikatnym \u015brodkiem do czyszczenia Soft Clean i Leder Protectorem czy\u015bci, chroni i piel\u0119gnuje wszystkie farbowane, g\u0142adkie sk\u00f3ry samochodowe i meblowe. Pigmentowane sk\u00f3ry g\u0142adki s\u0105 najpopularniejszymi sk\u00f3rami samochodowymi i meblowymi. Po wtarciu kropli, pozostaje ona na sk\u00f3rze i nie wch\u0142ania si\u0119. \u015arodek do czyszczenia sk\u00f3ry Soft Clean 200 ml ze&hellip;&nbsp;<a href=\"https:\/\/liquidmaster.pl\/en\/colourlock-zestaw-soft-200ml-do-skor-starszych\/\" rel=\"bookmark\">Read More \u00bb<span class=\"screen-reader-text\">Colourlock Set Soft 200ml - for older leather<\/span><\/a><\/p>","protected":false},"featured_media":1845388,"comment_status":"open","ping_status":"open","template":"","meta":{"neve_meta_sidebar":"","neve_meta_container":"","neve_meta_enable_content_width":"","neve_meta_content_width":0,"neve_meta_title_alignment":"","neve_meta_author_avatar":"","neve_post_elements_order":"","neve_meta_disable_header":"","neve_meta_disable_footer":"","neve_meta_disable_title":"","_themeisle_gutenberg_block_has_review":false},"product_brand":[],"product_cat":[816,768,829],"product_tag":[283],"class_list":{"0":"post-1803292","1":"product","2":"type-product","3":"status-publish","4":"has-post-thumbnail","6":"product_cat-tapicerka-skorzana","7":"product_cat-wnetrze-auta","8":"product_cat-zestawy","9":"product_tag-colourlock","11":"first","12":"outofstock","13":"taxable","14":"shipping-taxable","15":"purchasable","16":"product-type-simple"},"_links":{"self":[{"href":"https:\/\/liquidmaster.pl\/en\/wp-json\/wp\/v2\/product\/1803292","targetHints":{"allow":["GET"]}}],"collection":[{"href":"https:\/\/liquidmaster.pl\/en\/wp-json\/wp\/v2\/product"}],"about":[{"href":"https:\/\/liquidmaster.pl\/en\/wp-json\/wp\/v2\/types\/product"}],"replies":[{"embeddable":true,"href":"https:\/\/liquidmaster.pl\/en\/wp-json\/wp\/v2\/comments?post=1803292"}],"wp:featuredmedia":[{"embeddable":true,"href":"https:\/\/liquidmaster.pl\/en\/wp-json\/wp\/v2\/media\/1845388"}],"wp:attachment":[{"href":"https:\/\/liquidmaster.pl\/en\/wp-json\/wp\/v2\/media?parent=1803292"}],"wp:term":[{"taxonomy":"product_brand","embeddable":true,"href":"https:\/\/liquidmaster.pl\/en\/wp-json\/wp\/v2\/product_brand?post=1803292"},{"taxonomy":"product_cat","embeddable":true,"href":"https:\/\/liquidmaster.pl\/en\/wp-json\/wp\/v2\/product_cat?post=1803292"},{"taxonomy":"product_tag","embeddable":true,"href":"https:\/\/liquidmaster.pl\/en\/wp-json\/wp\/v2\/product_tag?post=1803292"}],"curies":[{"name":"wp","href":"https:\/\/api.w.org\/{rel}","templated":true}]}}