{"id":1803245,"date":"2025-03-28T02:25:17","date_gmt":"2025-03-28T00:25:17","guid":{"rendered":"https:\/\/liquidmaster.pl\/meguiars-gold-class-premium-quik-detailer-prosty-w-aplikacji-quick-detailer\/"},"modified":"2026-04-18T04:24:03","modified_gmt":"2026-04-18T02:24:03","slug":"meguiars-gold-class-premium-quik-detailer-prosty-w-aplikacji-quick-detailer","status":"publish","type":"product","link":"https:\/\/liquidmaster.pl\/en\/meguiars-gold-class-premium-quik-detailer-prosty-w-aplikacji-quick-detailer\/","title":{"rendered":"Meguiar&#039;s Gold Class Premium Quik Detailer - an easy-to-apply quick detailer"},"content":{"rendered":"<p>Meguiar&#039;s Gold Class Premium Quik Detailer \u2013 agent for removing light dirt and improving shine.<\/p>\n<p>Specifically designed for use on dark colors, ideal for removing dust and fingerprints. It leaves an exceptionally slippery surface and an extremely dark varnish. It is safe to use on all types of paint coatings.<\/p>\n<p>Capacity: 709 ml<\/p>","protected":false},"excerpt":{"rendered":"<p>Meguiar&#8217;s Gold Class Premium Quik Detailer \u2013 \u015brodek do usuwania lekkich zabrudze\u0144 i poprawy po\u0142ysku. W szczeg\u00f3lno\u015bci stworzony do zastosowania na ciemnych kolorach, idealny do usuwania kurzu i odcisk\u00f3w palc\u00f3w. Pozostawia wyj\u0105tkowo \u015blisk\u0105 powierzchni\u0119 i niebywale ciemny lakier. Jest bezpieczny w u\u017cyciu na wszystkich typach pow\u0142ok lakierniczych. Pojemno\u015b\u0107: 709 ml<\/p>","protected":false},"featured_media":1845326,"comment_status":"open","ping_status":"open","template":"","meta":{"neve_meta_sidebar":"","neve_meta_container":"","neve_meta_enable_content_width":"","neve_meta_content_width":0,"neve_meta_title_alignment":"","neve_meta_author_avatar":"","neve_post_elements_order":"","neve_meta_disable_header":"","neve_meta_disable_footer":"","neve_meta_disable_title":"","_themeisle_gutenberg_block_has_review":false},"product_brand":[],"product_cat":[733,766,767],"product_tag":[322],"class_list":{"0":"post-1803245","1":"product","2":"type-product","3":"status-publish","4":"has-post-thumbnail","6":"product_cat-na-zewnatrz","7":"product_cat-ochrona-lakieru","8":"product_cat-quick-detailery","9":"product_tag-meguiars","11":"first","12":"instock","13":"taxable","14":"shipping-taxable","15":"purchasable","16":"product-type-simple"},"_links":{"self":[{"href":"https:\/\/liquidmaster.pl\/en\/wp-json\/wp\/v2\/product\/1803245","targetHints":{"allow":["GET"]}}],"collection":[{"href":"https:\/\/liquidmaster.pl\/en\/wp-json\/wp\/v2\/product"}],"about":[{"href":"https:\/\/liquidmaster.pl\/en\/wp-json\/wp\/v2\/types\/product"}],"replies":[{"embeddable":true,"href":"https:\/\/liquidmaster.pl\/en\/wp-json\/wp\/v2\/comments?post=1803245"}],"wp:featuredmedia":[{"embeddable":true,"href":"https:\/\/liquidmaster.pl\/en\/wp-json\/wp\/v2\/media\/1845326"}],"wp:attachment":[{"href":"https:\/\/liquidmaster.pl\/en\/wp-json\/wp\/v2\/media?parent=1803245"}],"wp:term":[{"taxonomy":"product_brand","embeddable":true,"href":"https:\/\/liquidmaster.pl\/en\/wp-json\/wp\/v2\/product_brand?post=1803245"},{"taxonomy":"product_cat","embeddable":true,"href":"https:\/\/liquidmaster.pl\/en\/wp-json\/wp\/v2\/product_cat?post=1803245"},{"taxonomy":"product_tag","embeddable":true,"href":"https:\/\/liquidmaster.pl\/en\/wp-json\/wp\/v2\/product_tag?post=1803245"}],"curies":[{"name":"wp","href":"https:\/\/api.w.org\/{rel}","templated":true}]}}