{"id":1803182,"date":"2025-03-28T01:59:09","date_gmt":"2025-03-27T23:59:09","guid":{"rendered":"https:\/\/liquidmaster.pl\/heckmann-maszyna-polerska-dual-action-s21\/"},"modified":"2026-04-18T04:23:52","modified_gmt":"2026-04-18T02:23:52","slug":"heckmann-maszyna-polerska-dual-action-s21","status":"publish","type":"product","link":"https:\/\/liquidmaster.pl\/en\/heckmann-maszyna-polerska-dual-action-s21\/","title":{"rendered":"Heckmann Dual Action S21 polishing machine"},"content":{"rendered":"<p>We used a CNC milled steel eccentric, which gives the 80% greater strength compared to machines from competing companies.<\/p>\n<p>The bearings in our machines are not Chinese, they are of Japanese production and come from proven manufacturers who supply global brands.<\/p>\n<p>In the gear cover, we use an anti-vibration and soundproofing insert that improves acoustic and mechanical properties by eliminating vibrations.<\/p>\n<p>The polisher has a smooth speed control, 4m power cord.<\/p>\n<p>D-handle and brushes and wrench are included.<\/p>\n<p>The side flaps allow you to replace the brushes without disassembling the machine housing.<\/p>\n<p>We used non-slip rubber inserts on the head, handle and handle. Thanks to this, the machine lies securely in a wet or damp hand.<\/p>\n<p>150mm platter with high-quality Velcro and cooling holes will ensure a long service life.<\/p>\n<p>Our machine will find its place in the studio or workshop and its life will positively surprise its user.<\/p>","protected":false},"excerpt":{"rendered":"<p>Zastosowali\u015bmy stalowy mimo\u015br\u00f3d frezowany CNC co daje 80% wi\u0119ksz\u0105 wytrzyma\u0142o\u015b\u0107 w por\u00f3wnaniu do maszyn konkurencyjnych firm. \u0141o\u017cyska w naszych maszynach nie s\u0105 chi\u0144skie s\u0105 Japo\u0144skiej produkcji i pochodz\u0105 od sprawdzonych producent\u00f3w kt\u00f3rzy zaopatruj\u0105 \u015bwiatowe marki. W os\u0142onie przek\u0142adni stosujemy antywibracyjny i wyg\u0142uszaj\u0105cy wk\u0142ad, kt\u00f3ry poprawia w\u0142a\u015bciwo\u015bci akustyczne i mechaniczne eliminuj\u0105c drgania . Polerka posiada p\u0142ynn\u0105&hellip;&nbsp;<a href=\"https:\/\/liquidmaster.pl\/en\/heckmann-maszyna-polerska-dual-action-s21\/\" rel=\"bookmark\">Read More \u00bb<span class=\"screen-reader-text\">Heckmann Dual Action S21 polishing machine<\/span><\/a><\/p>","protected":false},"featured_media":1845164,"comment_status":"open","ping_status":"open","template":"","meta":{"neve_meta_sidebar":"","neve_meta_container":"","neve_meta_enable_content_width":"","neve_meta_content_width":0,"neve_meta_title_alignment":"","neve_meta_author_avatar":"","neve_post_elements_order":"","neve_meta_disable_header":"","neve_meta_disable_footer":"","neve_meta_disable_title":"","_themeisle_gutenberg_block_has_review":false},"product_brand":[],"product_cat":[807,806,748],"product_tag":[303],"class_list":{"0":"post-1803182","1":"product","2":"type-product","3":"status-publish","4":"has-post-thumbnail","6":"product_cat-maszyny-dual-action","7":"product_cat-maszyny-polerskie","8":"product_cat-polerowanie","9":"product_tag-heckmann","11":"first","12":"instock","13":"taxable","14":"shipping-taxable","15":"purchasable","16":"product-type-simple"},"_links":{"self":[{"href":"https:\/\/liquidmaster.pl\/en\/wp-json\/wp\/v2\/product\/1803182","targetHints":{"allow":["GET"]}}],"collection":[{"href":"https:\/\/liquidmaster.pl\/en\/wp-json\/wp\/v2\/product"}],"about":[{"href":"https:\/\/liquidmaster.pl\/en\/wp-json\/wp\/v2\/types\/product"}],"replies":[{"embeddable":true,"href":"https:\/\/liquidmaster.pl\/en\/wp-json\/wp\/v2\/comments?post=1803182"}],"wp:featuredmedia":[{"embeddable":true,"href":"https:\/\/liquidmaster.pl\/en\/wp-json\/wp\/v2\/media\/1845164"}],"wp:attachment":[{"href":"https:\/\/liquidmaster.pl\/en\/wp-json\/wp\/v2\/media?parent=1803182"}],"wp:term":[{"taxonomy":"product_brand","embeddable":true,"href":"https:\/\/liquidmaster.pl\/en\/wp-json\/wp\/v2\/product_brand?post=1803182"},{"taxonomy":"product_cat","embeddable":true,"href":"https:\/\/liquidmaster.pl\/en\/wp-json\/wp\/v2\/product_cat?post=1803182"},{"taxonomy":"product_tag","embeddable":true,"href":"https:\/\/liquidmaster.pl\/en\/wp-json\/wp\/v2\/product_tag?post=1803182"}],"curies":[{"name":"wp","href":"https:\/\/api.w.org\/{rel}","templated":true}]}}