{"id":1803178,"date":"2025-03-28T01:58:31","date_gmt":"2025-03-27T23:58:31","guid":{"rendered":"https:\/\/liquidmaster.pl\/heckmann-maszyna-polerska-dual-action-12\/"},"modified":"2026-04-18T04:23:51","modified_gmt":"2026-04-18T02:23:51","slug":"heckmann-maszyna-polerska-dual-action-12","status":"publish","type":"product","link":"https:\/\/liquidmaster.pl\/en\/heckmann-maszyna-polerska-dual-action-12\/","title":{"rendered":"Heckmann Dual Action 12 polishing machine"},"content":{"rendered":"<p>We used a CNC-milled steel eccentric, which gives the 80% greater durability compared to machines available on the market because they have a cast zinc eccentric that deforms very quickly.<\/p>\n<p>The bearings in our machines are made in Japan, not in China.<\/p>\n<p>The machine has<\/p>\n<p>\u2013 smooth speed regulation<\/p>\n<p>\u2013 4m power cord<\/p>\n<p>Side flaps allow you to replace brushes without disassembling the machine casing.<\/p>\n<p>We use anti-slip rubber inserts on the head. Thanks to this, the machine fits securely in a wet or damp hand.<\/p>\n<p>75mm plate with high-quality Velcro and standard thread.<\/p>","protected":false},"excerpt":{"rendered":"<p>Zastosowali\u015bmy stalowy mimo\u015br\u00f3d frezowany CNC co daje 80% wi\u0119ksz\u0105 wytrzyma\u0142o\u015b\u0107 w por\u00f3wnaniu do maszyn, kt\u00f3re dost\u0119pne s\u0105 na rynku poniewa\u017c maj\u0105 one cynkowy odlewany mimo\u015br\u00f3d, kt\u00f3ry odkszta\u0142ca si\u0119 bardzo szybo . \u0141o\u017cyska w naszych maszynach s\u0105 Japo\u0144skiej produkcji nie chi\u0144skiej. Maszyna posiada &#8211; p\u0142ynn\u0105 regulacj\u0119 obrot\u00f3w &#8211; 4m przewodu zasilaj\u0105cego Boczne klapki\u00a0 pozwalaj\u0105 na wymian\u0119&hellip;&nbsp;<a href=\"https:\/\/liquidmaster.pl\/en\/heckmann-maszyna-polerska-dual-action-12\/\" rel=\"bookmark\">Read More \u00bb<span class=\"screen-reader-text\">Heckmann Dual Action 12 polishing machine<\/span><\/a><\/p>","protected":false},"featured_media":1845152,"comment_status":"open","ping_status":"open","template":"","meta":{"neve_meta_sidebar":"","neve_meta_container":"","neve_meta_enable_content_width":"","neve_meta_content_width":0,"neve_meta_title_alignment":"","neve_meta_author_avatar":"","neve_post_elements_order":"","neve_meta_disable_header":"","neve_meta_disable_footer":"","neve_meta_disable_title":"","_themeisle_gutenberg_block_has_review":false},"product_brand":[],"product_cat":[807,806,748],"product_tag":[303],"class_list":{"0":"post-1803178","1":"product","2":"type-product","3":"status-publish","4":"has-post-thumbnail","6":"product_cat-maszyny-dual-action","7":"product_cat-maszyny-polerskie","8":"product_cat-polerowanie","9":"product_tag-heckmann","11":"first","12":"outofstock","13":"taxable","14":"shipping-taxable","15":"purchasable","16":"product-type-simple"},"_links":{"self":[{"href":"https:\/\/liquidmaster.pl\/en\/wp-json\/wp\/v2\/product\/1803178","targetHints":{"allow":["GET"]}}],"collection":[{"href":"https:\/\/liquidmaster.pl\/en\/wp-json\/wp\/v2\/product"}],"about":[{"href":"https:\/\/liquidmaster.pl\/en\/wp-json\/wp\/v2\/types\/product"}],"replies":[{"embeddable":true,"href":"https:\/\/liquidmaster.pl\/en\/wp-json\/wp\/v2\/comments?post=1803178"}],"wp:featuredmedia":[{"embeddable":true,"href":"https:\/\/liquidmaster.pl\/en\/wp-json\/wp\/v2\/media\/1845152"}],"wp:attachment":[{"href":"https:\/\/liquidmaster.pl\/en\/wp-json\/wp\/v2\/media?parent=1803178"}],"wp:term":[{"taxonomy":"product_brand","embeddable":true,"href":"https:\/\/liquidmaster.pl\/en\/wp-json\/wp\/v2\/product_brand?post=1803178"},{"taxonomy":"product_cat","embeddable":true,"href":"https:\/\/liquidmaster.pl\/en\/wp-json\/wp\/v2\/product_cat?post=1803178"},{"taxonomy":"product_tag","embeddable":true,"href":"https:\/\/liquidmaster.pl\/en\/wp-json\/wp\/v2\/product_tag?post=1803178"}],"curies":[{"name":"wp","href":"https:\/\/api.w.org\/{rel}","templated":true}]}}