{"id":1803174,"date":"2025-03-28T01:57:56","date_gmt":"2025-03-27T23:57:56","guid":{"rendered":"https:\/\/liquidmaster.pl\/unilite-ra-700r-latarka-robocza-700-lumenow\/"},"modified":"2026-04-01T15:23:33","modified_gmt":"2026-04-01T13:23:33","slug":"unilite-ra-700r-latarka-robocza-700-lumenow","status":"publish","type":"product","link":"https:\/\/liquidmaster.pl\/en\/unilite-ra-700r-latarka-robocza-700-lumenow\/","title":{"rendered":"Unilite RA-700R work light 700 lumens"},"content":{"rendered":"<p>Unilite RA-700R<\/p>\n<p style=\"margin: 0pt; text-align: left;\">To wielofunkcyjna latarka robocza wyposa\u017cona w \u00a0bia\u0142\u0105 diod\u0119 COB LED o mocy 700 lumen\u00f3w oraz wysokim wsp\u00f3\u0142czynniku odwzorowania kolor\u00f3w CRI96+. Urz\u0105dzenie oferuje tak\u017ce mo\u017cliwo\u015b\u0107 emitowania czerwonego \u015bwiat\u0142a w dw\u00f3ch trybach: statycznym oraz b\u0142yskowym. G\u0142owica latarki posiada mo\u017cliwo\u015b\u0107 obrotu o 130\u00b0, dzi\u0119ki czemu mo\u017ce by\u0107 wykorzystywana jako klasyczna latarka lub o\u015bwietlenie k\u0105towe. Korpus wykonano z wytrzyma\u0142ego kopolimeru i aluminium. R\u0105czke latarki pokryto gum\u0105 TPR tak, aby zapobiec wy\u015blizgni\u0119ciu si\u0119 z d\u0142oni. Wbudowany akumulator litowo-jonowy o pojemno\u015bci 4500mAh mo\u017cna \u0142adowa\u0107 za pomoc\u0105 magnetycznej stacji \u0142aduj\u0105cej lub bezpo\u015brednio przy u\u017cyciu kabla USB-C. Urz\u0105dzenie jest wodoszczelne i py\u0142oodporne wed\u0142ug standard\u00f3w IP65.<\/p>\n<p>Cechy:<\/p>\n<p style=\"margin: 0pt; text-align: left; tab-stops: left 28pt left 56pt left 84pt left 112pt left 140pt left 168pt left 196pt left 224pt left 252pt left 280pt left 308pt left 336pt;\">\u2022 700 lumen\u00f3w, bia\u0142a dioda 6500K CRI 96+ COB LED<\/p>\n<p style=\"margin: 0pt; text-align: left; tab-stops: left 28pt left 56pt left 84pt left 112pt left 140pt left 168pt left 196pt left 224pt left 252pt left 280pt left 308pt left 336pt;\">\u2022 Tryb \u015bwiat\u0142a ci\u0105g\u0142ego i migania<\/p>\n<p style=\"margin: 0pt; text-align: left; tab-stops: left 28pt left 56pt left 84pt left 112pt left 140pt left 168pt left 196pt left 224pt left 252pt left 280pt left 308pt left 336pt;\">\u2022 130o obrotowa g\u0142owica do ustawiania k\u0105ta strumienia \u015bwietlnego<\/p>\n<p style=\"margin: 0pt; text-align: left; tab-stops: left 28pt left 56pt left 84pt left 112pt left 140pt left 168pt left 196pt left 224pt left 252pt left 280pt left 308pt left 336pt;\">\u2022 Wykonana z wytrzyma\u0142ego kopolimeru i TPR, konstrukcja aluminiowa <\/p>\n<p style=\"margin: 0pt; text-align: left; tab-stops: left 28pt left 56pt left 84pt left 112pt left 140pt left 168pt left 196pt left 224pt left 252pt left 280pt left 308pt left 336pt;\">\u2022 \u015awiec\u0105cy w ciemno\u015bci pasek wok\u00f3\u0142 diody LED<\/p>\n<p style=\"margin: 0pt; text-align: left; tab-stops: left 28pt left 56pt left 84pt left 112pt left 140pt left 168pt left 196pt left 224pt left 252pt left 280pt left 308pt left 336pt;\">\u2022 Mocny magnes w podstawie<\/p>\n<p style=\"margin: 0pt; text-align: left; tab-stops: left 28pt left 56pt left 84pt left 112pt left 140pt left 168pt left 196pt left 224pt left 252pt left 280pt left 308pt left 336pt;\">\u2022 Wygodna, magnetyczna stacja \u0142aduajca<\/p>\n<p style=\"margin: 0pt; text-align: left; tab-stops: left 28pt left 56pt left 84pt left 112pt left 140pt left 168pt left 196pt left 224pt left 252pt left 280pt left 308pt left 336pt;\">\u2022 Odpinany 140o obrotowy haczyk do zawieszania<\/p>\n<p style=\"margin: 0pt; text-align: left; tab-stops: left 28pt left 56pt left 84pt left 112pt left 140pt left 168pt left 196pt left 224pt left 252pt left 280pt left 308pt left 336pt;\">\u2022 Mocny wbudowany akumulator 4500 mAh<\/p>\n<p style=\"margin: 0pt; text-align: left; tab-stops: left 28pt left 56pt left 84pt left 112pt left 140pt left 168pt left 196pt left 224pt left 252pt left 280pt left 308pt left 336pt;\">\u2022 Wska\u017anik poziomu na\u0142adowania akumulatora<\/p>\n<p style=\"margin: 0pt; text-align: left; tab-stops: left 28pt left 56pt left 84pt left 112pt left 140pt left 168pt left 196pt left 224pt left 252pt left 280pt left 308pt left 336pt;\">\u2022 Szybkie \u0142adowanie 2A USB Typ-C &#8211; 3 godziny \u0142adowania<\/p>\n<p style=\"margin: 0pt; text-align: justify;\">\u2022 Wysokiej jakos\u0301ci kabel USB Typ-C 1m w zestawie<\/p>\n<p style=\"margin: 0pt; text-align: justify;\">\u00a0<\/p>\n<tr style=\"height: 22.65pt;\">\n<p style=\"margin: 0pt; text-align: center; background-color: rgb(0, 0, 0);\">DANE TECHNICZNE<\/p>\n<\/tr>\n<tr style=\"height: 22.65pt;\">\n<p style=\"margin: 0pt; text-align: left;\">\u017ar\u00f3d\u0142o \u015bwiat\u0142a<\/p>\n<p style=\"margin: 0pt; text-align: center;\">COB LED<\/p>\n<\/tr>\n<tr style=\"height: 22.65pt;\">\n<p style=\"margin: 0pt; text-align: left;\">moc \u015bwiat\u0142a \u00a0[lm]<\/p>\n<p style=\"margin: 0pt; text-align: center;\">700(max)<\/p>\n<\/tr>\n<tr style=\"height: 22.65pt;\">\n<p style=\"margin: 0pt; text-align: left;\">kolor diody<\/p>\n<p style=\"margin: 0pt; text-align: center;\">bia\u0142a\/czerwona<\/p>\n<\/tr>\n<tr style=\"height: 22.65pt;\">\n<p style=\"margin: 0pt; text-align: left;\">rodzaj akumulatora<\/p>\n<p style=\"margin: 0pt; text-align: center;\">4500 \/ litowo-jonowy<\/p>\n<\/tr>\n<tr style=\"height: 22.65pt;\">\n<p style=\"margin: 0pt; text-align: left;\">czas pracy \u00a0[h]<\/p>\n<p style=\"margin: 0pt; text-align: center;\">3,5-180<\/p>\n<\/tr>\n<tr style=\"height: 22.65pt;\">\n<p style=\"margin: 0pt; text-align: left;\">zakres temperatur otoczenia pracy [\u00baC]<\/p>\n<p style=\"margin: 0pt; text-align: center;\">-10 \u00a0+40<\/p>\n<\/tr>\n<tr style=\"height: 22.65pt;\">\n<p style=\"margin: 0pt; text-align: left;\">stopie\u0144 ochrony<\/p>\n<p style=\"margin: 0pt; text-align: center;\">IP65<\/p>\n<\/tr>\n<tr style=\"height: 22.65pt;\">\n<p style=\"margin: 0pt; text-align: left;\">wymiary \u00a0[mm]<\/p>\n<p style=\"margin: 0pt; text-align: center;\">85 x 184 x 54<\/p>\n<\/tr>\n<tr style=\"height: 22.65pt;\">\n<p style=\"margin: 0pt; text-align: left;\">waga [g]<\/p>\n<p style=\"margin: 0pt; text-align: center;\">222<\/p>\n<\/tr>\n<p style=\"margin: 0pt; text-align: left;\">\u00a0<\/p>\n","protected":false},"excerpt":{"rendered":"<p>Unilite RA-700R This is a multifunctional work flashlight equipped with a white COB LED with a power of 700 lumens and a high color reproduction index CRI96+. The device also offers the ability to emit red light in two modes: static and flash. The flashlight head can be rotated 130\u00b0, so it can be used as a classic flashlight or angle lighting. The body is made\u2026&nbsp;<a href=\"https:\/\/liquidmaster.pl\/en\/unilite-ra-700r-latarka-robocza-700-lumenow\/\" rel=\"bookmark\">Read More \u00bb<span class=\"screen-reader-text\">Unilite RA-700R work light 700 lumens<\/span><\/a><\/p>","protected":false},"featured_media":1845142,"comment_status":"open","ping_status":"open","template":"","meta":{"neve_meta_sidebar":"","neve_meta_container":"","neve_meta_enable_content_width":"","neve_meta_content_width":0,"neve_meta_title_alignment":"","neve_meta_author_avatar":"","neve_post_elements_order":"","neve_meta_disable_header":"","neve_meta_disable_footer":"","neve_meta_disable_title":"","_themeisle_gutenberg_block_has_review":false},"product_brand":[],"product_cat":[749,827,748],"product_tag":[373],"class_list":{"0":"post-1803174","1":"product","2":"type-product","3":"status-publish","4":"has-post-thumbnail","6":"product_cat-akcesoria-polerskie","7":"product_cat-lampy-inspekcyjne","8":"product_cat-polerowanie","9":"product_tag-unilite","11":"first","12":"instock","13":"taxable","14":"shipping-taxable","15":"purchasable","16":"product-type-simple"},"_links":{"self":[{"href":"https:\/\/liquidmaster.pl\/en\/wp-json\/wp\/v2\/product\/1803174","targetHints":{"allow":["GET"]}}],"collection":[{"href":"https:\/\/liquidmaster.pl\/en\/wp-json\/wp\/v2\/product"}],"about":[{"href":"https:\/\/liquidmaster.pl\/en\/wp-json\/wp\/v2\/types\/product"}],"replies":[{"embeddable":true,"href":"https:\/\/liquidmaster.pl\/en\/wp-json\/wp\/v2\/comments?post=1803174"}],"wp:featuredmedia":[{"embeddable":true,"href":"https:\/\/liquidmaster.pl\/en\/wp-json\/wp\/v2\/media\/1845142"}],"wp:attachment":[{"href":"https:\/\/liquidmaster.pl\/en\/wp-json\/wp\/v2\/media?parent=1803174"}],"wp:term":[{"taxonomy":"product_brand","embeddable":true,"href":"https:\/\/liquidmaster.pl\/en\/wp-json\/wp\/v2\/product_brand?post=1803174"},{"taxonomy":"product_cat","embeddable":true,"href":"https:\/\/liquidmaster.pl\/en\/wp-json\/wp\/v2\/product_cat?post=1803174"},{"taxonomy":"product_tag","embeddable":true,"href":"https:\/\/liquidmaster.pl\/en\/wp-json\/wp\/v2\/product_tag?post=1803174"}],"curies":[{"name":"wp","href":"https:\/\/api.w.org\/{rel}","templated":true}]}}