{"id":1803172,"date":"2025-03-28T01:57:40","date_gmt":"2025-03-27T23:57:40","guid":{"rendered":"https:\/\/liquidmaster.pl\/unilite-il-625r-kompaktowa-lampa-inspekcyjna-625-lumenow\/"},"modified":"2026-04-18T04:23:50","modified_gmt":"2026-04-18T02:23:50","slug":"unilite-il-625r-kompaktowa-lampa-inspekcyjna-625-lumenow","status":"publish","type":"product","link":"https:\/\/liquidmaster.pl\/en\/unilite-il-625r-kompaktowa-lampa-inspekcyjna-625-lumenow\/","title":{"rendered":"Unilite IL-625R compact inspection lamp 625 lumens"},"content":{"rendered":"<p style=\"margin: 0pt; text-align: justify;\">Unilite IL-625R<\/p>\n<p style=\"margin: 0pt; text-align: left;\">IL-625R to kompaktowa lampa inspekcyjna o mocy 625 lumen\u00f3w. Certyfikat IP65 zapewnia odporno\u015b\u0107 przed py\u0142em i wod\u0105. Mocna obudowa zosta\u0142a wykonana z poliw\u0119glanu i ci\u015bnieniowo odlewanego aluminium. Lampa posiada bardzo mocne magnesy z ty\u0142u i w podstawie, dzi\u0119ki czemu mo\u017cemy j\u0105 przytwierdzi\u0107 do ka\u017cdej metalowej powierzchni. Dodatkowo IL-625R zosta\u0142a wyposa\u017cona w g\u00f3rn\u0105 latark\u0119 250 lumen\u00f3w i przedni\u0105 lampk\u0119 UV. Posiada \u0142adowanie USB-C.<\/p>\n<p style=\"margin: 0pt; text-align: left;\">\u00a0<\/p>\n<p style=\"margin: 0pt; text-align: left;\">Obs\u0142uga lampy:<\/p>\n<p style=\"margin: 0pt; text-align: left;\">sekwencja: 625 lumen\u00f3w > 315 lumen\u00f3w > g\u00f3rna latarka 250 lumen\u00f3w > UV Led > wy\u0142\u0105czenie<\/p>\n<p style=\"margin: 0pt; text-align: left;\">\u00a0<\/p>\n<p style=\"margin: 0pt; text-align: left;\">Cechy:<\/p>\n<p style=\"margin: 0pt; text-align: left; tab-stops: left 28pt left 56pt left 84pt left 112pt left 140pt left 168pt left 196pt left 224pt left 252pt left 280pt left 308pt left 336pt;\">\u2022 625 lumen\u00f3w, bia\u0142a dioda COB LED, 6500k<\/p>\n<p style=\"margin: 0pt; text-align: left; tab-stops: left 28pt left 56pt left 84pt left 112pt left 140pt left 168pt left 196pt left 224pt left 252pt left 280pt left 308pt left 336pt;\">\u2022 250 lumen\u00f3w bia\u0142a dioda SMD LED z wiz\u0105k\u0105 punktow\u0105, 6500k <\/p>\n<p style=\"margin: 0pt; text-align: left; tab-stops: left 28pt left 56pt left 84pt left 112pt left 140pt left 168pt left 196pt left 224pt left 252pt left 280pt left 308pt left 336pt;\">\u2022 UV LED z przodu (395nm)<\/p>\n<p style=\"margin: 0pt; text-align: left; tab-stops: left 28pt left 56pt left 84pt left 112pt left 140pt left 168pt left 196pt left 224pt left 252pt left 280pt left 308pt left 336pt;\">\u2022 Bardzo wytrzyma\u0142a obudowa aluminium i poliw\u0119glanu<\/p>\n<p style=\"margin: 0pt; text-align: left; tab-stops: left 28pt left 56pt left 84pt left 112pt left 140pt left 168pt left 196pt left 224pt left 252pt left 280pt left 308pt left 336pt;\">\u2022 Tylny klips na kiesze\u0144<\/p>\n<p style=\"margin: 0pt; text-align: left; tab-stops: left 28pt left 56pt left 84pt left 112pt left 140pt left 168pt left 196pt left 224pt left 252pt left 280pt left 308pt left 336pt;\">\u2022 Mocne zintegrowane magnesy w podstawie i klipsie na kieszonk\u0119<\/p>\n<p style=\"margin: 0pt; text-align: left; tab-stops: left 28pt left 56pt left 84pt left 112pt left 140pt left 168pt left 196pt left 224pt left 252pt left 280pt left 308pt left 336pt;\">\u2022 \u015awiec\u0105cy w ciemno\u015bci pasek wok\u00f3\u0142 diody LED<\/p>\n<p style=\"margin: 0pt; text-align: left; tab-stops: left 28pt left 56pt left 84pt left 112pt left 140pt left 168pt left 196pt left 224pt left 252pt left 280pt left 308pt left 336pt;\">\u2022 Wska\u017anik poziomu baterii i \u0142adowania LED<\/p>\n<p style=\"margin: 0pt; text-align: left; tab-stops: left 28pt left 56pt left 84pt left 112pt left 140pt left 168pt left 196pt left 224pt left 252pt left 280pt left 308pt left 336pt;\">\u2022 Bardzo mocny akumulator litowo-jonowy 3,7 V 2500 mAh<\/p>\n<p style=\"margin: 0pt; text-align: left;\">\u2022 Szybkie \u0142adowanie 1A USB Typ-C &#8211; 3 godziny \u0142adowania <\/p>\n<p style=\"margin: 0pt; text-align: left;\">\u2022 Kabel USB Typ-C 1 m w zestawie\u00a0<\/p>\n<p style=\"margin: 0pt; text-align: left;\">\u00a0<\/p>\n<p style=\"margin: 0pt; text-align: justify;\">\u00a0<\/p>\n<tr style=\"height: 22.65pt;\">\n<p style=\"margin: 0pt; text-align: center; background-color: rgb(0, 0, 0);\">DANE TECHNICZNE<\/p>\n<\/tr>\n<tr style=\"height: 22.65pt;\">\n<p style=\"margin: 0pt; text-align: left;\">\u017ar\u00f3d\u0142o \u015bwiat\u0142a<\/p>\n<p style=\"margin: 0pt; text-align: center;\">COB LED\/SMD LED<\/p>\n<\/tr>\n<tr style=\"height: 22.65pt;\">\n<p style=\"margin: 0pt; text-align: left;\">moc \u015bwiat\u0142a \u00a0[lm]<\/p>\n<p style=\"margin: 0pt; text-align: center;\">625\/315\/250<\/p>\n<p style=\"margin: 0pt; text-align: center;\">(tryb 1\/tryb 2\/tryb 3)<\/p>\n<\/tr>\n<tr style=\"height: 22.65pt;\">\n<p style=\"margin: 0pt; text-align: left;\">kolor diody<\/p>\n<p style=\"margin: 0pt; text-align: center;\">bia\u0142a<\/p>\n<\/tr>\n<tr style=\"height: 22.65pt;\">\n<p style=\"margin: 0pt; text-align: left;\">rodzaj akumulatora<\/p>\n<p style=\"margin: 0pt; text-align: center;\">2500 \/ litowo-jonowy<\/p>\n<\/tr>\n<tr style=\"height: 22.65pt;\">\n<p style=\"margin: 0pt; text-align: left;\">czas pracy \u00a0[h]<\/p>\n<p style=\"margin: 0pt; text-align: center;\">3-12<\/p>\n<\/tr>\n<tr style=\"height: 22.65pt;\">\n<p style=\"margin: 0pt; text-align: left;\">zakres temperatur otoczenia pracy [\u00baC]<\/p>\n<p style=\"margin: 0pt; text-align: center;\">-10 \u00a0+40<\/p>\n<\/tr>\n<tr style=\"height: 22.65pt;\">\n<p style=\"margin: 0pt; text-align: left;\">stopie\u0144 ochrony<\/p>\n<p style=\"margin: 0pt; text-align: center;\">IP65<\/p>\n<\/tr>\n<tr style=\"height: 22.65pt;\">\n<p style=\"margin: 0pt; text-align: left;\">wytrzyma\u0142o\u015b\u0107 mechaniczna urz\u0105dzenia<\/p>\n<p style=\"margin: 0pt; text-align: center;\">IK07<\/p>\n<\/tr>\n<tr style=\"height: 22.65pt;\">\n<p style=\"margin: 0pt; text-align: left;\">wymiary \u00a0[mm]<\/p>\n<p style=\"margin: 0pt; text-align: center;\">188 x 35 x 35 <\/p>\n<\/tr>\n<tr style=\"height: 22.65pt;\">\n<p style=\"margin: 0pt; text-align: left;\">waga [g]<\/p>\n<p style=\"margin: 0pt; text-align: center;\">190<\/p>\n<\/tr>\n<p style=\"margin: 0pt; text-align: left;\">\u00a0<\/p>\n<p style=\"margin: 0pt; text-align: left;\">\u00a0<\/p>\n","protected":false},"excerpt":{"rendered":"<p>Unilite IL-625R IL-625R to kompaktowa lampa inspekcyjna o mocy 625 lumen\u00f3w. Certyfikat IP65 zapewnia odporno\u015b\u0107 przed py\u0142em i wod\u0105. Mocna obudowa zosta\u0142a wykonana z poliw\u0119glanu i ci\u015bnieniowo odlewanego aluminium. Lampa posiada bardzo mocne magnesy z ty\u0142u i w podstawie, dzi\u0119ki czemu mo\u017cemy j\u0105 przytwierdzi\u0107 do ka\u017cdej metalowej powierzchni. Dodatkowo IL-625R zosta\u0142a wyposa\u017cona w g\u00f3rn\u0105 latark\u0119&hellip;&nbsp;<a href=\"https:\/\/liquidmaster.pl\/en\/unilite-il-625r-kompaktowa-lampa-inspekcyjna-625-lumenow\/\" rel=\"bookmark\">Read More \u00bb<span class=\"screen-reader-text\">Unilite IL-625R compact inspection lamp 625 lumens<\/span><\/a><\/p>","protected":false},"featured_media":1845049,"comment_status":"open","ping_status":"open","template":"","meta":{"neve_meta_sidebar":"","neve_meta_container":"","neve_meta_enable_content_width":"","neve_meta_content_width":0,"neve_meta_title_alignment":"","neve_meta_author_avatar":"","neve_post_elements_order":"","neve_meta_disable_header":"","neve_meta_disable_footer":"","neve_meta_disable_title":"","_themeisle_gutenberg_block_has_review":false},"product_brand":[],"product_cat":[749,827,748],"product_tag":[373],"class_list":{"0":"post-1803172","1":"product","2":"type-product","3":"status-publish","4":"has-post-thumbnail","6":"product_cat-akcesoria-polerskie","7":"product_cat-lampy-inspekcyjne","8":"product_cat-polerowanie","9":"product_tag-unilite","11":"first","12":"instock","13":"taxable","14":"shipping-taxable","15":"purchasable","16":"product-type-simple"},"_links":{"self":[{"href":"https:\/\/liquidmaster.pl\/en\/wp-json\/wp\/v2\/product\/1803172","targetHints":{"allow":["GET"]}}],"collection":[{"href":"https:\/\/liquidmaster.pl\/en\/wp-json\/wp\/v2\/product"}],"about":[{"href":"https:\/\/liquidmaster.pl\/en\/wp-json\/wp\/v2\/types\/product"}],"replies":[{"embeddable":true,"href":"https:\/\/liquidmaster.pl\/en\/wp-json\/wp\/v2\/comments?post=1803172"}],"wp:featuredmedia":[{"embeddable":true,"href":"https:\/\/liquidmaster.pl\/en\/wp-json\/wp\/v2\/media\/1845049"}],"wp:attachment":[{"href":"https:\/\/liquidmaster.pl\/en\/wp-json\/wp\/v2\/media?parent=1803172"}],"wp:term":[{"taxonomy":"product_brand","embeddable":true,"href":"https:\/\/liquidmaster.pl\/en\/wp-json\/wp\/v2\/product_brand?post=1803172"},{"taxonomy":"product_cat","embeddable":true,"href":"https:\/\/liquidmaster.pl\/en\/wp-json\/wp\/v2\/product_cat?post=1803172"},{"taxonomy":"product_tag","embeddable":true,"href":"https:\/\/liquidmaster.pl\/en\/wp-json\/wp\/v2\/product_tag?post=1803172"}],"curies":[{"name":"wp","href":"https:\/\/api.w.org\/{rel}","templated":true}]}}