{"id":1803165,"date":"2025-03-28T01:56:39","date_gmt":"2025-03-27T23:56:39","guid":{"rendered":"https:\/\/liquidmaster.pl\/flexipads-75mm-dysk-polerski-rayon-do-szkla-rzep\/"},"modified":"2026-04-20T08:01:54","modified_gmt":"2026-04-20T06:01:54","slug":"flexipads-75mm-dysk-polerski-rayon-do-szkla-rzep","status":"publish","type":"product","link":"https:\/\/liquidmaster.pl\/en\/flexipads-75mm-dysk-polerski-rayon-do-szkla-rzep\/","title":{"rendered":"Flexipads 75mm - Rayon polishing pad for glass, velcro"},"content":{"rendered":"<p>Diameter: 75 mm<br \/>\nMax revolutions: 7500 rpm<br \/>\nMax optimal revolutions: 4500 rpm<br \/>\nRecommended support disc: 36300 (M14), 17000 (5\/16)<br \/>\nWeight: 5.7 g<\/p>\n<ul>\n<li>Velcro polishing disc for polishing hard surfaces such as glass, varnish, stainless steel<\/li>\n<li>recommended for use with Liquid Shine High Cut (LP100)<\/li>\n<li>perfect for removing hard-to-clean marks on car windows<\/li>\n<li>does not damage the polished surface, gives a high gloss<\/li>\n<li>After use, rinse thoroughly with warm water and air dry<\/li>\n<\/ul>","protected":false},"excerpt":{"rendered":"<p>\u015arednica: 75 mm Max obroty: 7500 rpm Max optymalne obroty: 4500 rpm Polecany dysk wsporczy: 36300 (M14), 17000 (5\/16) Waga:\u00a05,7 g dysk polerski na rzep do polerowania twardych powierzchni takich jak szk\u0142o, lakier, stal nierdzewna polecamy do zastosowania wraz z Liquid Shine High Cut (LP100) doskona\u0142y do usuwania ci\u0119\u017cko zmywalnych znak\u00f3w na szybach samochodowych nie&hellip;&nbsp;<a href=\"https:\/\/liquidmaster.pl\/en\/flexipads-75mm-dysk-polerski-rayon-do-szkla-rzep\/\" rel=\"bookmark\">Read More \u00bb<span class=\"screen-reader-text\">Flexipads 75mm - Rayon polishing pad for glass, velcro<\/span><\/a><\/p>","protected":false},"featured_media":1845034,"comment_status":"open","ping_status":"open","template":"","meta":{"neve_meta_sidebar":"","neve_meta_container":"","neve_meta_enable_content_width":"","neve_meta_content_width":0,"neve_meta_title_alignment":"","neve_meta_author_avatar":"","neve_post_elements_order":"","neve_meta_disable_header":"","neve_meta_disable_footer":"","neve_meta_disable_title":"","_themeisle_gutenberg_block_has_review":false},"product_brand":[],"product_cat":[733,844,773],"product_tag":[293],"class_list":{"0":"post-1803165","1":"product","2":"type-product","3":"status-publish","4":"has-post-thumbnail","6":"product_cat-na-zewnatrz","7":"product_cat-polerowanie-szyb","8":"product_cat-szyby","9":"product_tag-flexipads","11":"first","12":"instock","13":"taxable","14":"shipping-taxable","15":"purchasable","16":"product-type-simple"},"_links":{"self":[{"href":"https:\/\/liquidmaster.pl\/en\/wp-json\/wp\/v2\/product\/1803165","targetHints":{"allow":["GET"]}}],"collection":[{"href":"https:\/\/liquidmaster.pl\/en\/wp-json\/wp\/v2\/product"}],"about":[{"href":"https:\/\/liquidmaster.pl\/en\/wp-json\/wp\/v2\/types\/product"}],"replies":[{"embeddable":true,"href":"https:\/\/liquidmaster.pl\/en\/wp-json\/wp\/v2\/comments?post=1803165"}],"wp:featuredmedia":[{"embeddable":true,"href":"https:\/\/liquidmaster.pl\/en\/wp-json\/wp\/v2\/media\/1845034"}],"wp:attachment":[{"href":"https:\/\/liquidmaster.pl\/en\/wp-json\/wp\/v2\/media?parent=1803165"}],"wp:term":[{"taxonomy":"product_brand","embeddable":true,"href":"https:\/\/liquidmaster.pl\/en\/wp-json\/wp\/v2\/product_brand?post=1803165"},{"taxonomy":"product_cat","embeddable":true,"href":"https:\/\/liquidmaster.pl\/en\/wp-json\/wp\/v2\/product_cat?post=1803165"},{"taxonomy":"product_tag","embeddable":true,"href":"https:\/\/liquidmaster.pl\/en\/wp-json\/wp\/v2\/product_tag?post=1803165"}],"curies":[{"name":"wp","href":"https:\/\/api.w.org\/{rel}","templated":true}]}}