{"id":1803150,"date":"2025-03-28T01:54:39","date_gmt":"2025-03-27T23:54:39","guid":{"rendered":"https:\/\/liquidmaster.pl\/flexipads-kulka-szlifierska-75-6mm-finish\/"},"modified":"2026-04-18T04:23:47","modified_gmt":"2026-04-18T02:23:47","slug":"flexipads-kulka-szlifierska-75-6mm-finish","status":"publish","type":"product","link":"https:\/\/liquidmaster.pl\/en\/flexipads-kulka-szlifierska-756mm-finish\/","title":{"rendered":"Flexipads - Sanding Ball 75\/6mm Finish"},"content":{"rendered":"<p>Diameter: 75mm<br \/>\nMounting: 6mm pin<br \/>\nMax revolutions: 5000 rpm<br \/>\nWeight: 77.4 g<\/p>\n<ul>\n<li>ball made of cotton<\/li>\n<li>intended for final polishing, gives a high gloss<\/li>\n<li>It has a 6mm diameter shank for attaching to straight grinders and drills<\/li>\n<li>enables polishing of irregular shapes, corners and hard-to-reach places<\/li>\n<\/ul>","protected":false},"excerpt":{"rendered":"<p>\u015arednica: 75mm Mocowanie: trzpie\u0144 6mm Max obroty:\u00a05000 rpm Waga: 77.4\u00a0g kulka wykonana z bawe\u0142ny przeznaczona do polerowania ko\u0144cowego, nadaje wysoki po\u0142ysk posiada trzpie\u0144 o \u015brednicy 6mm do mocowania na szlifierki proste i wiertarki umo\u017cliwia\u00a0polerowanie\u00a0nieregularnych kszta\u0142t\u00f3w, w naro\u017cnikach i miejscach trudno dost\u0119pnych<\/p>","protected":false},"featured_media":1844996,"comment_status":"open","ping_status":"open","template":"","meta":{"neve_meta_sidebar":"","neve_meta_container":"","neve_meta_enable_content_width":"","neve_meta_content_width":0,"neve_meta_title_alignment":"","neve_meta_author_avatar":"","neve_post_elements_order":"","neve_meta_disable_header":"","neve_meta_disable_footer":"","neve_meta_disable_title":"","_themeisle_gutenberg_block_has_review":false},"product_brand":[],"product_cat":[757,748,874],"product_tag":[293],"class_list":{"0":"post-1803150","1":"product","2":"type-product","3":"status-publish","4":"has-post-thumbnail","6":"product_cat-akcesoria","7":"product_cat-polerowanie","8":"product_cat-wet-sanding","9":"product_tag-flexipads","11":"first","12":"outofstock","13":"taxable","14":"shipping-taxable","15":"purchasable","16":"product-type-simple"},"_links":{"self":[{"href":"https:\/\/liquidmaster.pl\/en\/wp-json\/wp\/v2\/product\/1803150","targetHints":{"allow":["GET"]}}],"collection":[{"href":"https:\/\/liquidmaster.pl\/en\/wp-json\/wp\/v2\/product"}],"about":[{"href":"https:\/\/liquidmaster.pl\/en\/wp-json\/wp\/v2\/types\/product"}],"replies":[{"embeddable":true,"href":"https:\/\/liquidmaster.pl\/en\/wp-json\/wp\/v2\/comments?post=1803150"}],"wp:featuredmedia":[{"embeddable":true,"href":"https:\/\/liquidmaster.pl\/en\/wp-json\/wp\/v2\/media\/1844996"}],"wp:attachment":[{"href":"https:\/\/liquidmaster.pl\/en\/wp-json\/wp\/v2\/media?parent=1803150"}],"wp:term":[{"taxonomy":"product_brand","embeddable":true,"href":"https:\/\/liquidmaster.pl\/en\/wp-json\/wp\/v2\/product_brand?post=1803150"},{"taxonomy":"product_cat","embeddable":true,"href":"https:\/\/liquidmaster.pl\/en\/wp-json\/wp\/v2\/product_cat?post=1803150"},{"taxonomy":"product_tag","embeddable":true,"href":"https:\/\/liquidmaster.pl\/en\/wp-json\/wp\/v2\/product_tag?post=1803150"}],"curies":[{"name":"wp","href":"https:\/\/api.w.org\/{rel}","templated":true}]}}