{"id":1803126,"date":"2025-03-28T01:49:37","date_gmt":"2025-03-27T23:49:37","guid":{"rendered":"https:\/\/liquidmaster.pl\/waxpro-kangaroo-pocket-applicator-aplikator-z-kieszonka-na-palce\/"},"modified":"2026-04-20T08:01:49","modified_gmt":"2026-04-20T06:01:49","slug":"waxpro-kangaroo-pocket-applicator-aplikator-z-kieszonka-na-palce","status":"publish","type":"product","link":"https:\/\/liquidmaster.pl\/en\/waxpro-kangaroo-pocket-applicator-aplikator-z-kieszonka-na-palce\/","title":{"rendered":"waxPRO Kangaroo Pocket Applicator - an applicator with a pocket for fingers"},"content":{"rendered":"<p>waxPRO Kangaroo Pocket Applicator - we know well that moment when the applicators fall out of your hands in the whirl of work. Our Kangaroo, apart from thick foam trimmed with microfiber, also has an additional pocket for fingers, thanks to which it fits perfectly to the hand. This applicator will be used for applying dressings inside the car and for bonnetting its nooks and crannies.<\/p>\n<p>Washing: Machine washable (up to 60\u00b0C). Wash with similar colors. Do not use softeners or bleaches.<\/p>","protected":false},"excerpt":{"rendered":"<p>waxPRO Kangaroo Pocket Applicator \u2013 dobrze znamy ten moment, kiedy to w wirze pracy aplikatory wypadaj\u0105 z r\u0105k. Nasz Kangaroo poza grub\u0105 piank\u0105 obszyt\u0105 mikrofibr\u0105 posiada tak\u017ce dodatkow\u0105 kieszonk\u0119 na palce, dzi\u0119ki czemu idealnie przylega do d\u0142oni. Aplikator ten znajdzie swoje zastosowanie przy aplikacji dressing\u00f3w we wn\u0119trzu auta oraz przy bonnetowaniu jego zakamark\u00f3w. Pranie: Nadaje&hellip;&nbsp;<a href=\"https:\/\/liquidmaster.pl\/en\/waxpro-kangaroo-pocket-applicator-aplikator-z-kieszonka-na-palce\/\" rel=\"bookmark\">Read More \u00bb<span class=\"screen-reader-text\">waxPRO Kangaroo Pocket Applicator - an applicator with a pocket for fingers<\/span><\/a><\/p>","protected":false},"featured_media":1844935,"comment_status":"open","ping_status":"open","template":"","meta":{"neve_meta_sidebar":"","neve_meta_container":"","neve_meta_enable_content_width":"","neve_meta_content_width":0,"neve_meta_title_alignment":"","neve_meta_author_avatar":"","neve_post_elements_order":"","neve_meta_disable_header":"","neve_meta_disable_footer":"","neve_meta_disable_title":"","_themeisle_gutenberg_block_has_review":false},"product_brand":[],"product_cat":[757,786,818],"product_tag":[379],"class_list":{"0":"post-1803126","1":"product","2":"type-product","3":"status-publish","4":"has-post-thumbnail","6":"product_cat-akcesoria","7":"product_cat-aplikatory","8":"product_cat-aplikatory-do-impregnatow","9":"product_tag-waxpro","11":"first","12":"outofstock","13":"taxable","14":"shipping-taxable","15":"purchasable","16":"product-type-simple"},"_links":{"self":[{"href":"https:\/\/liquidmaster.pl\/en\/wp-json\/wp\/v2\/product\/1803126","targetHints":{"allow":["GET"]}}],"collection":[{"href":"https:\/\/liquidmaster.pl\/en\/wp-json\/wp\/v2\/product"}],"about":[{"href":"https:\/\/liquidmaster.pl\/en\/wp-json\/wp\/v2\/types\/product"}],"replies":[{"embeddable":true,"href":"https:\/\/liquidmaster.pl\/en\/wp-json\/wp\/v2\/comments?post=1803126"}],"wp:featuredmedia":[{"embeddable":true,"href":"https:\/\/liquidmaster.pl\/en\/wp-json\/wp\/v2\/media\/1844935"}],"wp:attachment":[{"href":"https:\/\/liquidmaster.pl\/en\/wp-json\/wp\/v2\/media?parent=1803126"}],"wp:term":[{"taxonomy":"product_brand","embeddable":true,"href":"https:\/\/liquidmaster.pl\/en\/wp-json\/wp\/v2\/product_brand?post=1803126"},{"taxonomy":"product_cat","embeddable":true,"href":"https:\/\/liquidmaster.pl\/en\/wp-json\/wp\/v2\/product_cat?post=1803126"},{"taxonomy":"product_tag","embeddable":true,"href":"https:\/\/liquidmaster.pl\/en\/wp-json\/wp\/v2\/product_tag?post=1803126"}],"curies":[{"name":"wp","href":"https:\/\/api.w.org\/{rel}","templated":true}]}}