{"id":1803118,"date":"2025-03-28T01:48:29","date_gmt":"2025-03-27T23:48:29","guid":{"rendered":"https:\/\/liquidmaster.pl\/waxaddict-slicksuds-2l-bezpieczny-dla-powlok-szampon-do-kol\/"},"modified":"2026-04-18T04:23:42","modified_gmt":"2026-04-18T02:23:42","slug":"waxaddict-slicksuds-2l-bezpieczny-dla-powlok-szampon-do-kol","status":"publish","type":"product","link":"https:\/\/liquidmaster.pl\/en\/waxaddict-slicksuds-2l-bezpieczny-dla-powlok-szampon-do-kol\/","title":{"rendered":"Waxaddict Slicksuds 2L - wheel shampoo safe for coatings"},"content":{"rendered":"<p>Waxaddict Slicksuds \u2013 a coating-safe wheel shampoo that safely removes dirt without removing ceramic coatings and waxes. Waxaddict Wheel Wax eliminates the need for heavy wheel cleaners, however if you still need a product to remove dirt and brake dust while cleaning, SlickSuds is perfect.<\/p>\n<p>Tips:<\/p>\n<p>Shake well! It is best to rinse the rim first. Spray a generous amount of SlickSuds onto the wheel rim and immediately spread it over the wheel using a wheel mitt or a high-quality foam pad. Rinse well to ensure all product has been removed and dry with a microfiber cloth for best results.<\/p>\n<p>Capacity: 2L<\/p>","protected":false},"excerpt":{"rendered":"<p>Waxaddict Slicksuds \u2013 to bezpieczny dla pow\u0142ok szampon do k\u00f3\u0142, kt\u00f3ry bezpiecznie usuwa brud, nie usuwaj\u0105c pow\u0142ok ceramicznych i wosk\u00f3w. Wosk Waxaddict Wheel Wax eliminuje potrzeb\u0119 stosowania ci\u0119\u017ckich \u015brodk\u00f3w do czyszczenia k\u00f3\u0142, jednak je\u015bli nadal potrzebujesz produktu do usuwania brudu i py\u0142u hamulcowego podczas czyszczenia, SlickSuds jest idealny. Wskaz\u00f3wki: Dobrze wstrz\u0105sn\u0105\u0107! Najlepiej najpierw op\u0142uka\u0107 felg\u0119.&hellip;&nbsp;<a href=\"https:\/\/liquidmaster.pl\/en\/waxaddict-slicksuds-2l-bezpieczny-dla-powlok-szampon-do-kol\/\" rel=\"bookmark\">Read More \u00bb<span class=\"screen-reader-text\">Waxaddict Slicksuds 2L - wheel shampoo safe for coatings<\/span><\/a><\/p>","protected":false},"featured_media":1844918,"comment_status":"open","ping_status":"open","template":"","meta":{"neve_meta_sidebar":"","neve_meta_container":"","neve_meta_enable_content_width":"","neve_meta_content_width":0,"neve_meta_title_alignment":"","neve_meta_author_avatar":"","neve_post_elements_order":"","neve_meta_disable_header":"","neve_meta_disable_footer":"","neve_meta_disable_title":"","_themeisle_gutenberg_block_has_review":false},"product_brand":[],"product_cat":[746,745,733],"product_tag":[378],"class_list":{"0":"post-1803118","1":"product","2":"type-product","3":"status-publish","4":"has-post-thumbnail","6":"product_cat-czyszczenie-felg","7":"product_cat-kola-i-opony","8":"product_cat-na-zewnatrz","9":"product_tag-waxaddict","11":"first","12":"instock","13":"taxable","14":"shipping-taxable","15":"purchasable","16":"product-type-simple"},"_links":{"self":[{"href":"https:\/\/liquidmaster.pl\/en\/wp-json\/wp\/v2\/product\/1803118","targetHints":{"allow":["GET"]}}],"collection":[{"href":"https:\/\/liquidmaster.pl\/en\/wp-json\/wp\/v2\/product"}],"about":[{"href":"https:\/\/liquidmaster.pl\/en\/wp-json\/wp\/v2\/types\/product"}],"replies":[{"embeddable":true,"href":"https:\/\/liquidmaster.pl\/en\/wp-json\/wp\/v2\/comments?post=1803118"}],"wp:featuredmedia":[{"embeddable":true,"href":"https:\/\/liquidmaster.pl\/en\/wp-json\/wp\/v2\/media\/1844918"}],"wp:attachment":[{"href":"https:\/\/liquidmaster.pl\/en\/wp-json\/wp\/v2\/media?parent=1803118"}],"wp:term":[{"taxonomy":"product_brand","embeddable":true,"href":"https:\/\/liquidmaster.pl\/en\/wp-json\/wp\/v2\/product_brand?post=1803118"},{"taxonomy":"product_cat","embeddable":true,"href":"https:\/\/liquidmaster.pl\/en\/wp-json\/wp\/v2\/product_cat?post=1803118"},{"taxonomy":"product_tag","embeddable":true,"href":"https:\/\/liquidmaster.pl\/en\/wp-json\/wp\/v2\/product_tag?post=1803118"}],"curies":[{"name":"wp","href":"https:\/\/api.w.org\/{rel}","templated":true}]}}