{"id":1803116,"date":"2025-03-28T01:48:13","date_gmt":"2025-03-27T23:48:13","guid":{"rendered":"https:\/\/liquidmaster.pl\/waxaddict-lustre-2l-quick-detailer-do-lakieru-z-carnauba\/"},"modified":"2026-04-20T08:01:46","modified_gmt":"2026-04-20T06:01:46","slug":"waxaddict-lustre-2l-quick-detailer-do-lakieru-z-carnauba","status":"publish","type":"product","link":"https:\/\/liquidmaster.pl\/en\/waxaddict-lustre-2l-quick-detailer-do-lakieru-z-carnauba\/","title":{"rendered":"Waxaddict Luster 2L - quick detailer for carnauba varnish"},"content":{"rendered":"<p>Waxaddict Luster \u2013 a natural carnauba emulsion in a spray that gives a beautiful, warm shine to all varnishes.<\/p>\n<p>Water-based ingredients are safe for all finishes, including matte and vinyl. The lightweight surfactants also mean it can be used as a QD to remove light dirt and fingerprints. Spray and wipe for an instant finish.<\/p>\n<p>Capacity: 2L<\/p>","protected":false},"excerpt":{"rendered":"<p>Waxaddict Lustre \u2013 naturalna emulsja carnauby w sprayu, kt\u00f3ra nadaje pi\u0119kny, ciep\u0142y po\u0142ysk wszystkim lakierom. Sk\u0142adniki na bazie wody s\u0105 bezpieczne dla wszystkich wyko\u0144cze\u0144, w tym matowych i winylowych. Lekkie \u015brodki powierzchniowo czynne oznaczaj\u0105 r\u00f3wnie\u017c, \u017ce mo\u017cna jej u\u017cywa\u0107 jako QD do usuwania lekkich zabrudze\u0144 i odcisk\u00f3w palc\u00f3w. Spryskaj i przetrzyj, aby uzyska\u0107 natychmiastowe wyko\u0144czenie.&hellip;&nbsp;<a href=\"https:\/\/liquidmaster.pl\/en\/waxaddict-lustre-2l-quick-detailer-do-lakieru-z-carnauba\/\" rel=\"bookmark\">Read More \u00bb<span class=\"screen-reader-text\">Waxaddict Luster 2L - quick detailer for carnauba varnish<\/span><\/a><\/p>","protected":false},"featured_media":1844911,"comment_status":"open","ping_status":"open","template":"","meta":{"neve_meta_sidebar":"","neve_meta_container":"","neve_meta_enable_content_width":"","neve_meta_content_width":0,"neve_meta_title_alignment":"","neve_meta_author_avatar":"","neve_post_elements_order":"","neve_meta_disable_header":"","neve_meta_disable_footer":"","neve_meta_disable_title":"","_themeisle_gutenberg_block_has_review":false},"product_brand":[],"product_cat":[733,766,788],"product_tag":[378],"class_list":{"0":"post-1803116","1":"product","2":"type-product","3":"status-publish","4":"has-post-thumbnail","6":"product_cat-na-zewnatrz","7":"product_cat-ochrona-lakieru","8":"product_cat-woski","9":"product_tag-waxaddict","11":"first","12":"instock","13":"taxable","14":"shipping-taxable","15":"purchasable","16":"product-type-simple"},"_links":{"self":[{"href":"https:\/\/liquidmaster.pl\/en\/wp-json\/wp\/v2\/product\/1803116","targetHints":{"allow":["GET"]}}],"collection":[{"href":"https:\/\/liquidmaster.pl\/en\/wp-json\/wp\/v2\/product"}],"about":[{"href":"https:\/\/liquidmaster.pl\/en\/wp-json\/wp\/v2\/types\/product"}],"replies":[{"embeddable":true,"href":"https:\/\/liquidmaster.pl\/en\/wp-json\/wp\/v2\/comments?post=1803116"}],"wp:featuredmedia":[{"embeddable":true,"href":"https:\/\/liquidmaster.pl\/en\/wp-json\/wp\/v2\/media\/1844911"}],"wp:attachment":[{"href":"https:\/\/liquidmaster.pl\/en\/wp-json\/wp\/v2\/media?parent=1803116"}],"wp:term":[{"taxonomy":"product_brand","embeddable":true,"href":"https:\/\/liquidmaster.pl\/en\/wp-json\/wp\/v2\/product_brand?post=1803116"},{"taxonomy":"product_cat","embeddable":true,"href":"https:\/\/liquidmaster.pl\/en\/wp-json\/wp\/v2\/product_cat?post=1803116"},{"taxonomy":"product_tag","embeddable":true,"href":"https:\/\/liquidmaster.pl\/en\/wp-json\/wp\/v2\/product_tag?post=1803116"}],"curies":[{"name":"wp","href":"https:\/\/api.w.org\/{rel}","templated":true}]}}