{"id":1803108,"date":"2025-03-28T01:47:22","date_gmt":"2025-03-27T23:47:22","guid":{"rendered":"https:\/\/liquidmaster.pl\/waxaddict-hydrorims-2l-wosk-ochronny-do-felg\/"},"modified":"2026-04-20T08:01:45","modified_gmt":"2026-04-20T06:01:45","slug":"waxaddict-hydrorims-2l-wosk-ochronny-do-felg","status":"publish","type":"product","link":"https:\/\/liquidmaster.pl\/en\/waxaddict-hydrorims-2l-wosk-ochronny-do-felg\/","title":{"rendered":"Waxaddict Hydrorims 2L - protective wax for rims"},"content":{"rendered":"<p>Waxaddict Hydrorims - quick and easy to use protective wheel wax, just spray after washing to add protection and shine. An effective way to apply a hydrophobic SiO2 coating that lasts between washes.<\/p>\n<p>It does not contain harmful substances, so it can be safely used on all types of rims, including polished, matte and chrome.<\/p>\n<p>Capacity: 2L<\/p>","protected":false},"excerpt":{"rendered":"<p>Waxaddict Hydrorims \u2013 szybki i \u0142atwy w u\u017cyciu wosk ochronny do k\u00f3\u0142, wystarczy spryska\u0107 po umyciu, aby doda\u0107 ochrony i po\u0142ysku. Skuteczny spos\u00f3b na zaaplikowanie pow\u0142oki hydrofobowej z SiO2, kt\u00f3ra utrzymuje si\u0119 mi\u0119dzy myciami. Nie zawiera substancji szkodliwych, wi\u0119c mo\u017cna go bezpiecznie stosowa\u0107 do wszystkich rodzaj\u00f3w felg, w tym polerowanych, matowych i chromowanych. Pojemno\u015b\u0107: 2&hellip;&nbsp;<a href=\"https:\/\/liquidmaster.pl\/en\/waxaddict-hydrorims-2l-wosk-ochronny-do-felg\/\" rel=\"bookmark\">Read More \u00bb<span class=\"screen-reader-text\">Waxaddict Hydrorims 2L - protective wax for rims<\/span><\/a><\/p>","protected":false},"featured_media":1844895,"comment_status":"open","ping_status":"open","template":"","meta":{"neve_meta_sidebar":"","neve_meta_container":"","neve_meta_enable_content_width":"","neve_meta_content_width":0,"neve_meta_title_alignment":"","neve_meta_author_avatar":"","neve_post_elements_order":"","neve_meta_disable_header":"","neve_meta_disable_footer":"","neve_meta_disable_title":"","_themeisle_gutenberg_block_has_review":false},"product_brand":[],"product_cat":[745,733,776],"product_tag":[378],"class_list":{"0":"post-1803108","1":"product","2":"type-product","3":"status-publish","4":"has-post-thumbnail","6":"product_cat-kola-i-opony","7":"product_cat-na-zewnatrz","8":"product_cat-zabezpieczanie-felg","9":"product_tag-waxaddict","11":"first","12":"instock","13":"taxable","14":"shipping-taxable","15":"purchasable","16":"product-type-simple"},"_links":{"self":[{"href":"https:\/\/liquidmaster.pl\/en\/wp-json\/wp\/v2\/product\/1803108","targetHints":{"allow":["GET"]}}],"collection":[{"href":"https:\/\/liquidmaster.pl\/en\/wp-json\/wp\/v2\/product"}],"about":[{"href":"https:\/\/liquidmaster.pl\/en\/wp-json\/wp\/v2\/types\/product"}],"replies":[{"embeddable":true,"href":"https:\/\/liquidmaster.pl\/en\/wp-json\/wp\/v2\/comments?post=1803108"}],"wp:featuredmedia":[{"embeddable":true,"href":"https:\/\/liquidmaster.pl\/en\/wp-json\/wp\/v2\/media\/1844895"}],"wp:attachment":[{"href":"https:\/\/liquidmaster.pl\/en\/wp-json\/wp\/v2\/media?parent=1803108"}],"wp:term":[{"taxonomy":"product_brand","embeddable":true,"href":"https:\/\/liquidmaster.pl\/en\/wp-json\/wp\/v2\/product_brand?post=1803108"},{"taxonomy":"product_cat","embeddable":true,"href":"https:\/\/liquidmaster.pl\/en\/wp-json\/wp\/v2\/product_cat?post=1803108"},{"taxonomy":"product_tag","embeddable":true,"href":"https:\/\/liquidmaster.pl\/en\/wp-json\/wp\/v2\/product_tag?post=1803108"}],"curies":[{"name":"wp","href":"https:\/\/api.w.org\/{rel}","templated":true}]}}