{"id":1803084,"date":"2025-03-28T01:44:22","date_gmt":"2025-03-27T23:44:22","guid":{"rendered":"https:\/\/liquidmaster.pl\/ps-brake-buster-38l\/"},"modified":"2026-04-18T04:23:35","modified_gmt":"2026-04-18T02:23:35","slug":"ps-brake-buster-38l","status":"publish","type":"product","link":"https:\/\/liquidmaster.pl\/en\/ps-brake-buster-38l\/","title":{"rendered":"P&amp;S Brake Buster 3.8L"},"content":{"rendered":"<p>P&#038;S Brake Buster \u2013 skuteczny \u015brodek do czyszczenia opon i k\u00f3\u0142<\/p>\n<p>Brake Buster firmy P&#038;S to bezkwasowy \u015brodek przeznaczony do czyszczenia k\u00f3\u0142 i opon. Dzia\u0142a szybko i efektywnie, usuwaj\u0105c py\u0142 z klock\u00f3w hamulcowych, lekk\u0105 rdz\u0119, a tak\u017ce zanieczyszczenia drogowe i \u015blady po oleju. Co wa\u017cne, roztw\u00f3r ten nie niszczy ani nie matowi delikatnych powierzchni felg. Jego formu\u0142a mocno przylega do czyszczonej powierzchni, skutecznie usuwaj\u0105c zabrudzenia. Brake Buster mo\u017ce by\u0107 u\u017cywany z narz\u0119dziami czyszcz\u0105cymi takimi jak p\u0119dzelki, g\u0105bki czy szczotki. \u0141atwo si\u0119 sp\u0142ukuje, nie pozostawiaj\u0105c smug, a zamiast tego zapewniaj\u0105c d\u0142ugotrwa\u0142y efekt. Ponadto produkt zostawia na powierzchni warstw\u0119 inhibitor\u00f3w korozji, kt\u00f3re chroni\u0105 materia\u0142 przed rdzewieniem.<\/p>\n<p>P&#038;S Wheel Cleaner \u2013 spos\u00f3b u\u017cycia i dawkowanie<\/p>\n<p>Przed u\u017cyciem brake bustera nale\u017cy zmiesza\u0107 go z wod\u0105. W zale\u017cno\u015bci od stopnia zabrudzenia stosuj rozcie\u0144czenie o proporcjach od 1:5 dla silnych zabrudze\u0144 do 1:10 w przypadku mniejszych zanieczyszcze\u0144. Korzystaj\u0105c z produktu, kieruj si\u0119 te\u017c zaleceniami producenta. Poni\u017cej znajdziesz spos\u00f3b u\u017cycia\u015brodka P&#038;S Brake Buster:<\/p>\n<li>Spryskaj czyszczon\u0105 powierzchni\u0119 produktem i pozostaw go na 1\u20132 minuty.<\/li>\n<li>U\u017cyj mi\u0119kkiej szczotki lub p\u0119dzelka detailingowego, aby zwi\u0119kszy\u0107 skuteczno\u015b\u0107 dzia\u0142ania.<\/li>\n<li>Sp\u0142ucz rozpuszczone zabrudzenia wod\u0105 pod ci\u015bnieniem. Mo\u017cesz skorzysta\u0107 z myjki ci\u015bnieniowej.<\/li>\n<li>Dok\u0142adnie osusz felgi i opony. Nie pozostawiaj ich do samoczynnego wyschni\u0119cia.<\/li>\n<p>Additional information:<\/p>\n<ul>\n<li>stosuj produkt wy\u0142\u0105cznie na zimne lub sch\u0142odzone felgi,<\/li>\n<li>nie u\u017cywaj brake bustera na s\u0142o\u0144cu,<\/li>\n<li>w czasie pracy z P&#038;S Brake Buster korzystaj z r\u0119kawiczek nitrylowych,<\/li>\n<li>capacity: 3.8 l.<\/li>\n<\/ul>\n<p>Brake Buster marki P&#038;S \u2013 dla auto detailer\u00f3w i nie tylko<\/p>\n<p>P&#038;S Brake Buster to ulubiony wyb\u00f3r profesjonalnych car detailer\u00f3w \u2013 ze wzgl\u0119du na swoj\u0105 wysok\u0105 skuteczno\u015b\u0107 i bezpiecze\u0144stwo w czyszczeniu k\u00f3\u0142 i opon. Jednak nic nie stoi na przeszkodzie, by po \u015brodek si\u0119gn\u0119li r\u00f3wnie\u017c zwykli pasjonaci, kt\u00f3rzy lubi\u0105 dba\u0107 o sw\u00f3j samoch\u00f3d. \u0141atwa aplikacja preparatu sprawia, \u017ce Brake Buster marki P&#038;S to produkt polecany zar\u00f3wno ekspertom, jak i entuzjastom motoryzacji.<\/p>\n<p>An acid-free product that safely removes accumulated brake dust, oil, dirt, stains and light corrosion from rims without damaging the delicate surface. Brake Buster Wheel Cleaner is a unique cleaning gel that adheres to the wheel surface and penetrates dirt deposits to remove them. Brake Buster contains corrosion inhibitors that deposit a thin protective layer on the rim to protect against future corrosion.<\/p>\n<p>The product is very easy to rinse and makes it very slippery when washing.\u00a0<\/p>\n<p>Remember, always use on cold or chilled rims, the product also cleans tires.<\/p>\n<p>The product can be used at a dilution of 1:5 or 1:10.<\/p>","protected":false},"excerpt":{"rendered":"<p>P&#038;S Brake Buster \u2013 skuteczny \u015brodek do czyszczenia opon i k\u00f3\u0142 Brake Buster firmy P&#038;S to bezkwasowy \u015brodek przeznaczony do czyszczenia k\u00f3\u0142 i opon. Dzia\u0142a szybko i efektywnie, usuwaj\u0105c py\u0142 z klock\u00f3w hamulcowych, lekk\u0105 rdz\u0119, a tak\u017ce zanieczyszczenia drogowe i \u015blady po oleju. Co wa\u017cne, roztw\u00f3r ten nie niszczy ani nie matowi delikatnych powierzchni felg.&hellip;&nbsp;<a href=\"https:\/\/liquidmaster.pl\/en\/ps-brake-buster-38l\/\" rel=\"bookmark\">Read More \u00bb<span class=\"screen-reader-text\">P&amp;S Brake Buster 3.8L<\/span><\/a><\/p>","protected":false},"featured_media":1844841,"comment_status":"open","ping_status":"open","template":"","meta":{"neve_meta_sidebar":"","neve_meta_container":"","neve_meta_enable_content_width":"","neve_meta_content_width":0,"neve_meta_title_alignment":"","neve_meta_author_avatar":"","neve_post_elements_order":"","neve_meta_disable_header":"","neve_meta_disable_footer":"","neve_meta_disable_title":"","_themeisle_gutenberg_block_has_review":false},"product_brand":[],"product_cat":[746,745,733],"product_tag":[341],"class_list":{"0":"post-1803084","1":"product","2":"type-product","3":"status-publish","4":"has-post-thumbnail","6":"product_cat-czyszczenie-felg","7":"product_cat-kola-i-opony","8":"product_cat-na-zewnatrz","9":"product_tag-ps-renny-doyle","11":"first","12":"instock","13":"taxable","14":"shipping-taxable","15":"purchasable","16":"product-type-simple"},"_links":{"self":[{"href":"https:\/\/liquidmaster.pl\/en\/wp-json\/wp\/v2\/product\/1803084","targetHints":{"allow":["GET"]}}],"collection":[{"href":"https:\/\/liquidmaster.pl\/en\/wp-json\/wp\/v2\/product"}],"about":[{"href":"https:\/\/liquidmaster.pl\/en\/wp-json\/wp\/v2\/types\/product"}],"replies":[{"embeddable":true,"href":"https:\/\/liquidmaster.pl\/en\/wp-json\/wp\/v2\/comments?post=1803084"}],"wp:featuredmedia":[{"embeddable":true,"href":"https:\/\/liquidmaster.pl\/en\/wp-json\/wp\/v2\/media\/1844841"}],"wp:attachment":[{"href":"https:\/\/liquidmaster.pl\/en\/wp-json\/wp\/v2\/media?parent=1803084"}],"wp:term":[{"taxonomy":"product_brand","embeddable":true,"href":"https:\/\/liquidmaster.pl\/en\/wp-json\/wp\/v2\/product_brand?post=1803084"},{"taxonomy":"product_cat","embeddable":true,"href":"https:\/\/liquidmaster.pl\/en\/wp-json\/wp\/v2\/product_cat?post=1803084"},{"taxonomy":"product_tag","embeddable":true,"href":"https:\/\/liquidmaster.pl\/en\/wp-json\/wp\/v2\/product_tag?post=1803084"}],"curies":[{"name":"wp","href":"https:\/\/api.w.org\/{rel}","templated":true}]}}