{"id":1803070,"date":"2025-03-28T01:42:23","date_gmt":"2025-03-27T23:42:23","guid":{"rendered":"https:\/\/liquidmaster.pl\/dodo-juice-supernatural-walnut-edition-250ml-naturalny-wosk-twardy\/"},"modified":"2026-04-16T01:47:39","modified_gmt":"2026-04-15T23:47:39","slug":"dodo-juice-supernatural-walnut-edition-250ml-naturalny-wosk-twardy","status":"publish","type":"product","link":"https:\/\/liquidmaster.pl\/en\/dodo-juice-supernatural-walnut-edition-250ml-naturalny-wosk-twardy\/","title":{"rendered":"Dodo Juice Supernatural Walnut Edition 250ml - natural hard wax"},"content":{"rendered":"<p>Taking our exclusive, handcrafted wooden containers to a new level, the Supernatural Walnut offers even more luxury and beauty than the standard iroko container. And like the rest of the Supernatural range, it contains no additional dyes or fragrances to ensure the wax is as clean - and effective - as possible.<\/p>\n<p>Combined with the increased amount of T1 grade carnauba contained in the gentle solvent, this means this award-winning wax has incredible optical purity. The mild solvent makes it particularly suitable for old or antique paintwork on classic cars or other sensitive paintwork. So could this be the world&#039;s best &quot;show wax&quot;?<\/p>\n<p>Regarding the durability of Supernatural Wax, we recommend using a neutral pH conditioning shampoo (at the appropriate dilution) for washing and avoiding TFR\/APC when pre-washing. This will allow a service life of 2-4 months.<\/p>\n<p>Upon release, Supernatural was warmly welcomed by the detailing community and won a number of industry awards. While hybrid waxes and sealants often steal the spotlight today, essentially natural waxes have a superior finish and are often the only safe option for applying over classic paint or PPF (paint protection film).<\/p>\n<p>*Detailing World Protection Product of the Year 2010*<br \/>\n* Fahrzeugpflegeforum.de Carwax up to EUR 150 Product of the Year 2011 *<\/p>\n<p>Please note that Dodo Juice offers a refill service for empty Supernatural containers at a reduced price (currently \u00a367 including return courier).<\/p>\n<p>Our advice:<\/p>\n<p>Put a thin layer of wax on the protected element, wait a few minutes and finish with a fluffy microfiber. The effect will be much better if we put at least two coats on the varnish.<\/p>","protected":false},"excerpt":{"rendered":"<p>Przenosz\u0105c nasze ekskluzywne, r\u0119cznie robione drewniane pojemniki na nowy poziom, Supernatural Walnut oferuje jeszcze wi\u0119cej luksusu i pi\u0119kna ni\u017c standardowy pojemnik iroko. I podobnie jak reszta serii Supernatural, nie zawiera \u017cadnych dodatkowych barwnik\u00f3w ani zapach\u00f3w, aby zapewni\u0107, \u017ce wosk jest tak czysty &#8211; i skuteczny &#8211; jak to tylko mo\u017cliwe. W po\u0142\u0105czeniu ze zwi\u0119kszon\u0105 ilo\u015bci\u0105&hellip;&nbsp;<a href=\"https:\/\/liquidmaster.pl\/en\/dodo-juice-supernatural-walnut-edition-250ml-naturalny-wosk-twardy\/\" rel=\"bookmark\">Read More \u00bb<span class=\"screen-reader-text\">Dodo Juice Supernatural Walnut Edition 250ml - natural hard wax<\/span><\/a><\/p>","protected":false},"featured_media":1844803,"comment_status":"open","ping_status":"open","template":"","meta":{"neve_meta_sidebar":"","neve_meta_container":"","neve_meta_enable_content_width":"","neve_meta_content_width":0,"neve_meta_title_alignment":"","neve_meta_author_avatar":"","neve_post_elements_order":"","neve_meta_disable_header":"","neve_meta_disable_footer":"","neve_meta_disable_title":"","_themeisle_gutenberg_block_has_review":false},"product_brand":[],"product_cat":[733,766,788],"product_tag":[288],"class_list":{"0":"post-1803070","1":"product","2":"type-product","3":"status-publish","4":"has-post-thumbnail","6":"product_cat-na-zewnatrz","7":"product_cat-ochrona-lakieru","8":"product_cat-woski","9":"product_tag-dodo-juice","11":"first","12":"outofstock","13":"taxable","14":"shipping-taxable","15":"purchasable","16":"product-type-simple"},"_links":{"self":[{"href":"https:\/\/liquidmaster.pl\/en\/wp-json\/wp\/v2\/product\/1803070","targetHints":{"allow":["GET"]}}],"collection":[{"href":"https:\/\/liquidmaster.pl\/en\/wp-json\/wp\/v2\/product"}],"about":[{"href":"https:\/\/liquidmaster.pl\/en\/wp-json\/wp\/v2\/types\/product"}],"replies":[{"embeddable":true,"href":"https:\/\/liquidmaster.pl\/en\/wp-json\/wp\/v2\/comments?post=1803070"}],"wp:featuredmedia":[{"embeddable":true,"href":"https:\/\/liquidmaster.pl\/en\/wp-json\/wp\/v2\/media\/1844803"}],"wp:attachment":[{"href":"https:\/\/liquidmaster.pl\/en\/wp-json\/wp\/v2\/media?parent=1803070"}],"wp:term":[{"taxonomy":"product_brand","embeddable":true,"href":"https:\/\/liquidmaster.pl\/en\/wp-json\/wp\/v2\/product_brand?post=1803070"},{"taxonomy":"product_cat","embeddable":true,"href":"https:\/\/liquidmaster.pl\/en\/wp-json\/wp\/v2\/product_cat?post=1803070"},{"taxonomy":"product_tag","embeddable":true,"href":"https:\/\/liquidmaster.pl\/en\/wp-json\/wp\/v2\/product_tag?post=1803070"}],"curies":[{"name":"wp","href":"https:\/\/api.w.org\/{rel}","templated":true}]}}