{"id":1803068,"date":"2025-03-28T01:42:05","date_gmt":"2025-03-27T23:42:05","guid":{"rendered":"https:\/\/liquidmaster.pl\/dodo-juice-supernatural-hybrid-100ml-wosk-z-sio2\/"},"modified":"2026-04-18T04:23:32","modified_gmt":"2026-04-18T02:23:32","slug":"dodo-juice-supernatural-hybrid-100ml-wosk-z-sio2","status":"publish","type":"product","link":"https:\/\/liquidmaster.pl\/en\/dodo-juice-supernatural-hybrid-100ml-wosk-z-sio2\/","title":{"rendered":"Dodo Juice Supernatural Hybrid 100ml \u2013 SiO2 wax"},"content":{"rendered":"<p>The award-winning Supernatural formula has been further enhanced with SiO2 ingredients to create a special &quot;nano&quot; hybrid. This combination creates a very durable show wax with exceptional hydrophobicity and excellent appearance. An additional benefit is that the wax masks minor scratches (which nano-products usually do not do). In short, you get an easy-to-use wax that provides depth of shine as well as chemical resistance.<\/p>\n<p>Included:<\/p>\n<ul>\n<li>storage bag with drawstring and full application instructions.<\/li>\n<\/ul>\n<p>Our advice:<\/p>\n<p>Put a thin layer of wax on the protected element, wait a few minutes and finish with a fluffy microfiber. The effect will be much better if we put at least two coats on the varnish.<\/p>\n<p>\u00a0<\/p><\/p>","protected":false},"excerpt":{"rendered":"<p>Wielokrotnie nagradzana formu\u0142a Supernatural zosta\u0142a jeszcze bardziej wzmocniona sk\u0142adnikami SiO2, aby stworzy\u0107 specjaln\u0105 \u201enano\u201d hybryd\u0119.\u00a0Po\u0142\u0105czenie to tworzy bardzo trwa\u0142y wosk pokazowy o wyj\u0105tkowej hydrofobowo\u015bci, doskona\u0142ym wygl\u0105dzie. Dodatkow\u0105 korzy\u015bci\u0105 jest to \u017ce wosk maskuje drobne zarysowania (czego zwykle nie robi\u0105 nanoprodukty). Kr\u00f3tko m\u00f3wi\u0105c, otrzymujesz \u0142atwy w u\u017cyciu wosk, daj\u0105cy g\u0142\u0119bi\u0119 po\u0142ysku, a tak\u017ce odporno\u015b\u0107 chemiczn\u0105. W&hellip;&nbsp;<a href=\"https:\/\/liquidmaster.pl\/en\/dodo-juice-supernatural-hybrid-100ml-wosk-z-sio2\/\" rel=\"bookmark\">Read More \u00bb<span class=\"screen-reader-text\">Dodo Juice Supernatural Hybrid 100ml \u2013 SiO2 wax<\/span><\/a><\/p>","protected":false},"featured_media":1844797,"comment_status":"open","ping_status":"open","template":"","meta":{"neve_meta_sidebar":"","neve_meta_container":"","neve_meta_enable_content_width":"","neve_meta_content_width":0,"neve_meta_title_alignment":"","neve_meta_author_avatar":"","neve_post_elements_order":"","neve_meta_disable_header":"","neve_meta_disable_footer":"","neve_meta_disable_title":"","_themeisle_gutenberg_block_has_review":false},"product_brand":[],"product_cat":[733,766,788],"product_tag":[288],"class_list":{"0":"post-1803068","1":"product","2":"type-product","3":"status-publish","4":"has-post-thumbnail","6":"product_cat-na-zewnatrz","7":"product_cat-ochrona-lakieru","8":"product_cat-woski","9":"product_tag-dodo-juice","11":"first","12":"instock","13":"taxable","14":"shipping-taxable","15":"purchasable","16":"product-type-simple"},"_links":{"self":[{"href":"https:\/\/liquidmaster.pl\/en\/wp-json\/wp\/v2\/product\/1803068","targetHints":{"allow":["GET"]}}],"collection":[{"href":"https:\/\/liquidmaster.pl\/en\/wp-json\/wp\/v2\/product"}],"about":[{"href":"https:\/\/liquidmaster.pl\/en\/wp-json\/wp\/v2\/types\/product"}],"replies":[{"embeddable":true,"href":"https:\/\/liquidmaster.pl\/en\/wp-json\/wp\/v2\/comments?post=1803068"}],"wp:featuredmedia":[{"embeddable":true,"href":"https:\/\/liquidmaster.pl\/en\/wp-json\/wp\/v2\/media\/1844797"}],"wp:attachment":[{"href":"https:\/\/liquidmaster.pl\/en\/wp-json\/wp\/v2\/media?parent=1803068"}],"wp:term":[{"taxonomy":"product_brand","embeddable":true,"href":"https:\/\/liquidmaster.pl\/en\/wp-json\/wp\/v2\/product_brand?post=1803068"},{"taxonomy":"product_cat","embeddable":true,"href":"https:\/\/liquidmaster.pl\/en\/wp-json\/wp\/v2\/product_cat?post=1803068"},{"taxonomy":"product_tag","embeddable":true,"href":"https:\/\/liquidmaster.pl\/en\/wp-json\/wp\/v2\/product_tag?post=1803068"}],"curies":[{"name":"wp","href":"https:\/\/api.w.org\/{rel}","templated":true}]}}