{"id":1803020,"date":"2025-03-28T01:35:29","date_gmt":"2025-03-27T23:35:29","guid":{"rendered":"https:\/\/liquidmaster.pl\/dodo-juice-lime-prime-100ml-lekko-scierny-cleaner-przed-aplikacja-wosku\/"},"modified":"2026-04-01T15:22:52","modified_gmt":"2026-04-01T13:22:52","slug":"dodo-juice-lime-prime-100ml-lekko-scierny-cleaner-przed-aplikacja-wosku","status":"publish","type":"product","link":"https:\/\/liquidmaster.pl\/en\/dodo-juice-lime-prime-100ml-lekko-scierny-cleaner-przed-aplikacja-wosku\/","title":{"rendered":"Dodo Juice Lime Prime 100ml \u2013 slightly abrasive cleaner before applying wax"},"content":{"rendered":"<p>A 100 ml bottle of Lime Prime is enough to polish a medium-sized car.<\/p>\n<p>Don&#039;t know what Lime Prime is or what this product does? Fear not, our intrepid customer, let us explain\u2026<\/p>\n<p>Before you use wax or selant, you can prepare the paint... cleaning and polishing agents before waxing remove dirt and hard water marks that remain after washing the car with hard water. They remove oxidation and light scratches (especially if we apply lime prime with a polishing machine), and improve the appearance of the varnish through the action of oils.<\/p>\n<p>Lime Prime won a Detailing World Polish award when it was launched in 2010. Can be applied by hand or machine with little effort. It smells like lime, if you like limes.<\/p>\n<p>Available capacities:<\/p>\n<ul>\n<li>100 ml<\/li>\n<li>500 ml<\/li>\n<\/ul>\n<p>\u00a0<\/p>\n<ul>\n<li>Critical Finish - smallest cut<\/li>\n<li>Lime Prime - medium cut<\/li>\n<li>Depth Charge - medium\/higher cut<\/li>\n<\/ul>\n<p>\u00a0<\/p><\/p>","protected":false},"excerpt":{"rendered":"<p>Butelka Lime Prime o pojemno\u015bci 100 ml wystarczy aby wypolerowa\u0107 samoch\u00f3d \u015bredniej wielko\u015bci. Nie wiesz, czym jest Lime Prime lub co robi ten produkt? Nie b\u00f3j si\u0119, nasz nieustraszony kliencie pozw\u00f3l nam wyja\u015bni\u0107 &#8230; Zanim u\u017cyjesz wosku lub selantu, mo\u017cesz przygotowa\u0107 lakier\u2026 \u015brodki czyszcz\u0105ce i poleruj\u0105ce przed woskowaniem usuwaj\u0105 brud i \u015blady po twardej wodzie&hellip;&nbsp;<a href=\"https:\/\/liquidmaster.pl\/en\/dodo-juice-lime-prime-100ml-lekko-scierny-cleaner-przed-aplikacja-wosku\/\" rel=\"bookmark\">Read More \u00bb<span class=\"screen-reader-text\">Dodo Juice Lime Prime 100ml \u2013 slightly abrasive cleaner before applying wax<\/span><\/a><\/p>","protected":false},"featured_media":1844691,"comment_status":"open","ping_status":"open","template":"","meta":{"neve_meta_sidebar":"","neve_meta_container":"","neve_meta_enable_content_width":"","neve_meta_content_width":0,"neve_meta_title_alignment":"","neve_meta_author_avatar":"","neve_post_elements_order":"","neve_meta_disable_header":"","neve_meta_disable_footer":"","neve_meta_disable_title":"","_themeisle_gutenberg_block_has_review":false},"product_brand":[],"product_cat":[820,733,808],"product_tag":[288],"class_list":{"0":"post-1803020","1":"product","2":"type-product","3":"status-publish","4":"has-post-thumbnail","6":"product_cat-cleanery-pre-wax","7":"product_cat-na-zewnatrz","8":"product_cat-przygotowanie-lakieru","9":"product_tag-dodo-juice","11":"first","12":"outofstock","13":"taxable","14":"shipping-taxable","15":"purchasable","16":"product-type-simple"},"_links":{"self":[{"href":"https:\/\/liquidmaster.pl\/en\/wp-json\/wp\/v2\/product\/1803020","targetHints":{"allow":["GET"]}}],"collection":[{"href":"https:\/\/liquidmaster.pl\/en\/wp-json\/wp\/v2\/product"}],"about":[{"href":"https:\/\/liquidmaster.pl\/en\/wp-json\/wp\/v2\/types\/product"}],"replies":[{"embeddable":true,"href":"https:\/\/liquidmaster.pl\/en\/wp-json\/wp\/v2\/comments?post=1803020"}],"wp:featuredmedia":[{"embeddable":true,"href":"https:\/\/liquidmaster.pl\/en\/wp-json\/wp\/v2\/media\/1844691"}],"wp:attachment":[{"href":"https:\/\/liquidmaster.pl\/en\/wp-json\/wp\/v2\/media?parent=1803020"}],"wp:term":[{"taxonomy":"product_brand","embeddable":true,"href":"https:\/\/liquidmaster.pl\/en\/wp-json\/wp\/v2\/product_brand?post=1803020"},{"taxonomy":"product_cat","embeddable":true,"href":"https:\/\/liquidmaster.pl\/en\/wp-json\/wp\/v2\/product_cat?post=1803020"},{"taxonomy":"product_tag","embeddable":true,"href":"https:\/\/liquidmaster.pl\/en\/wp-json\/wp\/v2\/product_tag?post=1803020"}],"curies":[{"name":"wp","href":"https:\/\/api.w.org\/{rel}","templated":true}]}}