{"id":1802984,"date":"2025-03-28T01:30:28","date_gmt":"2025-03-27T23:30:28","guid":{"rendered":"https:\/\/liquidmaster.pl\/dodo-juice-critical-finish-100ml-pasta-do-polerowania-usuwa-drobne-defekty-oraz-lekkie-zarysowania\/"},"modified":"2026-04-01T15:22:41","modified_gmt":"2026-04-01T13:22:41","slug":"dodo-juice-critical-finish-100ml-pasta-do-polerowania-usuwa-drobne-defekty-oraz-lekkie-zarysowania","status":"publish","type":"product","link":"https:\/\/liquidmaster.pl\/en\/dodo-juice-critical-finish-100ml-pasta-do-polerowania-usuwa-drobne-defekty-oraz-lekkie-zarysowania\/","title":{"rendered":"Dodo Juice Critical Finish 100ml - polishing paste, removes minor defects and light scratches"},"content":{"rendered":"<p>Critical Finish provides flawless results for final machine or hand polishing prior to waxing on softer paints.<\/p>\n<p>Thanks to the finest micro-abrasives, it provides a high gloss and low level of cut - only removes minor defects and light scratches.<\/p>\n<p>This means that a polishing problem on classic cars, Japanese cars or just the paint that you are unsure about can be solved with Critical Finish without fear of damaging the paint.<\/p>\n<p>Sure, for more of a cut, you&#039;ll want to go to Lime Prime and then Depth Charge. But for cleaning paintwork, adding shine, and removing mild blemishes before applying wax, it&#039;s perfect. It can be used by machine or by hand. It can also be used prior to the application of sealants (except nanoceramics) if your goal is finish rather than longevity.<\/p>\n<p>A 100 ml bottle is enough to polish a medium-sized car. It is perfect if you want to test its effects before purchasing a larger 500 ml bottle.<\/p>\n<p>\u00a0<\/p>\n<ul>\n<li>Critical Finish - smallest cut<\/li>\n<li>Lime Prime - medium cut<\/li>\n<li>Depth Charge - medium\/higher cut<\/li>\n<\/ul>","protected":false},"excerpt":{"rendered":"<p>Critical Finish zapewnia nieskazitelne rezultaty podczas ko\u0144cowego polerowania maszynowego lub r\u0119cznego przed woskowaniem na bardziej mi\u0119kkich lakierach. Dzi\u0119ki najdrobniejszym mikro-\u015bcierniwom, zapewnia wysoki po\u0142ysk i niski poziom ci\u0119cia &#8211; jedynie usuwa drobne defekty i lekkie zarysowania. Oznacza to, \u017ce problem z polerowaniem klasycznych samochod\u00f3w, japo\u0144skich lub po prostu lakier, co do kt\u00f3rego nie jeste\u015b pewien, mo\u017cna&hellip;&nbsp;<a href=\"https:\/\/liquidmaster.pl\/en\/dodo-juice-critical-finish-100ml-pasta-do-polerowania-usuwa-drobne-defekty-oraz-lekkie-zarysowania\/\" rel=\"bookmark\">Read More \u00bb<span class=\"screen-reader-text\">Dodo Juice Critical Finish 100ml - polishing paste, removes minor defects and light scratches<\/span><\/a><\/p>","protected":false},"featured_media":1844626,"comment_status":"open","ping_status":"open","template":"","meta":{"neve_meta_sidebar":"","neve_meta_container":"","neve_meta_enable_content_width":"","neve_meta_content_width":0,"neve_meta_title_alignment":"","neve_meta_author_avatar":"","neve_post_elements_order":"","neve_meta_disable_header":"","neve_meta_disable_footer":"","neve_meta_disable_title":"","_themeisle_gutenberg_block_has_review":false},"product_brand":[],"product_cat":[820,733,808],"product_tag":[288],"class_list":{"0":"post-1802984","1":"product","2":"type-product","3":"status-publish","4":"has-post-thumbnail","6":"product_cat-cleanery-pre-wax","7":"product_cat-na-zewnatrz","8":"product_cat-przygotowanie-lakieru","9":"product_tag-dodo-juice","11":"first","12":"outofstock","13":"taxable","14":"shipping-taxable","15":"purchasable","16":"product-type-simple"},"_links":{"self":[{"href":"https:\/\/liquidmaster.pl\/en\/wp-json\/wp\/v2\/product\/1802984","targetHints":{"allow":["GET"]}}],"collection":[{"href":"https:\/\/liquidmaster.pl\/en\/wp-json\/wp\/v2\/product"}],"about":[{"href":"https:\/\/liquidmaster.pl\/en\/wp-json\/wp\/v2\/types\/product"}],"replies":[{"embeddable":true,"href":"https:\/\/liquidmaster.pl\/en\/wp-json\/wp\/v2\/comments?post=1802984"}],"wp:featuredmedia":[{"embeddable":true,"href":"https:\/\/liquidmaster.pl\/en\/wp-json\/wp\/v2\/media\/1844626"}],"wp:attachment":[{"href":"https:\/\/liquidmaster.pl\/en\/wp-json\/wp\/v2\/media?parent=1802984"}],"wp:term":[{"taxonomy":"product_brand","embeddable":true,"href":"https:\/\/liquidmaster.pl\/en\/wp-json\/wp\/v2\/product_brand?post=1802984"},{"taxonomy":"product_cat","embeddable":true,"href":"https:\/\/liquidmaster.pl\/en\/wp-json\/wp\/v2\/product_cat?post=1802984"},{"taxonomy":"product_tag","embeddable":true,"href":"https:\/\/liquidmaster.pl\/en\/wp-json\/wp\/v2\/product_tag?post=1802984"}],"curies":[{"name":"wp","href":"https:\/\/api.w.org\/{rel}","templated":true}]}}