{"id":1802964,"date":"2025-03-28T01:27:41","date_gmt":"2025-03-27T23:27:41","guid":{"rendered":"https:\/\/liquidmaster.pl\/dodo-juice-banana-armour-150ml-trwaly-naturalny-wosk\/"},"modified":"2026-04-18T04:23:23","modified_gmt":"2026-04-18T02:23:23","slug":"dodo-juice-banana-armour-150ml-trwaly-naturalny-wosk","status":"publish","type":"product","link":"https:\/\/liquidmaster.pl\/en\/dodo-juice-banana-armour-150ml-trwaly-naturalny-wosk\/","title":{"rendered":"Dodo Juice Banana Armor 150ml - durable natural wax"},"content":{"rendered":"<p>This blend of carnauba and beeswax is a great choice if you need an easy-to-apply coating that will fill small holes and micro-scratches in your car&#039;s paint, and help keep it looking great and making cleaning less of a hassle for several months. Banana Armor will add the warmth and glow you usually only get on a trip to Chernobyl.<\/p>\n<p>Spacing between layers? About every 2-3 months if we use the car every day. In a garage-kept classic car that is used occasionally, we would probably re-wax it once a year.<\/p>\n<p>Our advice:<\/p>\n<p>Put a thin layer of wax on the protected element, wait a few minutes and finish with a fluffy microfiber. The effect will be much better if we put at least two coats on the varnish.<\/p>\n<p>Available capacities:<\/p>\n<ul>\n<li>30 ml<\/li>\n<li>150 ml<\/li>\n<\/ul>","protected":false},"excerpt":{"rendered":"<p>Ta mieszanka karnauba i wosku pszczelego to doskona\u0142y wyb\u00f3r, je\u015bli potrzebujesz \u0142atwej do na\u0142o\u017cenia pow\u0142oki, kt\u00f3ra wype\u0142ni drobne ubytki i mikrorysy na lakierze samochodu, a tak\u017ce pomo\u017ce utrzyma\u0107 wspania\u0142y wygl\u0105d i sprawi, \u017ce czyszczenie b\u0119dzie mniej k\u0142opotliwe przez kilka miesi\u0119cy. Banana Armour doda ciep\u0142a i blasku, jaki zwykle uzyskuje si\u0119 tylko podczas wycieczki do Czarnobyla.&hellip;&nbsp;<a href=\"https:\/\/liquidmaster.pl\/en\/dodo-juice-banana-armour-150ml-trwaly-naturalny-wosk\/\" rel=\"bookmark\">Read More \u00bb<span class=\"screen-reader-text\">Dodo Juice Banana Armor 150ml - durable natural wax<\/span><\/a><\/p>","protected":false},"featured_media":1844593,"comment_status":"open","ping_status":"open","template":"","meta":{"neve_meta_sidebar":"","neve_meta_container":"","neve_meta_enable_content_width":"","neve_meta_content_width":0,"neve_meta_title_alignment":"","neve_meta_author_avatar":"","neve_post_elements_order":"","neve_meta_disable_header":"","neve_meta_disable_footer":"","neve_meta_disable_title":"","_themeisle_gutenberg_block_has_review":false},"product_brand":[],"product_cat":[733,766,788],"product_tag":[288],"class_list":{"0":"post-1802964","1":"product","2":"type-product","3":"status-publish","4":"has-post-thumbnail","6":"product_cat-na-zewnatrz","7":"product_cat-ochrona-lakieru","8":"product_cat-woski","9":"product_tag-dodo-juice","11":"first","12":"outofstock","13":"taxable","14":"shipping-taxable","15":"purchasable","16":"product-type-simple"},"_links":{"self":[{"href":"https:\/\/liquidmaster.pl\/en\/wp-json\/wp\/v2\/product\/1802964","targetHints":{"allow":["GET"]}}],"collection":[{"href":"https:\/\/liquidmaster.pl\/en\/wp-json\/wp\/v2\/product"}],"about":[{"href":"https:\/\/liquidmaster.pl\/en\/wp-json\/wp\/v2\/types\/product"}],"replies":[{"embeddable":true,"href":"https:\/\/liquidmaster.pl\/en\/wp-json\/wp\/v2\/comments?post=1802964"}],"wp:featuredmedia":[{"embeddable":true,"href":"https:\/\/liquidmaster.pl\/en\/wp-json\/wp\/v2\/media\/1844593"}],"wp:attachment":[{"href":"https:\/\/liquidmaster.pl\/en\/wp-json\/wp\/v2\/media?parent=1802964"}],"wp:term":[{"taxonomy":"product_brand","embeddable":true,"href":"https:\/\/liquidmaster.pl\/en\/wp-json\/wp\/v2\/product_brand?post=1802964"},{"taxonomy":"product_cat","embeddable":true,"href":"https:\/\/liquidmaster.pl\/en\/wp-json\/wp\/v2\/product_cat?post=1802964"},{"taxonomy":"product_tag","embeddable":true,"href":"https:\/\/liquidmaster.pl\/en\/wp-json\/wp\/v2\/product_tag?post=1802964"}],"curies":[{"name":"wp","href":"https:\/\/api.w.org\/{rel}","templated":true}]}}