{"id":1802921,"date":"2025-03-28T01:21:46","date_gmt":"2025-03-27T23:21:46","guid":{"rendered":"https:\/\/liquidmaster.pl\/adbl-roller-pad-r-hard-cut-150mm-gabkowy-mocno-tnacy-pad-polerski-do-maszyn-rotacyjnych\/"},"modified":"2026-04-18T04:23:13","modified_gmt":"2026-04-18T02:23:13","slug":"adbl-roller-pad-r-hard-cut-150mm-gabkowy-mocno-tnacy-pad-polerski-do-maszyn-rotacyjnych","status":"publish","type":"product","link":"https:\/\/liquidmaster.pl\/en\/adbl-roller-pad-r-hard-cut-150mm-gabkowy-mocno-tnacy-pad-polerski-do-maszyn-rotacyjnych\/","title":{"rendered":"ADBL Roller Pad-R Hard Cut 150mm - sponge, hard-cutting polishing pad for rotary machines"},"content":{"rendered":"<p>ADBL Roller Pad-R Hard Cut \u2013 compatible with rotary machines and all types of pastes. The highest quality components and careful workmanship guarantee the maximum level of work. The diameter of the Velcro is larger than the diameter of the mounting plate, which allows for quick installation and removal of the pad. The unique diamond shape ensures maximum efficiency and safety.<\/p>\n<p>Size: 150mm<\/p>\n<p>\u00a0<\/p>","protected":false},"excerpt":{"rendered":"<p>ADBL Roller Pad-R Hard Cut \u2013 kompatybilny z maszynami rotacyjnymi oraz ka\u017cdym rodzajem past. Najwy\u017cszej jako\u015bci komponenty i\u00a0staranno\u015b\u0107 wykonania gwarantuj\u0105 maksymalny poziom pracy. \u015arednica rzepu wi\u0119ksza od \u015brednicy talerza mocuj\u0105cego umo\u017cliwia szybkie zak\u0142adanie i\u00a0zdejmowanie pada. Unikalny kszta\u0142t diamentu zapewnia maksymaln\u0105 efektywno\u015b\u0107 i\u00a0bezpiecze\u0144stwo. Rozmiar: 150 mm \u00a0<\/p>","protected":false},"featured_media":1844518,"comment_status":"open","ping_status":"open","template":"","meta":{"neve_meta_sidebar":"","neve_meta_container":"","neve_meta_enable_content_width":"","neve_meta_content_width":0,"neve_meta_title_alignment":"","neve_meta_author_avatar":"","neve_post_elements_order":"","neve_meta_disable_header":"","neve_meta_disable_footer":"","neve_meta_disable_title":"","_themeisle_gutenberg_block_has_review":false},"product_brand":[],"product_cat":[823,822,748],"product_tag":[258],"class_list":{"0":"post-1802921","1":"product","2":"type-product","3":"status-publish","4":"has-post-thumbnail","6":"product_cat-gabki-polerskie","7":"product_cat-pady-polerskie","8":"product_cat-polerowanie","9":"product_tag-adbl","11":"first","12":"instock","13":"taxable","14":"shipping-taxable","15":"purchasable","16":"product-type-simple"},"_links":{"self":[{"href":"https:\/\/liquidmaster.pl\/en\/wp-json\/wp\/v2\/product\/1802921","targetHints":{"allow":["GET"]}}],"collection":[{"href":"https:\/\/liquidmaster.pl\/en\/wp-json\/wp\/v2\/product"}],"about":[{"href":"https:\/\/liquidmaster.pl\/en\/wp-json\/wp\/v2\/types\/product"}],"replies":[{"embeddable":true,"href":"https:\/\/liquidmaster.pl\/en\/wp-json\/wp\/v2\/comments?post=1802921"}],"wp:featuredmedia":[{"embeddable":true,"href":"https:\/\/liquidmaster.pl\/en\/wp-json\/wp\/v2\/media\/1844518"}],"wp:attachment":[{"href":"https:\/\/liquidmaster.pl\/en\/wp-json\/wp\/v2\/media?parent=1802921"}],"wp:term":[{"taxonomy":"product_brand","embeddable":true,"href":"https:\/\/liquidmaster.pl\/en\/wp-json\/wp\/v2\/product_brand?post=1802921"},{"taxonomy":"product_cat","embeddable":true,"href":"https:\/\/liquidmaster.pl\/en\/wp-json\/wp\/v2\/product_cat?post=1802921"},{"taxonomy":"product_tag","embeddable":true,"href":"https:\/\/liquidmaster.pl\/en\/wp-json\/wp\/v2\/product_tag?post=1802921"}],"curies":[{"name":"wp","href":"https:\/\/api.w.org\/{rel}","templated":true}]}}