{"id":1802903,"date":"2025-03-28T01:19:11","date_gmt":"2025-03-27T23:19:11","guid":{"rendered":"https:\/\/liquidmaster.pl\/work-stuff-monster-drying-towel-recznik-do-osuszania-samochodu\/"},"modified":"2026-04-18T04:23:09","modified_gmt":"2026-04-18T02:23:09","slug":"work-stuff-monster-drying-towel-recznik-do-osuszania-samochodu","status":"publish","type":"product","link":"https:\/\/liquidmaster.pl\/en\/work-stuff-monster-drying-towel-515-gsm-91\/","title":{"rendered":"Work Stuff Monster Drying Towel - a towel for drying the car"},"content":{"rendered":"<p>Work Stuff Monster Drying Towel - a modern type of drying towel with a unique type of Korean fiber &quot;Twisted Pile&quot;. It is characterized by very high absorbency and quick-drying fiber. The dense and delicate microfiber structure does not leave scratches and is safe for any type of paint. Perfect for drying medium and large cars. High-quality fiber allows you to work without the risk of streaks on the car&#039;s paint. The towel has a laser-cut WORK STUFF logo and fabric trim on the edges.<\/p>\n<p>Main features:<\/p>\n<ul>\n<li>Size \u2013 90\u00d773 cm<\/li>\n<li>Density \u2013 515 g\/m2<\/li>\n<li>Twisted Pile Microfiber<\/li>\n<li>Quick-drying fibers<\/li>\n<li>High absorbency<\/li>\n<li>Delicate and dense microfiber<\/li>\n<li>Safe for varnish<\/li>\n<\/ul>\n<p>Comments:<br \/>\nwash the product before use<\/p>\n<p>\u00a0<\/p>","protected":false},"excerpt":{"rendered":"<p>Work Stuff Monster Drying Towel \u2013 nowoczesny rodzaj r\u0119cznika do osuszania o unikalnym rodzaju korea\u0144skiej fibry &#8222;Twisted Pile&#8221;. Charakteryzuje si\u0119 bardzo du\u017c\u0105 ch\u0142onno\u015bci\u0105 oraz szybkoschn\u0105cym w\u0142\u00f3knem. G\u0119sta i delikatna struktura mikrofibry nie pozostawia zarysowa\u0144 i jest bezpieczna dla ka\u017cdego rodzaju lakieru. Idealny do osuszania \u015brednich i du\u017cych samochod\u00f3w. Wysokiej klasy w\u0142\u00f3kno umo\u017cliwia prac\u0119 bez ryzyka&hellip;&nbsp;<a href=\"https:\/\/liquidmaster.pl\/en\/work-stuff-monster-drying-towel-515-gsm-91\/\" rel=\"bookmark\">Read More \u00bb<span class=\"screen-reader-text\">Work Stuff Monster Drying Towel - a towel for drying the car<\/span><\/a><\/p>","protected":false},"featured_media":1844483,"comment_status":"open","ping_status":"open","template":"","meta":{"neve_meta_sidebar":"","neve_meta_container":"","neve_meta_enable_content_width":"","neve_meta_content_width":0,"neve_meta_title_alignment":"","neve_meta_author_avatar":"","neve_post_elements_order":"","neve_meta_disable_header":"","neve_meta_disable_footer":"","neve_meta_disable_title":"","_themeisle_gutenberg_block_has_review":false},"product_brand":[],"product_cat":[734,733,781],"product_tag":[381],"class_list":{"0":"post-1802903","1":"product","2":"type-product","3":"status-publish","4":"has-post-thumbnail","6":"product_cat-mycie-i-osuszanie","7":"product_cat-na-zewnatrz","8":"product_cat-reczniki-do-osuszania","9":"product_tag-work-stuff","11":"first","12":"instock","13":"taxable","14":"shipping-taxable","15":"purchasable","16":"product-type-simple"},"_links":{"self":[{"href":"https:\/\/liquidmaster.pl\/en\/wp-json\/wp\/v2\/product\/1802903","targetHints":{"allow":["GET"]}}],"collection":[{"href":"https:\/\/liquidmaster.pl\/en\/wp-json\/wp\/v2\/product"}],"about":[{"href":"https:\/\/liquidmaster.pl\/en\/wp-json\/wp\/v2\/types\/product"}],"replies":[{"embeddable":true,"href":"https:\/\/liquidmaster.pl\/en\/wp-json\/wp\/v2\/comments?post=1802903"}],"wp:featuredmedia":[{"embeddable":true,"href":"https:\/\/liquidmaster.pl\/en\/wp-json\/wp\/v2\/media\/1844483"}],"wp:attachment":[{"href":"https:\/\/liquidmaster.pl\/en\/wp-json\/wp\/v2\/media?parent=1802903"}],"wp:term":[{"taxonomy":"product_brand","embeddable":true,"href":"https:\/\/liquidmaster.pl\/en\/wp-json\/wp\/v2\/product_brand?post=1802903"},{"taxonomy":"product_cat","embeddable":true,"href":"https:\/\/liquidmaster.pl\/en\/wp-json\/wp\/v2\/product_cat?post=1802903"},{"taxonomy":"product_tag","embeddable":true,"href":"https:\/\/liquidmaster.pl\/en\/wp-json\/wp\/v2\/product_tag?post=1802903"}],"curies":[{"name":"wp","href":"https:\/\/api.w.org\/{rel}","templated":true}]}}