{"id":1802865,"date":"2025-03-28T01:13:50","date_gmt":"2025-03-27T23:13:50","guid":{"rendered":"https:\/\/liquidmaster.pl\/maxifi-master-liquid-5l-supersilny-pre-spray\/"},"modified":"2026-04-21T08:00:57","modified_gmt":"2026-04-21T06:00:57","slug":"maxifi-master-liquid-5l-supersilny-pre-spray","status":"publish","type":"product","link":"https:\/\/liquidmaster.pl\/en\/maxifi-master-liquid-5l-supersilny-pre-spray\/","title":{"rendered":"Maxifi Master Liquid 5L \u2013 super strong pre-spray"},"content":{"rendered":"<p>Maxifi Master Liquid is a super-strong pre-spray that emulsifies heavy deposits of greasy dirt from carpets and upholstery. Thanks to its high pH, Master Liquid dissolves difficult, stubborn dirt even at a dilution of 1:32. Contains specially selected ingredients reinforced with the natural CITRUS POWER solvent. The TOTAL PROTECTION formula protects your equipment against corrosion and deposits.<\/p>\n<p>The product is dilutable 1:32 (3%), <\/p>\n<p>pH 12.<\/p>\n<p>\u00a0<\/p>","protected":false},"excerpt":{"rendered":"<p>Maxifi Master Liquid to supersilny pre-spray, kt\u00f3ry emulguje ci\u0119\u017ckie z\u0142ogi t\u0142ustych zabrudze\u0144 z wyk\u0142adzin i tapicerek. Dzi\u0119ki wysokiemu pH Master Liquid ju\u017c w rozcie\u0144czeniu 1:32 rozpuszcza trudne, uporczywe zabrudzenia. Zawiera specjalnie dobrane sk\u0142adniki wzmocnione naturalnym rozpuszczalnikiem CITRUS POWER. Formu\u0142a TOTAL PROTECTION chroni Tw\u00f3j sprz\u0119t przed korozj\u0105 oraz powstawaniem osad\u00f3w. Produkt jest rozcie\u0144czalny 1:32 (3%), pH&hellip;&nbsp;<a href=\"https:\/\/liquidmaster.pl\/en\/maxifi-master-liquid-5l-supersilny-pre-spray\/\" rel=\"bookmark\">Read More \u00bb<span class=\"screen-reader-text\">Maxifi Master Liquid 5L \u2013 super strong pre-spray<\/span><\/a><\/p>","protected":false},"featured_media":1844417,"comment_status":"open","ping_status":"open","template":"","meta":{"neve_meta_sidebar":"","neve_meta_container":"","neve_meta_enable_content_width":"","neve_meta_content_width":0,"neve_meta_title_alignment":"","neve_meta_author_avatar":"","neve_post_elements_order":"","neve_meta_disable_header":"","neve_meta_disable_footer":"","neve_meta_disable_title":"","_themeisle_gutenberg_block_has_review":false},"product_brand":[],"product_cat":[771,769,768],"product_tag":[321],"class_list":{"0":"post-1802865","1":"product","2":"type-product","3":"status-publish","4":"has-post-thumbnail","6":"product_cat-czyszczenie","7":"product_cat-tapicerka-i-dywaniki","8":"product_cat-wnetrze-auta","9":"product_tag-maxifi","10":"pa_promocja-promocje","12":"first","13":"instock","14":"taxable","15":"shipping-taxable","16":"purchasable","17":"product-type-simple"},"_links":{"self":[{"href":"https:\/\/liquidmaster.pl\/en\/wp-json\/wp\/v2\/product\/1802865","targetHints":{"allow":["GET"]}}],"collection":[{"href":"https:\/\/liquidmaster.pl\/en\/wp-json\/wp\/v2\/product"}],"about":[{"href":"https:\/\/liquidmaster.pl\/en\/wp-json\/wp\/v2\/types\/product"}],"replies":[{"embeddable":true,"href":"https:\/\/liquidmaster.pl\/en\/wp-json\/wp\/v2\/comments?post=1802865"}],"wp:featuredmedia":[{"embeddable":true,"href":"https:\/\/liquidmaster.pl\/en\/wp-json\/wp\/v2\/media\/1844417"}],"wp:attachment":[{"href":"https:\/\/liquidmaster.pl\/en\/wp-json\/wp\/v2\/media?parent=1802865"}],"wp:term":[{"taxonomy":"product_brand","embeddable":true,"href":"https:\/\/liquidmaster.pl\/en\/wp-json\/wp\/v2\/product_brand?post=1802865"},{"taxonomy":"product_cat","embeddable":true,"href":"https:\/\/liquidmaster.pl\/en\/wp-json\/wp\/v2\/product_cat?post=1802865"},{"taxonomy":"product_tag","embeddable":true,"href":"https:\/\/liquidmaster.pl\/en\/wp-json\/wp\/v2\/product_tag?post=1802865"}],"curies":[{"name":"wp","href":"https:\/\/api.w.org\/{rel}","templated":true}]}}