{"id":1802863,"date":"2025-03-28T01:13:34","date_gmt":"2025-03-27T23:13:34","guid":{"rendered":"https:\/\/liquidmaster.pl\/manufaktura-wosku-heisenberg-qd-gruszka-5l-preparat-do-szybkiego-odswiezenia-lakieru\/"},"modified":"2026-04-18T04:22:58","modified_gmt":"2026-04-18T02:22:58","slug":"manufaktura-wosku-heisenberg-qd-gruszka-5l-preparat-do-szybkiego-odswiezenia-lakieru","status":"publish","type":"product","link":"https:\/\/liquidmaster.pl\/en\/manufaktura-wosku-heisenberg-qd-gruszka-5l-preparat-do-szybkiego-odswiezenia-lakieru\/","title":{"rendered":"Wax Manufaktura Heisenberg QD Pear 5L - preparation for quick refreshment of the varnish"},"content":{"rendered":"<p>Heisenberg Wax Manufaktura QD - polymer quick detailer. Provides safe and quick dust removal, gloss, slippery and color depth. Gives strong hydrophobic properties. Helpful in fixing or supplementing previously applied wax \/ coating. You can also use it on the windows together with the front one. Work with the product is made more pleasant by the pear smell.<\/p>\n<p>Usage:<\/p>\n<ul>\n<li>On dry varnish: apply a small amount of the preparation with a sprayer on a microfiber and work it out on the element.<\/li>\n<li>On wet paint: spray the car evenly with the product and rinse thoroughly with water from a pressure washer.<\/li>\n<\/ul>\n<p>Do not use on hot varnish. Durability up to 2 months.<\/p>\n<p>The color and smell of the product may change under the influence of temperature and exposure to sunlight, without losing its properties.<\/p>\n<p>Available capacities:<\/p>\n<ul>\n<li>500 ml<\/li>\n<li>5 years<\/li>\n<\/ul>","protected":false},"excerpt":{"rendered":"<p>Manufaktura Wosku Heisenberg QD \u2013 polimerowy quick detailer. Zapewnia bezpiecznie i szybkie usuni\u0119cie kurzu, nab\u0142yszczenie, \u015blisko\u015b\u0107 i g\u0142\u0119bie koloru. Nadaje silne w\u0142a\u015bciwo\u015bci hydrofobowe. Pomocny w utrwaleniu lub uzupe\u0142nieniu uprzednio aplikowanego wosku \/ pow\u0142oki. Mo\u017cna tak\u017ce u\u017cywa\u0107 na szyby wraz z frontow\u0105. Prac\u0119 z produktem umila gruszkowy zapach. Spos\u00f3b u\u017cycia: Na suchy lakier: nanie\u015b\u0107 niewielk\u0105 ilo\u015b\u0107&hellip;&nbsp;<a href=\"https:\/\/liquidmaster.pl\/en\/manufaktura-wosku-heisenberg-qd-gruszka-5l-preparat-do-szybkiego-odswiezenia-lakieru\/\" rel=\"bookmark\">Read More \u00bb<span class=\"screen-reader-text\">Wax Manufaktura Heisenberg QD Pear 5L - preparation for quick refreshment of the varnish<\/span><\/a><\/p>","protected":false},"featured_media":1844411,"comment_status":"open","ping_status":"open","template":"","meta":{"neve_meta_sidebar":"","neve_meta_container":"","neve_meta_enable_content_width":"","neve_meta_content_width":0,"neve_meta_title_alignment":"","neve_meta_author_avatar":"","neve_post_elements_order":"","neve_meta_disable_header":"","neve_meta_disable_footer":"","neve_meta_disable_title":"","_themeisle_gutenberg_block_has_review":false},"product_brand":[],"product_cat":[733,766,767],"product_tag":[318],"class_list":{"0":"post-1802863","1":"product","2":"type-product","3":"status-publish","4":"has-post-thumbnail","6":"product_cat-na-zewnatrz","7":"product_cat-ochrona-lakieru","8":"product_cat-quick-detailery","9":"product_tag-manufaktura-wosku","10":"pa_promocja-promocje","12":"first","13":"outofstock","14":"sale","15":"taxable","16":"shipping-taxable","17":"purchasable","18":"product-type-simple"},"_links":{"self":[{"href":"https:\/\/liquidmaster.pl\/en\/wp-json\/wp\/v2\/product\/1802863","targetHints":{"allow":["GET"]}}],"collection":[{"href":"https:\/\/liquidmaster.pl\/en\/wp-json\/wp\/v2\/product"}],"about":[{"href":"https:\/\/liquidmaster.pl\/en\/wp-json\/wp\/v2\/types\/product"}],"replies":[{"embeddable":true,"href":"https:\/\/liquidmaster.pl\/en\/wp-json\/wp\/v2\/comments?post=1802863"}],"wp:featuredmedia":[{"embeddable":true,"href":"https:\/\/liquidmaster.pl\/en\/wp-json\/wp\/v2\/media\/1844411"}],"wp:attachment":[{"href":"https:\/\/liquidmaster.pl\/en\/wp-json\/wp\/v2\/media?parent=1802863"}],"wp:term":[{"taxonomy":"product_brand","embeddable":true,"href":"https:\/\/liquidmaster.pl\/en\/wp-json\/wp\/v2\/product_brand?post=1802863"},{"taxonomy":"product_cat","embeddable":true,"href":"https:\/\/liquidmaster.pl\/en\/wp-json\/wp\/v2\/product_cat?post=1802863"},{"taxonomy":"product_tag","embeddable":true,"href":"https:\/\/liquidmaster.pl\/en\/wp-json\/wp\/v2\/product_tag?post=1802863"}],"curies":[{"name":"wp","href":"https:\/\/api.w.org\/{rel}","templated":true}]}}