{"id":1802822,"date":"2025-03-28T01:07:25","date_gmt":"2025-03-27T23:07:25","guid":{"rendered":"https:\/\/liquidmaster.pl\/soft99-water-block-super-splash-dark-wosk-o-wysokiej-hydrofobowosci\/"},"modified":"2026-04-20T08:00:51","modified_gmt":"2026-04-20T06:00:51","slug":"soft99-water-block-super-splash-dark-wosk-o-wysokiej-hydrofobowosci","status":"publish","type":"product","link":"https:\/\/liquidmaster.pl\/en\/soft99-water-block-super-splash-dark-wosk-o-wysokiej-hydrofobowosci\/","title":{"rendered":"Soft99 Water Block Super Splash Dark - wax with high hydrophobicity"},"content":{"rendered":"<p>Hydrophobicity or maybe water shedding? Water Block broadens horizons and even blocks water! Wax developed to provide EXTREME hydrophobicity. The unique formula based on waxes and silicone polymers allows water to be quickly removed from the paint, which effectively reduces the adhesion of dirt and makes it much easier to keep the car clean.<\/p>\n<p>Water Block is characterized by easy application and good durability. In addition, it gives the varnish shine, hides minor imperfections and provides effective protection!<\/p>\n<p>Usage:<\/p>\n<p>*Before use, make sure that the preparation is suitable for the given paint color.<\/p>\n<li>Prepare your car by washing it thoroughly with neutral pH shampoo, drying it, and disinfecting the surface using clay, cleaners, or other similar products.<\/li>\n<li>Apply the wax to the included sponge by lightly rubbing it into the wax after opening the can.<\/li>\n<li>Spread the wax onto the paint thinly and evenly, panel by panel, in criss-cross movements.<\/li>\n<li>Wait until a visible white residue appears on the paint.<\/li>\n<li>Polish the residue with a clean and dry microfiber cloth.<\/li>","protected":false},"excerpt":{"rendered":"<p>Hydrofobowo\u015b\u0107, a mo\u017ce zrzut wody? Water Block poszerza horyzonty, i wr\u0119cz blokuje wod\u0119! Wosk opracowany z my\u015bl\u0105 o zapewnieniu EKSTREMALNEJ hydrofobowo\u015bci. Unikalna formu\u0142a oparta o woski i polimery silikonowe pozwala w b\u0142yskawicznym tempie odprowadza\u0107 wod\u0119 z lakieru, co skutecznie ogranicza przywieranie brudu i znacznie u\u0142atwia utrzymanie auta w czysto\u015bci. Water Block charakteryzuje si\u0119 \u0142atw\u0105 aplikacj\u0105,&hellip;&nbsp;<a href=\"https:\/\/liquidmaster.pl\/en\/soft99-water-block-super-splash-dark-wosk-o-wysokiej-hydrofobowosci\/\" rel=\"bookmark\">Read More \u00bb<span class=\"screen-reader-text\">Soft99 Water Block Super Splash Dark - wax with high hydrophobicity<\/span><\/a><\/p>","protected":false},"featured_media":1844341,"comment_status":"open","ping_status":"open","template":"","meta":{"neve_meta_sidebar":"","neve_meta_container":"","neve_meta_enable_content_width":"","neve_meta_content_width":0,"neve_meta_title_alignment":"","neve_meta_author_avatar":"","neve_post_elements_order":"","neve_meta_disable_header":"","neve_meta_disable_footer":"","neve_meta_disable_title":"","_themeisle_gutenberg_block_has_review":false},"product_brand":[],"product_cat":[733,766,788],"product_tag":[362],"class_list":{"0":"post-1802822","1":"product","2":"type-product","3":"status-publish","4":"has-post-thumbnail","6":"product_cat-na-zewnatrz","7":"product_cat-ochrona-lakieru","8":"product_cat-woski","9":"product_tag-soft99","11":"first","12":"outofstock","13":"taxable","14":"shipping-taxable","15":"purchasable","16":"product-type-simple"},"_links":{"self":[{"href":"https:\/\/liquidmaster.pl\/en\/wp-json\/wp\/v2\/product\/1802822","targetHints":{"allow":["GET"]}}],"collection":[{"href":"https:\/\/liquidmaster.pl\/en\/wp-json\/wp\/v2\/product"}],"about":[{"href":"https:\/\/liquidmaster.pl\/en\/wp-json\/wp\/v2\/types\/product"}],"replies":[{"embeddable":true,"href":"https:\/\/liquidmaster.pl\/en\/wp-json\/wp\/v2\/comments?post=1802822"}],"wp:featuredmedia":[{"embeddable":true,"href":"https:\/\/liquidmaster.pl\/en\/wp-json\/wp\/v2\/media\/1844341"}],"wp:attachment":[{"href":"https:\/\/liquidmaster.pl\/en\/wp-json\/wp\/v2\/media?parent=1802822"}],"wp:term":[{"taxonomy":"product_brand","embeddable":true,"href":"https:\/\/liquidmaster.pl\/en\/wp-json\/wp\/v2\/product_brand?post=1802822"},{"taxonomy":"product_cat","embeddable":true,"href":"https:\/\/liquidmaster.pl\/en\/wp-json\/wp\/v2\/product_cat?post=1802822"},{"taxonomy":"product_tag","embeddable":true,"href":"https:\/\/liquidmaster.pl\/en\/wp-json\/wp\/v2\/product_tag?post=1802822"}],"curies":[{"name":"wp","href":"https:\/\/api.w.org\/{rel}","templated":true}]}}