{"id":1802811,"date":"2025-03-28T01:05:46","date_gmt":"2025-03-27T23:05:46","guid":{"rendered":"https:\/\/liquidmaster.pl\/unilite-il-175r-kieszonkowa-latarka-inspekcyjna-typu-slim-175-lumenow\/"},"modified":"2026-04-19T03:08:39","modified_gmt":"2026-04-19T01:08:39","slug":"unilite-il-175r-kieszonkowa-latarka-inspekcyjna-typu-slim-175-lumenow","status":"publish","type":"product","link":"https:\/\/liquidmaster.pl\/en\/unilite-il-175r-kieszonkowa-latarka-inspekcyjna-typu-slim-175-lumenow\/","title":{"rendered":"Unilite IL-175R Pocket SLIM inspection flashlight 175 lumens"},"content":{"rendered":"<p style=\"margin: 0pt; text-align: justify;\">Unilite IL-175R<\/p>\n<p style=\"margin: 0pt; text-align: justify;\">Pocket SLIM inspection flashlight equipped with 3 diodes: front 175 lumens COB LED, rear 150 lumens COB LED and top 70 lumens SMD LED. The very slim and compact design of the lamp allows inspection in the most inaccessible workplaces. The IL-175R flashlight has a foldable body, so it fits perfectly in your pocket. Very strong magnets in the base and back of the housing allow you to attach it to any metal surface. The device is dustproof according to IP20 standards. The flashlight is equipped with fast USB Type-C 1A charging.<\/p>\n<p style=\"margin: 0pt; text-align: left;\">\u00a0<\/p>\n<p style=\"margin: 0pt; text-align: left;\">Lamp operation:<\/p>\n<p style=\"margin: 0pt; text-align: left;\">sequence: top light 70 lumen &gt; front light 75 lumen &gt; front light 175 lumen &gt; rear light 150 lumen &gt; off<\/p>\n<p style=\"margin: 0pt; text-align: left;\">\u00a0<\/p>\n<ul>\n<li>power type rechargeable battery<\/li>\n<\/ul>","protected":false},"excerpt":{"rendered":"<p>Unilite IL-175R Kieszonkowa latarka inspekcyjna typu SLIM wyposa\u017cona w 3 diody: przedni\u0105 175 lumen\u00f3w COB LED, tylni\u0105 150 lumen\u00f3w COB LED i g\u00f3rn\u0105 70 lumen\u00f3w SMD LED. Bardzo smuk\u0142a i kompaktowa konstrukcja lampy umo\u017cliwia inspekcj\u0119 w najbardziej niedost\u0119pnych miejscach pracy. Latarka IL-175R posiada rozk\u0142adany korpus, przez co po idealnie mie\u015bci si\u0119 w kieszeni. Bardzo mocne&hellip;&nbsp;<a href=\"https:\/\/liquidmaster.pl\/en\/unilite-il-175r-kieszonkowa-latarka-inspekcyjna-typu-slim-175-lumenow\/\" rel=\"bookmark\">Read More \u00bb<span class=\"screen-reader-text\">Unilite IL-175R Pocket SLIM inspection flashlight 175 lumens<\/span><\/a><\/p>","protected":false},"featured_media":1844325,"comment_status":"open","ping_status":"open","template":"","meta":{"neve_meta_sidebar":"","neve_meta_container":"","neve_meta_enable_content_width":"","neve_meta_content_width":0,"neve_meta_title_alignment":"","neve_meta_author_avatar":"","neve_post_elements_order":"","neve_meta_disable_header":"","neve_meta_disable_footer":"","neve_meta_disable_title":"","_themeisle_gutenberg_block_has_review":false},"product_brand":[],"product_cat":[749,827,748],"product_tag":[373],"class_list":{"0":"post-1802811","1":"product","2":"type-product","3":"status-publish","4":"has-post-thumbnail","6":"product_cat-akcesoria-polerskie","7":"product_cat-lampy-inspekcyjne","8":"product_cat-polerowanie","9":"product_tag-unilite","11":"first","12":"instock","13":"taxable","14":"shipping-taxable","15":"purchasable","16":"product-type-simple"},"_links":{"self":[{"href":"https:\/\/liquidmaster.pl\/en\/wp-json\/wp\/v2\/product\/1802811","targetHints":{"allow":["GET"]}}],"collection":[{"href":"https:\/\/liquidmaster.pl\/en\/wp-json\/wp\/v2\/product"}],"about":[{"href":"https:\/\/liquidmaster.pl\/en\/wp-json\/wp\/v2\/types\/product"}],"replies":[{"embeddable":true,"href":"https:\/\/liquidmaster.pl\/en\/wp-json\/wp\/v2\/comments?post=1802811"}],"wp:featuredmedia":[{"embeddable":true,"href":"https:\/\/liquidmaster.pl\/en\/wp-json\/wp\/v2\/media\/1844325"}],"wp:attachment":[{"href":"https:\/\/liquidmaster.pl\/en\/wp-json\/wp\/v2\/media?parent=1802811"}],"wp:term":[{"taxonomy":"product_brand","embeddable":true,"href":"https:\/\/liquidmaster.pl\/en\/wp-json\/wp\/v2\/product_brand?post=1802811"},{"taxonomy":"product_cat","embeddable":true,"href":"https:\/\/liquidmaster.pl\/en\/wp-json\/wp\/v2\/product_cat?post=1802811"},{"taxonomy":"product_tag","embeddable":true,"href":"https:\/\/liquidmaster.pl\/en\/wp-json\/wp\/v2\/product_tag?post=1802811"}],"curies":[{"name":"wp","href":"https:\/\/api.w.org\/{rel}","templated":true}]}}