{"id":1802809,"date":"2025-03-28T01:05:28","date_gmt":"2025-03-27T23:05:28","guid":{"rendered":"https:\/\/liquidmaster.pl\/unilite-fl-11r-latarka-1100-lumenow\/"},"modified":"2026-04-18T04:22:46","modified_gmt":"2026-04-18T02:22:46","slug":"unilite-fl-11r-latarka-1100-lumenow","status":"publish","type":"product","link":"https:\/\/liquidmaster.pl\/en\/unilite-fl-11r-latarka-1100-lumenow\/","title":{"rendered":"Unilite FL-11R flashlight 1100 lumens"},"content":{"rendered":"<p style=\"margin: 0pt; text-align: left;\">Unilite FL-11<\/p>\n<p style=\"margin: 0pt; text-align: left;\">Profesjonalna latarka wyposa\u017cona w diod\u0119 CREE\u00ae LED, kt\u00f3ra zapewnia bardzo jasny strumie\u0144 o mocy 1100 lumen\u00f3w. Solidna konstrukcja zosta\u0142a wykonana z anydowazynego aluminium. Latarka jest wodoszczelna i py\u0142oodporna wed\u0142ug standard\u00f3w IP67. Mocna bateria litowo-jonowa o pojemno\u015bci 2600mAh umo\u017cliwia prac\u0119 nawet do 80 godzin na jednym \u0142adowaniu. W zestawie znajduje si\u0119 nylonowa kabura na latark\u0119 i pasek na nadgarstek.<\/p>\n<p style=\"margin: 0pt; text-align: left;\">\u00a0<\/p>\n<p style=\"margin: 0pt; text-align: left;\">Cechy:<\/p>\n<p style=\"margin: 0pt; text-align: left;\">\u2022 1100 lumen\u00f3w, bia\u0142a dioda CREE\u00ae LED<\/p>\n<p style=\"margin: 0pt; text-align: left;\">\u2022 Twarda, anodowana matowa obudowa z aluminium<\/p>\n<p style=\"margin: 0pt; text-align: left;\">\u2022 Gumowy przycisk sterowania<\/p>\n<p style=\"margin: 0pt; text-align: left;\">\u2022 3 tryby \u015bwiecenia + stroboskop 8 Hz<\/p>\n<p style=\"margin: 0pt; text-align: left;\">\u2022 G\u0142adki odb\u0142y\u015bnik umoz\u0307liwiaja\u0328cy daleki zasie\u0328g latarki<\/p>\n<p style=\"margin: 0pt; text-align: left;\">\u2022 Odporno\u015b\u0107 na kurz i wode\u0328 IP67 &#8211; zanurzenie 1 m<\/p>\n<p style=\"margin: 0pt; text-align: left;\">\u2022 Odporno\u015b\u0107 na upadek &#8211; 1 m<\/p>\n<p style=\"margin: 0pt; text-align: left;\">\u2022 Wbudowana gumowa os\u0142ona \u0142adowania USB<\/p>\n<p style=\"margin: 0pt; text-align: left;\">\u2022 Szybkie \u0142adowanie 1A micro-USB &#8211; 4 godziny \u0142adowania<\/p>\n<p style=\"margin: 0pt; text-align: left;\">\u2022 Kabel 1A micro-USB 1 m w zestawie<\/p>\n<p style=\"margin: 0pt; text-align: left;\">\u2022 Nylonowa kabura na rzep, pasek na nadgarstek<\/p>\n<p style=\"margin: 0pt; text-align: left;\">\u00a0<\/p>\n<p style=\"margin: 0pt; text-align: justify;\">\u00a0<\/p>\n<tr style=\"height: 22.65pt;\">\n<p style=\"margin: 0pt; text-align: center; background-color: rgb(0, 0, 0);\">DANE TECHNICZNE<\/p>\n<\/tr>\n<tr style=\"height: 22.65pt;\">\n<p style=\"margin: 0pt; text-align: left;\">\u017ar\u00f3d\u0142o \u015bwiat\u0142a<\/p>\n<p style=\"margin: 0pt; text-align: center;\">CREE\u00ae LED<\/p>\n<\/tr>\n<tr style=\"height: 22.65pt;\">\n<p style=\"margin: 0pt; text-align: left;\">moc \u015bwiat\u0142a \u00a0[lm]<\/p>\n<p style=\"margin: 0pt; text-align: center;\">1100\/420\/40<\/p>\n<p style=\"margin: 0pt; text-align: center;\">(tryb 1\/tryb 2\/tryb 3)<\/p>\n<\/tr>\n<tr style=\"height: 22.65pt;\">\n<p style=\"margin: 0pt; text-align: left;\">kolor diody<\/p>\n<p style=\"margin: 0pt; text-align: center;\">bia\u0142a<\/p>\n<\/tr>\n<tr style=\"height: 22.65pt;\">\n<p style=\"margin: 0pt; text-align: left;\">tryb stroboskopu<\/p>\n<p style=\"margin: 0pt; text-align: center;\">\u221a<\/p>\n<\/tr>\n<tr style=\"height: 22.65pt;\">\n<p style=\"margin: 0pt; text-align: left;\">rodzaj akumulatora<\/p>\n<p style=\"margin: 0pt; text-align: center;\">2600 \/ litowo-jonowy<\/p>\n<\/tr>\n<tr style=\"height: 22.65pt;\">\n<p style=\"margin: 0pt; text-align: left;\">czas pracy \u00a0[h]<\/p>\n<p style=\"margin: 0pt; text-align: center;\">4-80<\/p>\n<\/tr>\n<tr style=\"height: 22.65pt;\">\n<p style=\"margin: 0pt; text-align: left;\">zakres temperatur otoczenia pracy [\u00baC]<\/p>\n<p style=\"margin: 0pt; text-align: center;\">-10 \u00a0+40<\/p>\n<\/tr>\n<tr style=\"height: 22.65pt;\">\n<p style=\"margin: 0pt; text-align: left;\">stopie\u0144 ochrony<\/p>\n<p style=\"margin: 0pt; text-align: center;\">IP67<\/p>\n<\/tr>\n<tr style=\"height: 22.65pt;\">\n<p style=\"margin: 0pt; text-align: left;\">wytrzyma\u0142o\u015b\u0107 mechaniczna urz\u0105dzenia<\/p>\n<p style=\"margin: 0pt; text-align: center;\">IK07<\/p>\n<\/tr>\n<tr style=\"height: 22.65pt;\">\n<p style=\"margin: 0pt; text-align: left;\">wymiary \u00a0[mm]<\/p>\n<p style=\"margin: 0pt; text-align: center;\">139x38x38<\/p>\n<\/tr>\n<tr style=\"height: 22.65pt;\">\n<p style=\"margin: 0pt; text-align: left;\">waga [g]<\/p>\n<p style=\"margin: 0pt; text-align: center;\">229<\/p>\n<\/tr>\n<p style=\"margin: 0pt; text-align: left;\">\u00a0<\/p>\n","protected":false},"excerpt":{"rendered":"<p>Unilite FL-11 Professional flashlight equipped with a CREE\u00ae LED that provides a very bright beam of 1,100 lumens. The solid construction is made of anodized aluminum. The flashlight is waterproof and dustproof according to IP67 standards. A powerful lithium-ion battery with a capacity of 2600mAh allows operation for up to 80 hours on a single charge. The set includes a nylon holster for\u2026&nbsp;<a href=\"https:\/\/liquidmaster.pl\/en\/unilite-fl-11r-latarka-1100-lumenow\/\" rel=\"bookmark\">Read More \u00bb<span class=\"screen-reader-text\">Unilite FL-11R flashlight 1100 lumens<\/span><\/a><\/p>","protected":false},"featured_media":1844323,"comment_status":"open","ping_status":"open","template":"","meta":{"neve_meta_sidebar":"","neve_meta_container":"","neve_meta_enable_content_width":"","neve_meta_content_width":0,"neve_meta_title_alignment":"","neve_meta_author_avatar":"","neve_post_elements_order":"","neve_meta_disable_header":"","neve_meta_disable_footer":"","neve_meta_disable_title":"","_themeisle_gutenberg_block_has_review":false},"product_brand":[],"product_cat":[749,827,748],"product_tag":[373],"class_list":{"0":"post-1802809","1":"product","2":"type-product","3":"status-publish","4":"has-post-thumbnail","6":"product_cat-akcesoria-polerskie","7":"product_cat-lampy-inspekcyjne","8":"product_cat-polerowanie","9":"product_tag-unilite","11":"first","12":"outofstock","13":"taxable","14":"shipping-taxable","15":"purchasable","16":"product-type-simple"},"_links":{"self":[{"href":"https:\/\/liquidmaster.pl\/en\/wp-json\/wp\/v2\/product\/1802809","targetHints":{"allow":["GET"]}}],"collection":[{"href":"https:\/\/liquidmaster.pl\/en\/wp-json\/wp\/v2\/product"}],"about":[{"href":"https:\/\/liquidmaster.pl\/en\/wp-json\/wp\/v2\/types\/product"}],"replies":[{"embeddable":true,"href":"https:\/\/liquidmaster.pl\/en\/wp-json\/wp\/v2\/comments?post=1802809"}],"wp:featuredmedia":[{"embeddable":true,"href":"https:\/\/liquidmaster.pl\/en\/wp-json\/wp\/v2\/media\/1844323"}],"wp:attachment":[{"href":"https:\/\/liquidmaster.pl\/en\/wp-json\/wp\/v2\/media?parent=1802809"}],"wp:term":[{"taxonomy":"product_brand","embeddable":true,"href":"https:\/\/liquidmaster.pl\/en\/wp-json\/wp\/v2\/product_brand?post=1802809"},{"taxonomy":"product_cat","embeddable":true,"href":"https:\/\/liquidmaster.pl\/en\/wp-json\/wp\/v2\/product_cat?post=1802809"},{"taxonomy":"product_tag","embeddable":true,"href":"https:\/\/liquidmaster.pl\/en\/wp-json\/wp\/v2\/product_tag?post=1802809"}],"curies":[{"name":"wp","href":"https:\/\/api.w.org\/{rel}","templated":true}]}}