{"id":1802807,"date":"2025-03-28T01:05:12","date_gmt":"2025-03-27T23:05:12","guid":{"rendered":"https:\/\/liquidmaster.pl\/rupes-ibrid-nano-short-neck-hr81m-lux-mala-polerka-samochodowa-do-trudno-dostepnych-miejsc\/"},"modified":"2026-04-18T04:22:45","modified_gmt":"2026-04-18T02:22:45","slug":"rupes-ibrid-nano-short-neck-hr81m-lux-mala-polerka-samochodowa-do-trudno-dostepnych-miejsc","status":"publish","type":"product","link":"https:\/\/liquidmaster.pl\/en\/rupes-ibrid-nano-short-neck-hr81m-lux-mala-polerka-samochodowa-do-trudno-dostepnych-miejsc\/","title":{"rendered":"Rupes iBrid Nano Short Neck HR81M LUX - a small car polisher for hard-to-reach places"},"content":{"rendered":"<p>Rupes iBrid Nano Short Neck HR81M - the latest iBrid Nano Long Neck polisher is an extremely small and handy device, powered by batteries or traditionally with a cable. Two batteries included in the set allow for continuous operation, as 20 minutes of charging the battery allows for 30 minutes of operation. The polisher allows you to quickly and easily switch between rotation and a 3 mm or 12 mm orbit. This allows for polishing, grinding and cleaning of hard-to-reach places. Rupes BigFoot iBrid Nano will work wherever traditional polishing machines cannot reach.<\/p>\n<p>Characteristics:<\/p>\n<ul>\n<li>soft start<\/li>\n<li>T-Loc Systainer<\/li>\n<li>speed regulation<\/li>\n<li>overload protection<\/li>\n<li>does not leave holograms on polished surfaces<\/li>\n<li>30 minutes of battery life<\/li>\n<li>3in1 rotary polisher, orbital 3 mm or 12 mm<\/li>\n<li>LED battery charge indicator<\/li>\n<\/ul>\n<p>Application:<\/p>\n<p>Rotary movement:<\/p>\n<ul>\n<li>quick paint corrections on edges and profiles using a \u00f830 mm working disc<\/li>\n<li>cleaning and brushing using special accessories<\/li>\n<\/ul>\n<p>3 mm oscillating-rotating movement:<\/p>\n<ul>\n<li>micro-grinding and removal of small inclusions in the paint<\/li>\n<li>ultra high gloss polishing<\/li>\n<\/ul>\n<p>12 mm oscillating-rotating movement:<\/p>\n<ul>\n<li>paint correction and high gloss polishing<\/li>\n<\/ul>\n<p>The LUX set includes:<\/p>\n<ul>\n<li>iBrid Long Short Neck HR81M electric polisher<\/li>\n<li>T-LOC systainer<\/li>\n<li>battery charger<\/li>\n<li>batteries \u2013 2 pcs.<\/li>\n<li>mains power adapter<\/li>\n<li>DA COARSE polishing sponge 34-40 mm \u2013 6 pcs.<\/li>\n<li>DA FINE polishing sponge 34-40 mm \u2013 6 pcs.<\/li>\n<li>DA COARSE polishing sponge 50-70 mm \u2013 4 pcs.<\/li>\n<li>DA FINE polishing sponge 50-70 mm \u2013 4 pcs.<\/li>\n<li>DA COARSE polishing paste 250 ml<\/li>\n<li>DA FINE polishing paste 250 ml<\/li>\n<li>rotation tip<\/li>\n<li>tip with 3 mm oscillation<\/li>\n<li>12 mm oscillating tip<\/li>\n<li>polishing pad 34 mm<\/li>\n<li>polishing pad 50 mm<\/li>\n<li>34 mm sanding pad<\/li>\n<li>horsehair brush<\/li>\n<li>nylon brush<\/li>\n<li>P2000 abrasive discs \u2013 10 pcs.<\/li>\n<li>P3000 abrasive discs \u2013 10 pcs.<\/li>\n<li>DA SYSTEM blue microfiber<\/li>\n<li>DA SYSTEM yellow microfiber<\/li>\n<\/ul>\n<p>\u00a0<\/p><\/p>","protected":false},"excerpt":{"rendered":"<p>Rupes iBrid Nano Short Neck HR81M \u2013 najnowsza polerka iBrid Nano Long Neck to niezwykle ma\u0142e i por\u0119czne urz\u0105dzenie, zasilane bateriami lub tradycyjnie kablem. Dwie baterie do\u0142\u0105czone do zestawu pozwalaj\u0105 na ci\u0105g\u0142\u0105 prac\u0119, gdy\u017c 20 minut \u0142adowania baterii pozwala na 30 minut pracy.\u00a0 Polerka daje mo\u017cliwo\u015b\u0107 szybkiego i \u0142atwego prze\u0142\u0105czania pomi\u0119dzy ruchem obrotowym oraz orbit\u0105&hellip;&nbsp;<a href=\"https:\/\/liquidmaster.pl\/en\/rupes-ibrid-nano-short-neck-hr81m-lux-mala-polerka-samochodowa-do-trudno-dostepnych-miejsc\/\" rel=\"bookmark\">Read More \u00bb<span class=\"screen-reader-text\">Rupes iBrid Nano Short Neck HR81M LUX - a small car polisher for hard-to-reach places<\/span><\/a><\/p>","protected":false},"featured_media":1844317,"comment_status":"open","ping_status":"open","template":"","meta":{"neve_meta_sidebar":"","neve_meta_container":"","neve_meta_enable_content_width":"","neve_meta_content_width":0,"neve_meta_title_alignment":"","neve_meta_author_avatar":"","neve_post_elements_order":"","neve_meta_disable_header":"","neve_meta_disable_footer":"","neve_meta_disable_title":"","_themeisle_gutenberg_block_has_review":false},"product_brand":[],"product_cat":[806,883,748],"product_tag":[354],"class_list":{"0":"post-1802807","1":"product","2":"type-product","3":"status-publish","4":"has-post-thumbnail","6":"product_cat-maszyny-polerskie","7":"product_cat-mini-polerki","8":"product_cat-polerowanie","9":"product_tag-rupes","11":"first","12":"outofstock","13":"taxable","14":"shipping-taxable","15":"purchasable","16":"product-type-simple"},"_links":{"self":[{"href":"https:\/\/liquidmaster.pl\/en\/wp-json\/wp\/v2\/product\/1802807","targetHints":{"allow":["GET"]}}],"collection":[{"href":"https:\/\/liquidmaster.pl\/en\/wp-json\/wp\/v2\/product"}],"about":[{"href":"https:\/\/liquidmaster.pl\/en\/wp-json\/wp\/v2\/types\/product"}],"replies":[{"embeddable":true,"href":"https:\/\/liquidmaster.pl\/en\/wp-json\/wp\/v2\/comments?post=1802807"}],"wp:featuredmedia":[{"embeddable":true,"href":"https:\/\/liquidmaster.pl\/en\/wp-json\/wp\/v2\/media\/1844317"}],"wp:attachment":[{"href":"https:\/\/liquidmaster.pl\/en\/wp-json\/wp\/v2\/media?parent=1802807"}],"wp:term":[{"taxonomy":"product_brand","embeddable":true,"href":"https:\/\/liquidmaster.pl\/en\/wp-json\/wp\/v2\/product_brand?post=1802807"},{"taxonomy":"product_cat","embeddable":true,"href":"https:\/\/liquidmaster.pl\/en\/wp-json\/wp\/v2\/product_cat?post=1802807"},{"taxonomy":"product_tag","embeddable":true,"href":"https:\/\/liquidmaster.pl\/en\/wp-json\/wp\/v2\/product_tag?post=1802807"}],"curies":[{"name":"wp","href":"https:\/\/api.w.org\/{rel}","templated":true}]}}