{"id":1802803,"date":"2025-03-28T01:04:35","date_gmt":"2025-03-27T23:04:35","guid":{"rendered":"https:\/\/liquidmaster.pl\/unilite-cri-1900-lampa-detailingowa-1900-lumenow\/"},"modified":"2026-04-20T08:00:46","modified_gmt":"2026-04-20T06:00:46","slug":"unilite-cri-1900-lampa-detailingowa-1900-lumenow","status":"publish","type":"product","link":"https:\/\/liquidmaster.pl\/en\/unilite-cri-1900-lampa-detailingowa-1900-lumenow\/","title":{"rendered":"Unilite CRI-1900 detailing lamp 1900 lumens"},"content":{"rendered":"<p style=\"margin: 0pt; text-align: justify;\">\u00a0<\/p>\n<p style=\"margin: 0pt; text-align: justify;\">UNILITE CRI-1900<\/p>\n<p style=\"margin: 0pt; text-align: justify;\">Przeno\u015bne o\u015bwietlenie detailingowe o mocy 1900 lumen\u00f3w idealnie sprawdza si\u0119 przy inspekcji wi\u0119kszych powierzchni podczas polerowania, lakierowania, czyszczenia. Dioda COB LED o wysokim wsp\u00f3\u0142czynniku oddawania barw naturalnych CRI 96+ umo\u017cliwiaj\u0105 perfekcyjne dobranie w\u0142a\u015bciwego odcienia koloru. Lampa oferuje 4 ustawienia temperatury \u015bwiat\u0142a &#8211; 2700K \/ 3500K \/ 4500K \/ 6500K.<\/p>\n<p style=\"margin: 0pt; text-align: justify;\">\u00a0<\/p>\n<p style=\"margin: 0pt; text-align: justify;\">Lampa posiada wbudowany akumulator, co pozwala na prac\u0119 bezprzewodow\u0105. Regulowany uchwyt 180\u00b0 umo\u017cliwia zamocowanie lampy na stojaku. Dodatkowo lampa posiada regulowan\u0105 210\u00b0 podstaw\u0119 magnetyczn\u0105 z wbudowanym karabi\u0144czykiem. <\/p>\n<p style=\"margin: 0pt; text-align: justify;\">\u00a0<\/p>\n<p style=\"margin: 0pt; text-align: justify;\">Obs\u0142uga lampy:<\/p>\n<p style=\"margin: 0pt; text-align: justify;\">Prawy przycisk &#8211; zmiana temperatury \u015bwiat\u0142a<\/p>\n<p style=\"margin: 0pt; text-align: justify;\">sekwencja &#8211; Reflektor 2700K > Reflektor 3500K > Reflektor 4500K > Reflektor 5500K > Reflektor 6500K <\/p>\n<p style=\"margin: 0pt; text-align: justify;\">Lewy przycisk &#8211; zmienia nat\u0119\u017cenie \u015bwiat\u0142a<\/p>\n<p style=\"margin: 0pt; text-align: justify;\">sekwencja &#8211; 200lm > 425lm > 800lm > 1900lm > wy\u0142\u0105czenie<\/p>\n<p style=\"margin: 0pt; text-align: justify;\">\u00a0<\/p>\n<p style=\"margin: 0pt; text-align: justify;\">Cechy:<\/p>\n<p style=\"margin: 0pt; text-align: left;\">\u2022 1900 lumen\u00f3w,13,8 W COB LED<\/p>\n<p style=\"margin: 0pt; text-align: left;\">\u2022 Zakres CCT: 2700K\/3500K\/4500K\/6500K<\/p>\n<p style=\"margin: 0pt; text-align: left;\">\u2022 Wysoki wsp\u00f3\u0142czynnik CRI 96+, 4-kolorowe diody COB LED <\/p>\n<p style=\"margin: 0pt; text-align: left;\">\u2022 Funkcja pamie\u0328ci &#8211; zapamie\u0328tuje ostatni uz\u0307ywany tryb<\/p>\n<p style=\"margin: 0pt; text-align: left;\">\u2022 Podw\u00f3jne zasilane &#8211; akumulatorowe i sieciowe<\/p>\n<p style=\"margin: 0pt; text-align: left;\">\u2022 Bardzo wytrzyma\u0142a obudowa nylonowo-polimerowa<\/p>\n<p style=\"margin: 0pt; text-align: left;\">\u2022 Obrotowa podstawa 210\u00b0 z magnesem i karabi\u0144czykiem<\/p>\n<p style=\"margin: 0pt; text-align: left;\">\u2022 S\u0301wieca\u0328cy w ciemno\u015bci pasek wok\u00f3\u0142 diody LED<\/p>\n<p style=\"margin: 0pt; text-align: left;\">\u2022 Obrotowy uchwyt 180\u00b0 z mocowaniem do statywu<\/p>\n<p style=\"margin: 0pt; text-align: left;\">\u2022 Wska\u017anik poziomu na\u0142adowania akumulatora<\/p>\n<p style=\"margin: 0pt; text-align: left;\">\u2022 Szybkie \u0142adowanie &#8211; 3 godziny<\/p>\n<p style=\"margin: 0pt; text-align: left;\">\u2022 \u0141adowarka sieciowa dla wielu kraj\u00f3w &#8211; w zestawie<\/p>\n<p style=\"margin: 0pt; text-align: left;\">\u2022 Funkcja powerbanku do \u0142adowania urza\u0328dzen\u0301 USB &#8211; 2A<\/p>\n<p style=\"margin: 0pt; text-align: left;\">\u00a0<\/p>\n<p style=\"margin: 0pt; text-align: left;\">\u00a0<\/p>\n<p style=\"margin: 0pt; text-align: justify;\">\u00a0<\/p>\n<tr style=\"height: 22.65pt;\">\n<p style=\"margin: 0pt; text-align: center; background-color: rgb(0, 0, 0);\">DANE TECHNICZNE<\/p>\n<\/tr>\n<tr style=\"height: 22.65pt;\">\n<p style=\"margin: 0pt; text-align: left;\">\u017ar\u00f3d\u0142o \u015bwiat\u0142a<\/p>\n<p style=\"margin: 0pt; text-align: center;\">COB LED <\/p>\n<\/tr>\n<tr style=\"height: 22.65pt;\">\n<p style=\"margin: 0pt; text-align: left;\">moc \u015bwiat\u0142a \u00a0[lm]<\/p>\n<p style=\"margin: 0pt; text-align: center;\">2300\/1100\/550<\/p>\n<\/tr>\n<tr style=\"height: 22.65pt;\">\n<p style=\"margin: 0pt; text-align: left;\">temperatura barwowa \u00a0[K]<\/p>\n<p style=\"margin: 0pt; text-align: center;\">2700\/3500\/4500\/6500 <\/p>\n<\/tr>\n<tr style=\"height: 22.65pt;\">\n<p style=\"margin: 0pt; text-align: left;\">wsp\u00f3\u0142czynnik oddawania barw (CRI) [Ra]<\/p>\n<p style=\"margin: 0pt; text-align: center;\">>96<\/p>\n<\/tr>\n<tr style=\"height: 22.65pt;\">\n<p style=\"margin: 0pt; text-align: left;\">rodzaj akumulatora \u00a0[mAh]<\/p>\n<p style=\"margin: 0pt; text-align: center;\">5000 \/ litowo-jonowy<\/p>\n<\/tr>\n<tr style=\"height: 22.65pt;\">\n<p style=\"margin: 0pt; text-align: left;\">czas pracy \u00a0[h]<\/p>\n<p style=\"margin: 0pt; text-align: center;\">1,5-26<\/p>\n<\/tr>\n<tr style=\"height: 22.65pt;\">\n<p style=\"margin: 0pt; text-align: left;\">czas \u0142adowania [h]<\/p>\n<p style=\"margin: 0pt; text-align: center;\">3<\/p>\n<\/tr>\n<tr style=\"height: 22.65pt;\">\n<p style=\"margin: 0pt; text-align: left;\">zakres temperatur otoczenia pracy [\u00baC]<\/p>\n<p style=\"margin: 0pt; text-align: center;\">-10 \u00a0+40<\/p>\n<\/tr>\n<tr style=\"height: 22.65pt;\">\n<p style=\"margin: 0pt; text-align: left;\">stopie\u0144 ochrony<\/p>\n<p style=\"margin: 0pt; text-align: center;\">IP65<\/p>\n<\/tr>\n<tr style=\"height: 22.65pt;\">\n<p style=\"margin: 0pt; text-align: left;\">wymiary \u00a0[mm]<\/p>\n<p style=\"margin: 0pt; text-align: center;\">188x164x78<\/p>\n<\/tr>\n<tr style=\"height: 22.65pt;\">\n<p style=\"margin: 0pt; text-align: left;\">waga [g]<\/p>\n<p style=\"margin: 0pt; text-align: center;\">750<\/p>\n<\/tr>\n<p style=\"margin: 0pt; text-align: left;\">\u00a0<\/p>\n","protected":false},"excerpt":{"rendered":"<p>\u00a0 UNILITE CRI-1900 Portable detailing lighting with a power of 1,900 lumens is ideal for inspecting larger surfaces during polishing, painting and cleaning. The COB LED with a high natural color rendering index CRI 96+ allows you to perfectly select the right color shade. The lamp offers 4 light temperature settings - 2700K \/ 3500K \/ 4500K \/ 6500K.  The lamp has\u2026&nbsp;<a href=\"https:\/\/liquidmaster.pl\/en\/unilite-cri-1900-lampa-detailingowa-1900-lumenow\/\" rel=\"bookmark\">Read More \u00bb<span class=\"screen-reader-text\">Unilite CRI-1900 detailing lamp 1900 lumens<\/span><\/a><\/p>","protected":false},"featured_media":1844309,"comment_status":"open","ping_status":"open","template":"","meta":{"neve_meta_sidebar":"","neve_meta_container":"","neve_meta_enable_content_width":"","neve_meta_content_width":0,"neve_meta_title_alignment":"","neve_meta_author_avatar":"","neve_post_elements_order":"","neve_meta_disable_header":"","neve_meta_disable_footer":"","neve_meta_disable_title":"","_themeisle_gutenberg_block_has_review":false},"product_brand":[],"product_cat":[749,827,748],"product_tag":[373],"class_list":{"0":"post-1802803","1":"product","2":"type-product","3":"status-publish","4":"has-post-thumbnail","6":"product_cat-akcesoria-polerskie","7":"product_cat-lampy-inspekcyjne","8":"product_cat-polerowanie","9":"product_tag-unilite","11":"first","12":"outofstock","13":"taxable","14":"shipping-taxable","15":"purchasable","16":"product-type-simple"},"_links":{"self":[{"href":"https:\/\/liquidmaster.pl\/en\/wp-json\/wp\/v2\/product\/1802803","targetHints":{"allow":["GET"]}}],"collection":[{"href":"https:\/\/liquidmaster.pl\/en\/wp-json\/wp\/v2\/product"}],"about":[{"href":"https:\/\/liquidmaster.pl\/en\/wp-json\/wp\/v2\/types\/product"}],"replies":[{"embeddable":true,"href":"https:\/\/liquidmaster.pl\/en\/wp-json\/wp\/v2\/comments?post=1802803"}],"wp:featuredmedia":[{"embeddable":true,"href":"https:\/\/liquidmaster.pl\/en\/wp-json\/wp\/v2\/media\/1844309"}],"wp:attachment":[{"href":"https:\/\/liquidmaster.pl\/en\/wp-json\/wp\/v2\/media?parent=1802803"}],"wp:term":[{"taxonomy":"product_brand","embeddable":true,"href":"https:\/\/liquidmaster.pl\/en\/wp-json\/wp\/v2\/product_brand?post=1802803"},{"taxonomy":"product_cat","embeddable":true,"href":"https:\/\/liquidmaster.pl\/en\/wp-json\/wp\/v2\/product_cat?post=1802803"},{"taxonomy":"product_tag","embeddable":true,"href":"https:\/\/liquidmaster.pl\/en\/wp-json\/wp\/v2\/product_tag?post=1802803"}],"curies":[{"name":"wp","href":"https:\/\/api.w.org\/{rel}","templated":true}]}}