{"id":1802795,"date":"2025-03-28T01:03:23","date_gmt":"2025-03-27T23:03:23","guid":{"rendered":"https:\/\/liquidmaster.pl\/poka-wieszak-na-pedzelki-i-butelki-40cm-empty\/"},"modified":"2026-04-18T04:22:43","modified_gmt":"2026-04-18T02:22:43","slug":"poka-wieszak-na-pedzelki-i-butelki-40cm-empty","status":"publish","type":"product","link":"https:\/\/liquidmaster.pl\/en\/poka-wieszak-na-pedzelki-i-butelki-40cm-empty\/","title":{"rendered":"POKA Hanger for Brushes and Bottles 40cm EMPTY"},"content":{"rendered":"<p>Two in one. A functional and convenient hanger for brushes and bottles. The upper holes fit most brush sizes, while the lower channels fit most types of atomizers and sprayers.<\/p>\n<p>Characteristics:<\/p>\n<p>| Made of 1.5 mm galvanized sheet<br \/>\n| 7 top holes in two sizes<br \/>\n| Powder coated<\/p>\n<p>Length: 40 cm<\/p>\n<p>Inscription: no inscription \/ smooth surface<\/p>","protected":false},"excerpt":{"rendered":"<p>Dwa w jednym. Funkcjonalny i wygodny wieszak na p\u0119dzelki oraz butelki. G\u00f3rne otwory pasuj\u0105 do wi\u0119kszo\u015bci rozmiar\u00f3w p\u0119dzelk\u00f3w natomiast dolne korytka pasuj\u0105 do wi\u0119kszo\u015bci typ\u00f3w atomizer\u00f3w oraz opryskiwaczy. Cechy: | Wykonany z 1,5 mm ocynkowanej blachy | 7 g\u00f3rnych otwor\u00f3w w dw\u00f3ch rozmiarach | Pomalowany proszkowo D\u0142ugo\u015b\u0107: 40 cm Napis:\u00a0bez napisu \/ g\u0142adka powierzchnia<\/p>","protected":false},"featured_media":1844295,"comment_status":"open","ping_status":"open","template":"","meta":{"neve_meta_sidebar":"","neve_meta_container":"","neve_meta_enable_content_width":"","neve_meta_content_width":0,"neve_meta_title_alignment":"","neve_meta_author_avatar":"","neve_post_elements_order":"","neve_meta_disable_header":"","neve_meta_disable_footer":"","neve_meta_disable_title":"","_themeisle_gutenberg_block_has_review":false},"product_brand":[],"product_cat":[757,811,856],"product_tag":[343],"class_list":{"0":"post-1802795","1":"product","2":"type-product","3":"status-publish","4":"has-post-thumbnail","6":"product_cat-akcesoria","7":"product_cat-pozostale-akcesoria","8":"product_cat-torby-i-organizery","9":"product_tag-poka-premium","11":"first","12":"instock","13":"taxable","14":"shipping-taxable","15":"purchasable","16":"product-type-simple"},"_links":{"self":[{"href":"https:\/\/liquidmaster.pl\/en\/wp-json\/wp\/v2\/product\/1802795","targetHints":{"allow":["GET"]}}],"collection":[{"href":"https:\/\/liquidmaster.pl\/en\/wp-json\/wp\/v2\/product"}],"about":[{"href":"https:\/\/liquidmaster.pl\/en\/wp-json\/wp\/v2\/types\/product"}],"replies":[{"embeddable":true,"href":"https:\/\/liquidmaster.pl\/en\/wp-json\/wp\/v2\/comments?post=1802795"}],"wp:featuredmedia":[{"embeddable":true,"href":"https:\/\/liquidmaster.pl\/en\/wp-json\/wp\/v2\/media\/1844295"}],"wp:attachment":[{"href":"https:\/\/liquidmaster.pl\/en\/wp-json\/wp\/v2\/media?parent=1802795"}],"wp:term":[{"taxonomy":"product_brand","embeddable":true,"href":"https:\/\/liquidmaster.pl\/en\/wp-json\/wp\/v2\/product_brand?post=1802795"},{"taxonomy":"product_cat","embeddable":true,"href":"https:\/\/liquidmaster.pl\/en\/wp-json\/wp\/v2\/product_cat?post=1802795"},{"taxonomy":"product_tag","embeddable":true,"href":"https:\/\/liquidmaster.pl\/en\/wp-json\/wp\/v2\/product_tag?post=1802795"}],"curies":[{"name":"wp","href":"https:\/\/api.w.org\/{rel}","templated":true}]}}