{"id":1802753,"date":"2025-03-28T00:57:19","date_gmt":"2025-03-27T22:57:19","guid":{"rendered":"https:\/\/liquidmaster.pl\/soft99-finishing-compound-pasta-wykonczeniowa\/"},"modified":"2026-04-20T08:00:35","modified_gmt":"2026-04-20T06:00:35","slug":"soft99-finishing-compound-pasta-wykonczeniowa","status":"publish","type":"product","link":"https:\/\/liquidmaster.pl\/en\/soft99-finishing-compound-pasta-wykonczeniowa\/","title":{"rendered":"Soft99 Finishing Compound - Finishing paste"},"content":{"rendered":"<p style=\"box-sizing: border-box; margin: 0px; padding: 0px; border: 0px; font-family: Arial, Helvetica, sans-serif; font-stretch: inherit; line-height: inherit; vertical-align: baseline; caret-color: rgb(119, 119, 119); color: rgb(119, 119, 119);\">The third step in the three-stage polishing system from Soft99. Water-based finishing paste designed for use with rotary or orbital polishing machines. Removes even the smallest defects\u00a0<\/p>\n<p style=\"box-sizing: border-box; margin: 0px; padding: 0px; border: 0px; font-family: Arial, Helvetica, sans-serif; font-stretch: inherit; line-height: inherit; vertical-align: baseline; caret-color: rgb(119, 119, 119); color: rgb(119, 119, 119);\">\u00a0<\/p>\n<li style=\"box-sizing: border-box; margin: 0px; padding: 0px; border: 0px; font-family: inherit; font-style: inherit; font-variant-caps: inherit; font-stretch: inherit; line-height: inherit; vertical-align: baseline;\">Apply the optimal amount of paste onto the polishing pad or sponge.\u00a0<\/li>\n<li style=\"box-sizing: border-box; margin: 0px; padding: 0px; border: 0px; font-family: inherit; font-style: inherit; font-variant-caps: inherit; font-stretch: inherit; line-height: inherit; vertical-align: baseline;\">Work on small fragments, selecting the machine&#039;s speed appropriately<\/li>\n<li style=\"box-sizing: border-box; margin: 0px; padding: 0px; border: 0px; font-family: inherit; font-style: inherit; font-variant-caps: inherit; font-stretch: inherit; line-height: inherit; vertical-align: baseline;\">Constantly monitor the temperature of the paint to avoid overheating<\/li>\n<li style=\"box-sizing: border-box; margin: 0px; padding: 0px; border: 0px; font-family: inherit; font-style: inherit; font-variant-caps: inherit; font-stretch: inherit; line-height: inherit; vertical-align: baseline;\">Verify the effects on an ongoing basis using Silicone Off, which will remove the remnants of the paste and allow you to assess the actual progress of the work.<\/li>","protected":false},"excerpt":{"rendered":"<p>Trzeci krok w tr\u00f3jstopniowym systemie polerskim od Soft99. Oparta na wodzie pasta wyko\u0144czeniowa przeznaczona do pracy z rotacyjnymi lub orbitalnymi maszynami polerskimi. Usuwa nawet najmniejsze defekty\u00a0 \u00a0 Nanie\u015b optymaln\u0105 ilo\u015b\u0107 pasty na pad lub g\u0105bk\u0119 polersk\u0105.\u00a0 Pracuj na niewielkich fragmentach odpowiednio dobieraj\u0105c obroty maszyny Stale kontroluj temperatur\u0119 lakieru, by nie doprowadzi\u0107 do jego przegrzania Na&hellip;&nbsp;<a href=\"https:\/\/liquidmaster.pl\/en\/soft99-finishing-compound-pasta-wykonczeniowa\/\" rel=\"bookmark\">Read More \u00bb<span class=\"screen-reader-text\">Soft99 Finishing Compound - Finishing paste<\/span><\/a><\/p>","protected":false},"featured_media":1844221,"comment_status":"open","ping_status":"open","template":"","meta":{"neve_meta_sidebar":"","neve_meta_container":"","neve_meta_enable_content_width":"","neve_meta_content_width":0,"neve_meta_title_alignment":"","neve_meta_author_avatar":"","neve_post_elements_order":"","neve_meta_disable_header":"","neve_meta_disable_footer":"","neve_meta_disable_title":"","_themeisle_gutenberg_block_has_review":false},"product_brand":[],"product_cat":[792,789,748],"product_tag":[362],"class_list":{"0":"post-1802753","1":"product","2":"type-product","3":"status-publish","4":"has-post-thumbnail","6":"product_cat-pasty-finishowe","7":"product_cat-pasty-polerskie","8":"product_cat-polerowanie","9":"product_tag-soft99","11":"first","12":"outofstock","13":"taxable","14":"shipping-taxable","15":"purchasable","16":"product-type-simple"},"_links":{"self":[{"href":"https:\/\/liquidmaster.pl\/en\/wp-json\/wp\/v2\/product\/1802753","targetHints":{"allow":["GET"]}}],"collection":[{"href":"https:\/\/liquidmaster.pl\/en\/wp-json\/wp\/v2\/product"}],"about":[{"href":"https:\/\/liquidmaster.pl\/en\/wp-json\/wp\/v2\/types\/product"}],"replies":[{"embeddable":true,"href":"https:\/\/liquidmaster.pl\/en\/wp-json\/wp\/v2\/comments?post=1802753"}],"wp:featuredmedia":[{"embeddable":true,"href":"https:\/\/liquidmaster.pl\/en\/wp-json\/wp\/v2\/media\/1844221"}],"wp:attachment":[{"href":"https:\/\/liquidmaster.pl\/en\/wp-json\/wp\/v2\/media?parent=1802753"}],"wp:term":[{"taxonomy":"product_brand","embeddable":true,"href":"https:\/\/liquidmaster.pl\/en\/wp-json\/wp\/v2\/product_brand?post=1802753"},{"taxonomy":"product_cat","embeddable":true,"href":"https:\/\/liquidmaster.pl\/en\/wp-json\/wp\/v2\/product_cat?post=1802753"},{"taxonomy":"product_tag","embeddable":true,"href":"https:\/\/liquidmaster.pl\/en\/wp-json\/wp\/v2\/product_tag?post=1802753"}],"curies":[{"name":"wp","href":"https:\/\/api.w.org\/{rel}","templated":true}]}}