{"id":1802745,"date":"2025-03-28T00:55:57","date_gmt":"2025-03-27T22:55:57","guid":{"rendered":"https:\/\/liquidmaster.pl\/soft99-chrome-cleaner-produkt-do-czyszczenia-chromu-125-ml\/"},"modified":"2026-04-19T03:08:24","modified_gmt":"2026-04-19T01:08:24","slug":"soft99-chrome-cleaner-produkt-do-czyszczenia-chromu-125-ml","status":"publish","type":"product","link":"https:\/\/liquidmaster.pl\/en\/soft99-chrome-cleaner-produkt-do-czyszczenia-chromu-125-ml\/","title":{"rendered":"Soft99 Chrome Cleaner &#8211; produkt do czyszczenia chromu 125 ml"},"content":{"rendered":"<p>Chrome Cleaner is a product designed to clean chrome accessories. It very effectively removes all dirt, oxidation and permanent tarnish, thus restoring the elements to their former glory, original shine and mirror effect. \u00a0<\/p>\n<p>\u00a0<\/p>\n<p>Thanks to its safe and non-abrasive formula, Chrome Cleaner remains completely safe for the cleaned surface.<\/p>\n<p>\u00a0<\/p>\n<p>Usage:<\/p>\n<p>\u00a0<\/p>\n<li>Wash the element to be cleaned thoroughly and dry it<\/li>\n<li>Apply a small amount of the agent to a soft and dry microfiber and work thoroughly on the cleaned element.<\/li>\n<li>Change the side of the microfiber and remove any residue until you achieve a perfect shine\u00a0<\/li>","protected":false},"excerpt":{"rendered":"<p>Chrome Cleaner to produkt zaprojektowany do \u00a0czyszczenia chromowanych dodatk\u00f3w. W bardzo skuteczny spos\u00f3b usuwa wszelkie zabrudzenia, oksydacj\u0119 i trwa\u0142e naloty, przywracaj\u0105c w ten spos\u00f3b elementom ich dawn\u0105 \u015bwietno\u015b\u0107, pierwotny po\u0142ysk, oraz lustrzany efekt \u00a0 \u00a0 Dzi\u0119ki bezpiecznej i nie\u015bciernej formule, Chrome Cleaner pozostaje ca\u0142kowicie bezpieczny dla czyszczonej powierzchni. \u00a0 Spos\u00f3b u\u017cycia: \u00a0 Umyj dok\u0142adnie czyszczony&hellip;&nbsp;<a href=\"https:\/\/liquidmaster.pl\/en\/soft99-chrome-cleaner-produkt-do-czyszczenia-chromu-125-ml\/\" rel=\"bookmark\">Read More \u00bb<span class=\"screen-reader-text\">Soft99 Chrome Cleaner &#8211; produkt do czyszczenia chromu 125 ml<\/span><\/a><\/p>","protected":false},"featured_media":1844205,"comment_status":"open","ping_status":"open","template":"","meta":{"neve_meta_sidebar":"","neve_meta_container":"","neve_meta_enable_content_width":"","neve_meta_content_width":0,"neve_meta_title_alignment":"","neve_meta_author_avatar":"","neve_post_elements_order":"","neve_meta_disable_header":"","neve_meta_disable_footer":"","neve_meta_disable_title":"","_themeisle_gutenberg_block_has_review":false},"product_brand":[],"product_cat":[836,733,837],"product_tag":[362],"class_list":{"0":"post-1802745","1":"product","2":"type-product","3":"status-publish","4":"has-post-thumbnail","6":"product_cat-elementy-metalowe","7":"product_cat-na-zewnatrz","8":"product_cat-polerowanie-metalu","9":"product_tag-soft99","11":"first","12":"instock","13":"taxable","14":"shipping-taxable","15":"purchasable","16":"product-type-simple"},"_links":{"self":[{"href":"https:\/\/liquidmaster.pl\/en\/wp-json\/wp\/v2\/product\/1802745","targetHints":{"allow":["GET"]}}],"collection":[{"href":"https:\/\/liquidmaster.pl\/en\/wp-json\/wp\/v2\/product"}],"about":[{"href":"https:\/\/liquidmaster.pl\/en\/wp-json\/wp\/v2\/types\/product"}],"replies":[{"embeddable":true,"href":"https:\/\/liquidmaster.pl\/en\/wp-json\/wp\/v2\/comments?post=1802745"}],"wp:featuredmedia":[{"embeddable":true,"href":"https:\/\/liquidmaster.pl\/en\/wp-json\/wp\/v2\/media\/1844205"}],"wp:attachment":[{"href":"https:\/\/liquidmaster.pl\/en\/wp-json\/wp\/v2\/media?parent=1802745"}],"wp:term":[{"taxonomy":"product_brand","embeddable":true,"href":"https:\/\/liquidmaster.pl\/en\/wp-json\/wp\/v2\/product_brand?post=1802745"},{"taxonomy":"product_cat","embeddable":true,"href":"https:\/\/liquidmaster.pl\/en\/wp-json\/wp\/v2\/product_cat?post=1802745"},{"taxonomy":"product_tag","embeddable":true,"href":"https:\/\/liquidmaster.pl\/en\/wp-json\/wp\/v2\/product_tag?post=1802745"}],"curies":[{"name":"wp","href":"https:\/\/api.w.org\/{rel}","templated":true}]}}