{"id":1802741,"date":"2025-03-28T00:55:24","date_gmt":"2025-03-27T22:55:24","guid":{"rendered":"https:\/\/liquidmaster.pl\/soft99-polishing-compound-srednio-scierna-pasta-polerska\/"},"modified":"2026-04-20T08:00:32","modified_gmt":"2026-04-20T06:00:32","slug":"soft99-polishing-compound-srednio-scierna-pasta-polerska","status":"publish","type":"product","link":"https:\/\/liquidmaster.pl\/en\/soft99-polishing-compound-srednio-scierna-pasta-polerska\/","title":{"rendered":"Soft99 Polishing Compound - medium abrasive polishing paste"},"content":{"rendered":"<p>The second step in the three-stage polishing system from Soft99. Water-based paste of medium aggressiveness intended for use with rotary or orbital polishing machines. It helps eliminate defects remaining after the first stage and prepares the paint for the final polishing stage. \u00a0\u00a0\u00a0\u00a0<\/p>\n<p>\u00a0<\/p>\n<li>Apply the optimal amount of paste onto the polishing pad or sponge. <\/li>\n<li>Work on small fragments, selecting the machine&#039;s speed appropriately<\/li>\n<li>Constantly monitor the temperature of the paint to avoid overheating<\/li>\n<li>Verify the effects on an ongoing basis using Silicone Off, which will remove the remnants of the paste and allow you to assess the actual progress of the work.\u00a0 \u00a0<\/li>","protected":false},"excerpt":{"rendered":"<p>Drugi krok w tr\u00f3jstopniowym systemie polerskim od Soft99. Oparta na wodzie pasta o \u015bredniej agresywno\u015bci przeznaczona do pracy z rotacyjnymi lub orbitalnymi maszynami polerskimi. Pomaga zniwelowa\u0107 defekty pozosta\u0142e po pierwszym etapie i przygotowuje lakier do wyko\u0144czeniowego etapu polerowania. \u00a0\u00a0\u00a0\u00a0 \u00a0 Nanie\u015b optymaln\u0105 ilo\u015b\u0107 pasty na pad lub g\u0105bk\u0119 polersk\u0105. Pracuj na niewielkich fragmentach odpowiednio dobieraj\u0105c&hellip;&nbsp;<a href=\"https:\/\/liquidmaster.pl\/en\/soft99-polishing-compound-srednio-scierna-pasta-polerska\/\" rel=\"bookmark\">Read More \u00bb<span class=\"screen-reader-text\">Soft99 Polishing Compound - medium abrasive polishing paste<\/span><\/a><\/p>","protected":false},"featured_media":1844197,"comment_status":"open","ping_status":"open","template":"","meta":{"neve_meta_sidebar":"","neve_meta_container":"","neve_meta_enable_content_width":"","neve_meta_content_width":0,"neve_meta_title_alignment":"","neve_meta_author_avatar":"","neve_post_elements_order":"","neve_meta_disable_header":"","neve_meta_disable_footer":"","neve_meta_disable_title":"","_themeisle_gutenberg_block_has_review":false},"product_brand":[],"product_cat":[789,791,748],"product_tag":[362],"class_list":{"0":"post-1802741","1":"product","2":"type-product","3":"status-publish","4":"has-post-thumbnail","6":"product_cat-pasty-polerskie","7":"product_cat-pasty-polishowe","8":"product_cat-polerowanie","9":"product_tag-soft99","11":"first","12":"outofstock","13":"taxable","14":"shipping-taxable","15":"purchasable","16":"product-type-simple"},"_links":{"self":[{"href":"https:\/\/liquidmaster.pl\/en\/wp-json\/wp\/v2\/product\/1802741","targetHints":{"allow":["GET"]}}],"collection":[{"href":"https:\/\/liquidmaster.pl\/en\/wp-json\/wp\/v2\/product"}],"about":[{"href":"https:\/\/liquidmaster.pl\/en\/wp-json\/wp\/v2\/types\/product"}],"replies":[{"embeddable":true,"href":"https:\/\/liquidmaster.pl\/en\/wp-json\/wp\/v2\/comments?post=1802741"}],"wp:featuredmedia":[{"embeddable":true,"href":"https:\/\/liquidmaster.pl\/en\/wp-json\/wp\/v2\/media\/1844197"}],"wp:attachment":[{"href":"https:\/\/liquidmaster.pl\/en\/wp-json\/wp\/v2\/media?parent=1802741"}],"wp:term":[{"taxonomy":"product_brand","embeddable":true,"href":"https:\/\/liquidmaster.pl\/en\/wp-json\/wp\/v2\/product_brand?post=1802741"},{"taxonomy":"product_cat","embeddable":true,"href":"https:\/\/liquidmaster.pl\/en\/wp-json\/wp\/v2\/product_cat?post=1802741"},{"taxonomy":"product_tag","embeddable":true,"href":"https:\/\/liquidmaster.pl\/en\/wp-json\/wp\/v2\/product_tag?post=1802741"}],"curies":[{"name":"wp","href":"https:\/\/api.w.org\/{rel}","templated":true}]}}