{"id":1802712,"date":"2025-03-28T00:51:30","date_gmt":"2025-03-27T22:51:30","guid":{"rendered":"https:\/\/liquidmaster.pl\/good-stuff-interior-kit-zestaw-do-czyszczenia-wnetrza\/"},"modified":"2026-04-20T08:00:28","modified_gmt":"2026-04-20T06:00:28","slug":"good-stuff-interior-kit-zestaw-do-czyszczenia-wnetrza","status":"publish","type":"product","link":"https:\/\/liquidmaster.pl\/en\/good-stuff-interior-kit-zestaw-do-czyszczenia-wnetrza\/","title":{"rendered":"Good Stuff Interior Kit - a set for cleaning the interior"},"content":{"rendered":"<p>Good Stuff Interior Kit \u2013 a basic set for washing the inside of the car. The specially prepared BOX contains as many as 7 car interior care products. Respectively, 3 cosmetic preparations from Good Stuff and 4 essential accessories from Work Stuff. They can be used to clean plastics, rubber elements and the cockpit and apply a dedicated dressing. Additionally, the box includes glass cleaning liquid and a dedicated microfiber cloth.<\/p>\n<p>Good Stuff Products:<\/p>\n<ul>\n<li>Interior Cleaner Pomegranate 500ml<\/li>\n<li>Glass Cleaner 500ml<\/li>\n<li>Interior Dressing 500ml<\/li>\n<\/ul>\n<p>Work Stuff Products:<\/p>\n<ul>\n<li>Zephyr Waffle Towel<\/li>\n<li>Gentleman Basic<\/li>\n<li>Detailing Brush Classic 24mm<\/li>\n<li>Eclipse Microfiber Applicator<\/li>\n<\/ul>","protected":false},"excerpt":{"rendered":"<p>Good Stuff Interior Kit \u2013 podstawowy zestaw do mycia auta wewn\u0105trz. W specjalnie przygotowanym BOXie znajduje si\u0119 a\u017c 7 produkt\u00f3w do piel\u0119gnacji wn\u0119trza samochodu. Odpowiednio 3 preparaty kosmetyczne od Good Stuff oraz 4 niezb\u0119dne akcesoria marki Work Stuff. Za ich pomoc\u0105 mo\u017cna wyczy\u015bci\u0107 plastiki, elementy gumowe oraz kokpit i na\u0142o\u017cy\u0107 dedykowany dressing. Dodatkowo w sk\u0142ad&hellip;&nbsp;<a href=\"https:\/\/liquidmaster.pl\/en\/good-stuff-interior-kit-zestaw-do-czyszczenia-wnetrza\/\" rel=\"bookmark\">Read More \u00bb<span class=\"screen-reader-text\">Good Stuff Interior Kit - a set for cleaning the interior<\/span><\/a><\/p>","protected":false},"featured_media":1844146,"comment_status":"open","ping_status":"open","template":"","meta":{"neve_meta_sidebar":"","neve_meta_container":"","neve_meta_enable_content_width":"","neve_meta_content_width":0,"neve_meta_title_alignment":"","neve_meta_author_avatar":"","neve_post_elements_order":"","neve_meta_disable_header":"","neve_meta_disable_footer":"","neve_meta_disable_title":"","_themeisle_gutenberg_block_has_review":false},"product_brand":[],"product_cat":[733,816,768,829],"product_tag":[300],"class_list":{"0":"post-1802712","1":"product","2":"type-product","3":"status-publish","4":"has-post-thumbnail","6":"product_cat-na-zewnatrz","7":"product_cat-tapicerka-skorzana","8":"product_cat-wnetrze-auta","9":"product_cat-zestawy","10":"product_tag-good-stuff","11":"pa_promocja-promocje","13":"first","14":"instock","15":"taxable","16":"shipping-taxable","17":"purchasable","18":"product-type-simple"},"_links":{"self":[{"href":"https:\/\/liquidmaster.pl\/en\/wp-json\/wp\/v2\/product\/1802712","targetHints":{"allow":["GET"]}}],"collection":[{"href":"https:\/\/liquidmaster.pl\/en\/wp-json\/wp\/v2\/product"}],"about":[{"href":"https:\/\/liquidmaster.pl\/en\/wp-json\/wp\/v2\/types\/product"}],"replies":[{"embeddable":true,"href":"https:\/\/liquidmaster.pl\/en\/wp-json\/wp\/v2\/comments?post=1802712"}],"wp:featuredmedia":[{"embeddable":true,"href":"https:\/\/liquidmaster.pl\/en\/wp-json\/wp\/v2\/media\/1844146"}],"wp:attachment":[{"href":"https:\/\/liquidmaster.pl\/en\/wp-json\/wp\/v2\/media?parent=1802712"}],"wp:term":[{"taxonomy":"product_brand","embeddable":true,"href":"https:\/\/liquidmaster.pl\/en\/wp-json\/wp\/v2\/product_brand?post=1802712"},{"taxonomy":"product_cat","embeddable":true,"href":"https:\/\/liquidmaster.pl\/en\/wp-json\/wp\/v2\/product_cat?post=1802712"},{"taxonomy":"product_tag","embeddable":true,"href":"https:\/\/liquidmaster.pl\/en\/wp-json\/wp\/v2\/product_tag?post=1802712"}],"curies":[{"name":"wp","href":"https:\/\/api.w.org\/{rel}","templated":true}]}}