{"id":1802594,"date":"2025-03-28T00:35:25","date_gmt":"2025-03-27T22:35:25","guid":{"rendered":"https:\/\/liquidmaster.pl\/perfin-polmaska-lakiernicza-1550-respiratory-kit\/"},"modified":"2026-04-18T04:22:03","modified_gmt":"2026-04-18T02:22:03","slug":"perfin-polmaska-lakiernicza-1550-respiratory-kit","status":"publish","type":"product","link":"https:\/\/liquidmaster.pl\/en\/perfin-polmaska-lakiernicza-1550-respiratory-kit\/","title":{"rendered":"Perfin Paint Half Mask 1550 Respiratory Kit"},"content":{"rendered":"<p>PRICE FOR THE SET: filters and mask<\/p>\n<p>SICCO masks are made of elastomer, which makes them very soft. They are very comfortable for users because the face part is adjustable with specialized tapes, which allows the mask to properly fit their face. The set also includes professional filters mounted using intelligent bayonet hooks.\u00a0<\/p>\n<p>One of the most popular paint masks - it combines high respiratory protection effectiveness and a favorable price.<\/p>\n<p>All activities related to maintenance and replacement of moving parts can be performed directly by the user, extremely simple assembly reduces costs and allows for significant time savings.<\/p>","protected":false},"excerpt":{"rendered":"<p>CENA ZA KOMPLET: filtry i maska Maski\u00a0SICCO produkowane s\u0105 z elastomeru, dzi\u0119ki czemu s\u0105 bardzo mi\u0119kkie. S\u0105 bardzo wygodne dla u\u017cytkownik\u00f3w, poniewa\u017c\u00a0 cz\u0119\u015b\u0107 twarzowa jest regulowana za pomoc\u0105 specjalistycznych ta\u015bm co umo\u017cliwia w\u0142a\u015bciwe dopasowanie maski do swojej twarzy. W zestawie s\u0105 r\u00f3wnie\u017c profesjonalne\u00a0 filtry montowane przy pomocy inteligentnych zaczep\u00f3w bagnetowych.\u00a0 Jedna z najpopularniejszych masek lakierniczych&hellip;&nbsp;<a href=\"https:\/\/liquidmaster.pl\/en\/perfin-polmaska-lakiernicza-1550-respiratory-kit\/\" rel=\"bookmark\">Read More \u00bb<span class=\"screen-reader-text\">Perfin Paint Half Mask 1550 Respiratory Kit<\/span><\/a><\/p>","protected":false},"featured_media":1843926,"comment_status":"open","ping_status":"open","template":"","meta":{"neve_meta_sidebar":"","neve_meta_container":"","neve_meta_enable_content_width":"","neve_meta_content_width":0,"neve_meta_title_alignment":"","neve_meta_author_avatar":"","neve_post_elements_order":"","neve_meta_disable_header":"","neve_meta_disable_footer":"","neve_meta_disable_title":"","_themeisle_gutenberg_block_has_review":false},"product_brand":[],"product_cat":[757,839,811],"product_tag":[345],"class_list":{"0":"post-1802594","1":"product","2":"type-product","3":"status-publish","4":"has-post-thumbnail","6":"product_cat-akcesoria","7":"product_cat-bezpieczenstwo-i-higiena-pracy","8":"product_cat-pozostale-akcesoria","9":"product_tag-pozostali","11":"first","12":"outofstock","13":"taxable","14":"shipping-taxable","15":"purchasable","16":"product-type-simple"},"_links":{"self":[{"href":"https:\/\/liquidmaster.pl\/en\/wp-json\/wp\/v2\/product\/1802594","targetHints":{"allow":["GET"]}}],"collection":[{"href":"https:\/\/liquidmaster.pl\/en\/wp-json\/wp\/v2\/product"}],"about":[{"href":"https:\/\/liquidmaster.pl\/en\/wp-json\/wp\/v2\/types\/product"}],"replies":[{"embeddable":true,"href":"https:\/\/liquidmaster.pl\/en\/wp-json\/wp\/v2\/comments?post=1802594"}],"wp:featuredmedia":[{"embeddable":true,"href":"https:\/\/liquidmaster.pl\/en\/wp-json\/wp\/v2\/media\/1843926"}],"wp:attachment":[{"href":"https:\/\/liquidmaster.pl\/en\/wp-json\/wp\/v2\/media?parent=1802594"}],"wp:term":[{"taxonomy":"product_brand","embeddable":true,"href":"https:\/\/liquidmaster.pl\/en\/wp-json\/wp\/v2\/product_brand?post=1802594"},{"taxonomy":"product_cat","embeddable":true,"href":"https:\/\/liquidmaster.pl\/en\/wp-json\/wp\/v2\/product_cat?post=1802594"},{"taxonomy":"product_tag","embeddable":true,"href":"https:\/\/liquidmaster.pl\/en\/wp-json\/wp\/v2\/product_tag?post=1802594"}],"curies":[{"name":"wp","href":"https:\/\/api.w.org\/{rel}","templated":true}]}}