{"id":1802586,"date":"2025-03-28T00:34:19","date_gmt":"2025-03-27T22:34:19","guid":{"rendered":"https:\/\/liquidmaster.pl\/adbl-leather-twister-125mm-okragla-szczotka-do-czyszczenia-tapicerek-skorzanych\/"},"modified":"2026-04-18T04:22:01","modified_gmt":"2026-04-18T02:22:01","slug":"adbl-leather-twister-125mm-okragla-szczotka-do-czyszczenia-tapicerek-skorzanych","status":"publish","type":"product","link":"https:\/\/liquidmaster.pl\/en\/adbl-leather-twister-125mm-okragla-szczotka-do-czyszczenia-tapicerek-skorzanych\/","title":{"rendered":"ADBL Leather Twister 125mm - round brush for cleaning leather upholstery"},"content":{"rendered":"<p>ADBL Leather Twister - is a round brush for leather upholstery. Thanks to the appropriately soft bristles, it is perfect for cleaning all leather upholstery. Designed to work with screwdrivers.<\/p>\n<p>Size: 125mm<\/p>\n<p>\u00a0<\/p>","protected":false},"excerpt":{"rendered":"<p>ADBL Leather Twister \u2013 to okr\u0105g\u0142a szczotka do tapicerek sk\u00f3rzanych. Dzi\u0119ki odpowiednio mi\u0119kkiemu w\u0142osiu doskonale nadaje si\u0119 do czyszczenia wszystkich tapicerek sk\u00f3rzanych. Zaprojektowana do pracy z wkr\u0119tarkami. Rozmiar: 125 mm \u00a0<\/p>","protected":false},"featured_media":1843913,"comment_status":"open","ping_status":"open","template":"","meta":{"neve_meta_sidebar":"","neve_meta_container":"","neve_meta_enable_content_width":"","neve_meta_content_width":0,"neve_meta_title_alignment":"","neve_meta_author_avatar":"","neve_post_elements_order":"","neve_meta_disable_header":"","neve_meta_disable_footer":"","neve_meta_disable_title":"","_themeisle_gutenberg_block_has_review":false},"product_brand":[],"product_cat":[817,816,768],"product_tag":[258],"class_list":{"0":"post-1802586","1":"product","2":"type-product","3":"status-publish","4":"has-post-thumbnail","6":"product_cat-szczotki-do-skor","7":"product_cat-tapicerka-skorzana","8":"product_cat-wnetrze-auta","9":"product_tag-adbl","11":"first","12":"instock","13":"taxable","14":"shipping-taxable","15":"purchasable","16":"product-type-simple"},"_links":{"self":[{"href":"https:\/\/liquidmaster.pl\/en\/wp-json\/wp\/v2\/product\/1802586","targetHints":{"allow":["GET"]}}],"collection":[{"href":"https:\/\/liquidmaster.pl\/en\/wp-json\/wp\/v2\/product"}],"about":[{"href":"https:\/\/liquidmaster.pl\/en\/wp-json\/wp\/v2\/types\/product"}],"replies":[{"embeddable":true,"href":"https:\/\/liquidmaster.pl\/en\/wp-json\/wp\/v2\/comments?post=1802586"}],"wp:featuredmedia":[{"embeddable":true,"href":"https:\/\/liquidmaster.pl\/en\/wp-json\/wp\/v2\/media\/1843913"}],"wp:attachment":[{"href":"https:\/\/liquidmaster.pl\/en\/wp-json\/wp\/v2\/media?parent=1802586"}],"wp:term":[{"taxonomy":"product_brand","embeddable":true,"href":"https:\/\/liquidmaster.pl\/en\/wp-json\/wp\/v2\/product_brand?post=1802586"},{"taxonomy":"product_cat","embeddable":true,"href":"https:\/\/liquidmaster.pl\/en\/wp-json\/wp\/v2\/product_cat?post=1802586"},{"taxonomy":"product_tag","embeddable":true,"href":"https:\/\/liquidmaster.pl\/en\/wp-json\/wp\/v2\/product_tag?post=1802586"}],"curies":[{"name":"wp","href":"https:\/\/api.w.org\/{rel}","templated":true}]}}