{"id":1802584,"date":"2025-03-28T00:34:02","date_gmt":"2025-03-27T22:34:02","guid":{"rendered":"https:\/\/liquidmaster.pl\/tornador-black-z-020-rs\/"},"modified":"2026-04-19T03:07:48","modified_gmt":"2026-04-19T01:07:48","slug":"tornador-black-z-020-rs","status":"publish","type":"product","link":"https:\/\/liquidmaster.pl\/en\/tornador-black-z-020-rs\/","title":{"rendered":"Tornador Black Z-020 RS"},"content":{"rendered":"<p>The TORNADOR brand is a world-renowned brand when it comes to professional cleaning tools in the automotive industry.<\/p>\n<p>Technology, how does it work?:<\/p>\n<p>The Tornador Black gun operates on compressed air. The rotary assembly inside the trumpet rotates powerfully, creating a powerful air vortex. This creates a whirlwind (named after Tornado), which powerfully knocks dirt out of the object being cleaned. By dispensing cleaning fluid, which the device atomizes very finely and discharges under high pressure, it allows for quick and effective removal of dirt from the object being cleaned. To quickly complete the cleaning process, dry slightly damp areas with the gun using only high-pressure air, using Tornador technology.<\/p>\n<p>Terms of use of the Tornador Black Z-020RS pistol:<\/p>\n<p>With the new Tornador BLACK Z-020RS, a satisfactory cleaning result is achieved already at a pressure of 4.5 bar. The Tornador BLACK gun even works with a 240V -2.2kW piston compressor with a minimum capacity of 270l\/min. Therefore, the Tornador Black Z-020RS becomes a great device for mobile work.<\/p>\n<p>Features of the Tornador Z-020RS pistol<\/p>\n<ul>\n<li>removes dirt quickly and effectively<\/li>\n<li>cleaning in hard-to-reach places (crevices near the chair)<\/li>\n<li>cleaning function with liquid and air only (armchair washing and drying)\u00a0<\/li>\n<li>ergonomics, vibration reduction, thermal insulation<\/li>\n<li>device for professional use<\/li>\n<li>wear-resistant and reliable<\/li>\n<li>optimized air consumption (only 4.5 bar, 270L\/min)<\/li>\n<li>cooperation with a piston compressor with parameters 240V -2.2kW<\/li>\n<li>useful for overhead work (headliner cleaning)<\/li>\n<\/ul>","protected":false},"excerpt":{"rendered":"<p>Marka TORNADOR to znana marka na ca\u0142ym \u015bwiecie je\u017celi chodzi o profesjonalne narz\u0119dzia do czyszczenia w bran\u017cy motoryzacyjnej. Technologia, jak to dzia\u0142a?: Pistolet Tornador Black dzia\u0142a na spr\u0119\u017cone powietrze. Set rotacyjny wewn\u0105trz tr\u0105bki rotuje z du\u017c\u0105 moc\u0105 co powoduje bardzo mocne\u00a0zawirowanie powietrze. Tworzy si\u0119 prosto m\u00f3wi\u0105c\u00a0tzw. tr\u0105ba powietrzna (nazwa od Tornado), kt\u00f3ra z du\u017c\u0105 si\u0142\u0105\u00a0wybija&hellip;&nbsp;<a href=\"https:\/\/liquidmaster.pl\/en\/tornador-black-z-020-rs\/\" rel=\"bookmark\">Read More \u00bb<span class=\"screen-reader-text\">Tornador Black Z-020 RS<\/span><\/a><\/p>","protected":false},"featured_media":1843911,"comment_status":"open","ping_status":"open","template":"","meta":{"neve_meta_sidebar":"","neve_meta_container":"","neve_meta_enable_content_width":"","neve_meta_content_width":0,"neve_meta_title_alignment":"","neve_meta_author_avatar":"","neve_post_elements_order":"","neve_meta_disable_header":"","neve_meta_disable_footer":"","neve_meta_disable_title":"","_themeisle_gutenberg_block_has_review":false},"product_brand":[],"product_cat":[757,942,846],"product_tag":[370],"class_list":{"0":"post-1802584","1":"product","2":"type-product","3":"status-publish","4":"has-post-thumbnail","6":"product_cat-akcesoria","7":"product_cat-pneumatyczne-pistolety-czyszczace","8":"product_cat-reszta","9":"product_tag-tornador","11":"first","12":"instock","13":"taxable","14":"shipping-taxable","15":"purchasable","16":"product-type-simple"},"_links":{"self":[{"href":"https:\/\/liquidmaster.pl\/en\/wp-json\/wp\/v2\/product\/1802584","targetHints":{"allow":["GET"]}}],"collection":[{"href":"https:\/\/liquidmaster.pl\/en\/wp-json\/wp\/v2\/product"}],"about":[{"href":"https:\/\/liquidmaster.pl\/en\/wp-json\/wp\/v2\/types\/product"}],"replies":[{"embeddable":true,"href":"https:\/\/liquidmaster.pl\/en\/wp-json\/wp\/v2\/comments?post=1802584"}],"wp:featuredmedia":[{"embeddable":true,"href":"https:\/\/liquidmaster.pl\/en\/wp-json\/wp\/v2\/media\/1843911"}],"wp:attachment":[{"href":"https:\/\/liquidmaster.pl\/en\/wp-json\/wp\/v2\/media?parent=1802584"}],"wp:term":[{"taxonomy":"product_brand","embeddable":true,"href":"https:\/\/liquidmaster.pl\/en\/wp-json\/wp\/v2\/product_brand?post=1802584"},{"taxonomy":"product_cat","embeddable":true,"href":"https:\/\/liquidmaster.pl\/en\/wp-json\/wp\/v2\/product_cat?post=1802584"},{"taxonomy":"product_tag","embeddable":true,"href":"https:\/\/liquidmaster.pl\/en\/wp-json\/wp\/v2\/product_tag?post=1802584"}],"curies":[{"name":"wp","href":"https:\/\/api.w.org\/{rel}","templated":true}]}}