{"id":1802554,"date":"2025-03-28T00:29:48","date_gmt":"2025-03-27T22:29:48","guid":{"rendered":"https:\/\/liquidmaster.pl\/meguiars-tire-dressing-applicator-pad-aplikator-do-opon\/"},"modified":"2026-04-18T04:21:54","modified_gmt":"2026-04-18T02:21:54","slug":"meguiars-tire-dressing-applicator-pad-aplikator-do-opon","status":"publish","type":"product","link":"https:\/\/liquidmaster.pl\/en\/meguiars-tire-dressing-applicator-pad-aplikator-do-opon\/","title":{"rendered":"Meguiar&#039;s Tire Dressing Applicator Pad - tire applicator"},"content":{"rendered":"<p>Applicator for easy application of dressing to tires<\/p>\n<p>Meguiar&#039;s Tire Dressing Applicator Pad is ergonomic, making it easier and more precise to apply the product. Perfectly designed applicator contours prevent your hands from getting dirty and fit any tire. Includes a handy, protective closure for easy storage. <\/p>","protected":false},"excerpt":{"rendered":"<p>Aplikator u\u0142atwiaj\u0105cy nanoszenie dressingu na opony Meguiar\u2019s Tyre Dressing Applicator Pad jest ergonomiczny, dzi\u0119ki czemu u\u0142atwia i pozwala na dok\u0142adniejsze nak\u0142adanie produktu. Idealnie zaprojektowane kontury aplikatora zapobiegaj\u0105 zabrudzeniu r\u0105k i pasuj\u0105 do ka\u017cdej opony. Zawiera por\u0119czne, ochronne zamykanie u\u0142atwiaj\u0105ce przechowywanie.<\/p>","protected":false},"featured_media":1843851,"comment_status":"open","ping_status":"open","template":"","meta":{"neve_meta_sidebar":"","neve_meta_container":"","neve_meta_enable_content_width":"","neve_meta_content_width":0,"neve_meta_title_alignment":"","neve_meta_author_avatar":"","neve_post_elements_order":"","neve_meta_disable_header":"","neve_meta_disable_footer":"","neve_meta_disable_title":"","_themeisle_gutenberg_block_has_review":false},"product_brand":[],"product_cat":[745,733,779],"product_tag":[322],"class_list":{"0":"post-1802554","1":"product","2":"type-product","3":"status-publish","4":"has-post-thumbnail","6":"product_cat-kola-i-opony","7":"product_cat-na-zewnatrz","8":"product_cat-szczotki-pedzelki-i-aplikatory-do-kol","9":"product_tag-meguiars","11":"first","12":"instock","13":"taxable","14":"shipping-taxable","15":"purchasable","16":"product-type-simple"},"_links":{"self":[{"href":"https:\/\/liquidmaster.pl\/en\/wp-json\/wp\/v2\/product\/1802554","targetHints":{"allow":["GET"]}}],"collection":[{"href":"https:\/\/liquidmaster.pl\/en\/wp-json\/wp\/v2\/product"}],"about":[{"href":"https:\/\/liquidmaster.pl\/en\/wp-json\/wp\/v2\/types\/product"}],"replies":[{"embeddable":true,"href":"https:\/\/liquidmaster.pl\/en\/wp-json\/wp\/v2\/comments?post=1802554"}],"wp:featuredmedia":[{"embeddable":true,"href":"https:\/\/liquidmaster.pl\/en\/wp-json\/wp\/v2\/media\/1843851"}],"wp:attachment":[{"href":"https:\/\/liquidmaster.pl\/en\/wp-json\/wp\/v2\/media?parent=1802554"}],"wp:term":[{"taxonomy":"product_brand","embeddable":true,"href":"https:\/\/liquidmaster.pl\/en\/wp-json\/wp\/v2\/product_brand?post=1802554"},{"taxonomy":"product_cat","embeddable":true,"href":"https:\/\/liquidmaster.pl\/en\/wp-json\/wp\/v2\/product_cat?post=1802554"},{"taxonomy":"product_tag","embeddable":true,"href":"https:\/\/liquidmaster.pl\/en\/wp-json\/wp\/v2\/product_tag?post=1802554"}],"curies":[{"name":"wp","href":"https:\/\/api.w.org\/{rel}","templated":true}]}}