{"id":1802542,"date":"2025-03-28T00:28:10","date_gmt":"2025-03-27T22:28:10","guid":{"rendered":"https:\/\/liquidmaster.pl\/meguiars-3-in-1-wax-473ml-czysci-nablyszcza-i-zabezpiecza-lakier\/"},"modified":"2026-04-18T04:21:53","modified_gmt":"2026-04-18T02:21:53","slug":"meguiars-3-in-1-wax-473ml-czysci-nablyszcza-i-zabezpiecza-lakier","status":"publish","type":"product","link":"https:\/\/liquidmaster.pl\/en\/meguiars-3-in-1-wax-473ml-czysci-nablyszcza-i-zabezpiecza-lakier\/","title":{"rendered":"Meguiar&#039;s 3 in 1 Wax 473ml \u2013 cleans, polishes and protects paint"},"content":{"rendered":"<p>Not everyone has the time and energy for a full-scale cleaning, polishing and waxing of their car&#039;s paint. Meguiar&#039;s offers an amazing solution for this purpose - 3in1 Wax. This unique formula simultaneously cleanses, polishes and protects for amazing results in one simple step! Advanced abrasive technology quickly and safely removes circular scratches, water stains and other paint contamination.<\/p>\n<p>Rich polishing oils enrich the color, depth, shine and shine of the varnish. This formula is also a unique blend of synthetic waxes and Carnauba, which ensures intense water beading and a durable protective barrier for the paint. Meguiar&#039;s 3-in-1 Wax is an easy-to-use wax that removes flaws, improves shine and provides lasting protection, and is easy to apply and polish without sacrificing amazing results.\u00a0<\/p>\n<ul>\n<li>\u00a0Liquid wax that cleans, polishes and protects in one easy-to-use solution\u00a0<\/li>\n<li>\u00a0Gently cleans the paint, removing minor defects while protecting the wax<\/li>\n<li>\u00a0Provides greater color depth, shine and shine<\/li>\n<li>\u00a0Provides long-lasting protection based on high-quality components<\/li>\n<li>\u00a0Easier to use than traditional carnauba wax<\/li>\n<\/ul>\n<p>\u00a0<\/p><\/p>","protected":false},"excerpt":{"rendered":"<p>Nie ka\u017cdy ma czas i energi\u0119 na pe\u0142nowymiarowe czyszczenie, polerowanie i woskowanie lakieru swojego samochodu. Meguiar\u2019s proponuje w tym celu niesamowite rozwi\u0105zanie &#8211; 3in1 Wax. Ta unikalna formu\u0142a jednocze\u015bnie oczyszcza, poleruje i chroni, zapewniaj\u0105c niesamowite rezultaty w jednym prostym kroku! Zaawansowana technologia \u015bcierna szybko i bezpiecznie usuwa koliste zarysowania, plamy po wodzie i inne zabrudzenia&hellip;&nbsp;<a href=\"https:\/\/liquidmaster.pl\/en\/meguiars-3-in-1-wax-473ml-czysci-nablyszcza-i-zabezpiecza-lakier\/\" rel=\"bookmark\">Read More \u00bb<span class=\"screen-reader-text\">Meguiar&#039;s 3 in 1 Wax 473ml \u2013 cleans, polishes and protects paint<\/span><\/a><\/p>","protected":false},"featured_media":1843823,"comment_status":"open","ping_status":"open","template":"","meta":{"neve_meta_sidebar":"","neve_meta_container":"","neve_meta_enable_content_width":"","neve_meta_content_width":0,"neve_meta_title_alignment":"","neve_meta_author_avatar":"","neve_post_elements_order":"","neve_meta_disable_header":"","neve_meta_disable_footer":"","neve_meta_disable_title":"","_themeisle_gutenberg_block_has_review":false},"product_brand":[],"product_cat":[809,733,808],"product_tag":[322],"class_list":{"0":"post-1802542","1":"product","2":"type-product","3":"status-publish","4":"has-post-thumbnail","6":"product_cat-all-in-one-aio","7":"product_cat-na-zewnatrz","8":"product_cat-przygotowanie-lakieru","9":"product_tag-meguiars","11":"first","12":"instock","13":"taxable","14":"shipping-taxable","15":"purchasable","16":"product-type-simple"},"_links":{"self":[{"href":"https:\/\/liquidmaster.pl\/en\/wp-json\/wp\/v2\/product\/1802542","targetHints":{"allow":["GET"]}}],"collection":[{"href":"https:\/\/liquidmaster.pl\/en\/wp-json\/wp\/v2\/product"}],"about":[{"href":"https:\/\/liquidmaster.pl\/en\/wp-json\/wp\/v2\/types\/product"}],"replies":[{"embeddable":true,"href":"https:\/\/liquidmaster.pl\/en\/wp-json\/wp\/v2\/comments?post=1802542"}],"wp:featuredmedia":[{"embeddable":true,"href":"https:\/\/liquidmaster.pl\/en\/wp-json\/wp\/v2\/media\/1843823"}],"wp:attachment":[{"href":"https:\/\/liquidmaster.pl\/en\/wp-json\/wp\/v2\/media?parent=1802542"}],"wp:term":[{"taxonomy":"product_brand","embeddable":true,"href":"https:\/\/liquidmaster.pl\/en\/wp-json\/wp\/v2\/product_brand?post=1802542"},{"taxonomy":"product_cat","embeddable":true,"href":"https:\/\/liquidmaster.pl\/en\/wp-json\/wp\/v2\/product_cat?post=1802542"},{"taxonomy":"product_tag","embeddable":true,"href":"https:\/\/liquidmaster.pl\/en\/wp-json\/wp\/v2\/product_tag?post=1802542"}],"curies":[{"name":"wp","href":"https:\/\/api.w.org\/{rel}","templated":true}]}}