{"id":1802532,"date":"2025-03-28T00:26:43","date_gmt":"2025-03-27T22:26:43","guid":{"rendered":"https:\/\/liquidmaster.pl\/meguiars-ultimate-washwax-473ml-szampon-samochodowy-z-woskiem\/"},"modified":"2026-04-20T07:59:46","modified_gmt":"2026-04-20T05:59:46","slug":"meguiars-ultimate-washwax-473ml-szampon-samochodowy-z-woskiem","status":"publish","type":"product","link":"https:\/\/liquidmaster.pl\/en\/meguiars-ultimate-washwax-473ml-szampon-samochodowy-z-woskiem\/","title":{"rendered":"Meguiar&#039;s Ultimate Wash&amp;Wax 473ml - car shampoo with wax"},"content":{"rendered":"<p>Car shampoo with wax (473ml)<\/p>\n<p>Traditional wax shampoos tend to lather poorly and provide poor shine and protection, but never more! Meguiar&#039;s hybrid blend of premium carnauba wax and synthetic polymers provides protection and shine while washing... and the foam? There&#039;s also &quot;Ultimate&quot;! Hybrid (carnauba\/polymers) wax protection, incredible foam safely removes dirt and impurities and enhances shine and shine in one simple step. Ultimate Wash &amp; Wax is the perfect solution to wash and shine your car&#039;s paint between regular waxings, enhancing protection, shine and shine! Meguiar&#039;s Ultimate Wash &amp; Wax is compatible with all Meguiar&#039;s shampoos and waxes.<\/p>","protected":false},"excerpt":{"rendered":"<p>Szampon samochodowy z woskiem (473ml) Tradycyjne szampony z woskiem zazwyczaj s\u0142abo si\u0119 pieni\u0105, zapewniaj\u0105 s\u0142aby blask i ochron\u0119, ale nigdy wi\u0119cej! Hybrydowa mieszanka premium wosku karnauba i syntetycznych polimer\u00f3w Meguiar\u2019s zapewnia ochron\u0119 i blask podczas mycia\u2026 a piana? Jest tak\u017ce \u201eUltimate\u201d! Hybrydowa (karnauba\/polimery) woskowa ochrona, niewiarygodna piana bezpiecznie odspaja brud i zanieczyszczenia, a tak\u017ce uwydatnia&hellip;&nbsp;<a href=\"https:\/\/liquidmaster.pl\/en\/meguiars-ultimate-washwax-473ml-szampon-samochodowy-z-woskiem\/\" rel=\"bookmark\">Read More \u00bb<span class=\"screen-reader-text\">Meguiar&#039;s Ultimate Wash&amp;Wax 473ml - car shampoo with wax<\/span><\/a><\/p>","protected":false},"featured_media":1843805,"comment_status":"open","ping_status":"open","template":"","meta":{"neve_meta_sidebar":"","neve_meta_container":"","neve_meta_enable_content_width":"","neve_meta_content_width":0,"neve_meta_title_alignment":"","neve_meta_author_avatar":"","neve_post_elements_order":"","neve_meta_disable_header":"","neve_meta_disable_footer":"","neve_meta_disable_title":"","_themeisle_gutenberg_block_has_review":false},"product_brand":[],"product_cat":[734,733,740],"product_tag":[322],"class_list":{"0":"post-1802532","1":"product","2":"type-product","3":"status-publish","4":"has-post-thumbnail","6":"product_cat-mycie-i-osuszanie","7":"product_cat-na-zewnatrz","8":"product_cat-szampony-mycie-i-osuszanie","9":"product_tag-meguiars","11":"first","12":"instock","13":"taxable","14":"shipping-taxable","15":"purchasable","16":"product-type-simple"},"_links":{"self":[{"href":"https:\/\/liquidmaster.pl\/en\/wp-json\/wp\/v2\/product\/1802532","targetHints":{"allow":["GET"]}}],"collection":[{"href":"https:\/\/liquidmaster.pl\/en\/wp-json\/wp\/v2\/product"}],"about":[{"href":"https:\/\/liquidmaster.pl\/en\/wp-json\/wp\/v2\/types\/product"}],"replies":[{"embeddable":true,"href":"https:\/\/liquidmaster.pl\/en\/wp-json\/wp\/v2\/comments?post=1802532"}],"wp:featuredmedia":[{"embeddable":true,"href":"https:\/\/liquidmaster.pl\/en\/wp-json\/wp\/v2\/media\/1843805"}],"wp:attachment":[{"href":"https:\/\/liquidmaster.pl\/en\/wp-json\/wp\/v2\/media?parent=1802532"}],"wp:term":[{"taxonomy":"product_brand","embeddable":true,"href":"https:\/\/liquidmaster.pl\/en\/wp-json\/wp\/v2\/product_brand?post=1802532"},{"taxonomy":"product_cat","embeddable":true,"href":"https:\/\/liquidmaster.pl\/en\/wp-json\/wp\/v2\/product_cat?post=1802532"},{"taxonomy":"product_tag","embeddable":true,"href":"https:\/\/liquidmaster.pl\/en\/wp-json\/wp\/v2\/product_tag?post=1802532"}],"curies":[{"name":"wp","href":"https:\/\/api.w.org\/{rel}","templated":true}]}}