{"id":1802527,"date":"2025-03-28T00:25:59","date_gmt":"2025-03-27T22:25:59","guid":{"rendered":"https:\/\/liquidmaster.pl\/meguiars-ultimate-all-wheel-cleaner-709ml-zel-do-mycia-felg\/"},"modified":"2026-04-18T04:21:49","modified_gmt":"2026-04-18T02:21:49","slug":"meguiars-ultimate-all-wheel-cleaner-709ml-zel-do-mycia-felg","status":"publish","type":"product","link":"https:\/\/liquidmaster.pl\/en\/meguiars-ultimate-all-wheel-cleaner-709ml-zel-do-mycia-felg\/","title":{"rendered":"Meguiar&#039;s Ultimate All Wheel Cleaner 709ml \u2013 gel for cleaning rims"},"content":{"rendered":"<p>Our most advanced rim cleaning gel<\/p>\n<ul>\n<li>Quickly dissolves dust from brake pads<\/li>\n<li>Tough on dirt and road grime<\/li>\n<li>Balanced pH, safe for all types of rims<\/li>\n<\/ul>\n<p>Meguiar&#039;s Ultimate All Wheel Cleaner provides the highest cleaning performance that is also safe for all types of wheels! This advanced chemistry combines dirt-attacking surfactants with brake pad dust-dissolving active agents. The intensively cleaning gel formula changes the color of brake dust to purple and road dirt to brown, and at the same time gently removes difficult-to-remove contaminants. And because it is acid-free and pH balanced, this product is safe and effective on ALL types of rims and painted brake components.<\/p>\n<p>HOW TO USE: DO NOT RINSE THE WHEELS WITH WATER BEFORE USING THE PRODUCT. Use on cool wheels and brakes in the shade.<br \/>\n1. Spray a generous amount, covering the entire wheel.<br \/>\n2. Leave the product for 2 - 4 minutes. Do not allow the product to dry on the surface.<br \/>\n3. Spray with a strong stream of water.<br \/>\n4. Dry the wheels to prevent water stains.<\/p>\n<p>TIP: For heavily dirty or neglected wheels, it may be necessary to use a brush or brush to clean the rims.<\/p>","protected":false},"excerpt":{"rendered":"<p>Nasz najbardziej zaawansowany \u017cel do mycia felg Szybko rozpuszcza py\u0142 z klock\u00f3w hamulcowych Bezwzgl\u0119dny dla zabrudze\u0144 i brudu drogowego Zr\u00f3wnowa\u017cone pH, bezpieczny dla wszystkich rodzaj\u00f3w felg Meguiar\u2019s Ultimate All Wheel Cleaner zapewnia najwy\u017csz\u0105 wydajno\u015b\u0107 czyszczenia, kt\u00f3ra jest r\u00f3wnie\u017c bezpieczna dla wszystkich rodzaj\u00f3w k\u00f3\u0142! Ta zaawansowana chemia \u0142\u0105czy \u015brodki powierzchniowo czynne atakuj\u0105ce brud z czynnymi \u015brodkami&hellip;&nbsp;<a href=\"https:\/\/liquidmaster.pl\/en\/meguiars-ultimate-all-wheel-cleaner-709ml-zel-do-mycia-felg\/\" rel=\"bookmark\">Read More \u00bb<span class=\"screen-reader-text\">Meguiar&#039;s Ultimate All Wheel Cleaner 709ml \u2013 gel for cleaning rims<\/span><\/a><\/p>","protected":false},"featured_media":1843797,"comment_status":"open","ping_status":"open","template":"","meta":{"neve_meta_sidebar":"","neve_meta_container":"","neve_meta_enable_content_width":"","neve_meta_content_width":0,"neve_meta_title_alignment":"","neve_meta_author_avatar":"","neve_post_elements_order":"","neve_meta_disable_header":"","neve_meta_disable_footer":"","neve_meta_disable_title":"","_themeisle_gutenberg_block_has_review":false},"product_brand":[],"product_cat":[746,745,733],"product_tag":[322],"class_list":{"0":"post-1802527","1":"product","2":"type-product","3":"status-publish","4":"has-post-thumbnail","6":"product_cat-czyszczenie-felg","7":"product_cat-kola-i-opony","8":"product_cat-na-zewnatrz","9":"product_tag-meguiars","11":"first","12":"instock","13":"taxable","14":"shipping-taxable","15":"purchasable","16":"product-type-simple"},"_links":{"self":[{"href":"https:\/\/liquidmaster.pl\/en\/wp-json\/wp\/v2\/product\/1802527","targetHints":{"allow":["GET"]}}],"collection":[{"href":"https:\/\/liquidmaster.pl\/en\/wp-json\/wp\/v2\/product"}],"about":[{"href":"https:\/\/liquidmaster.pl\/en\/wp-json\/wp\/v2\/types\/product"}],"replies":[{"embeddable":true,"href":"https:\/\/liquidmaster.pl\/en\/wp-json\/wp\/v2\/comments?post=1802527"}],"wp:featuredmedia":[{"embeddable":true,"href":"https:\/\/liquidmaster.pl\/en\/wp-json\/wp\/v2\/media\/1843797"}],"wp:attachment":[{"href":"https:\/\/liquidmaster.pl\/en\/wp-json\/wp\/v2\/media?parent=1802527"}],"wp:term":[{"taxonomy":"product_brand","embeddable":true,"href":"https:\/\/liquidmaster.pl\/en\/wp-json\/wp\/v2\/product_brand?post=1802527"},{"taxonomy":"product_cat","embeddable":true,"href":"https:\/\/liquidmaster.pl\/en\/wp-json\/wp\/v2\/product_cat?post=1802527"},{"taxonomy":"product_tag","embeddable":true,"href":"https:\/\/liquidmaster.pl\/en\/wp-json\/wp\/v2\/product_tag?post=1802527"}],"curies":[{"name":"wp","href":"https:\/\/api.w.org\/{rel}","templated":true}]}}