{"id":1802507,"date":"2025-03-28T00:22:42","date_gmt":"2025-03-27T22:22:42","guid":{"rendered":"https:\/\/liquidmaster.pl\/evoxa-hdx-8-orbitalna-polerka-samochodowa\/"},"modified":"2026-04-18T04:21:46","modified_gmt":"2026-04-18T02:21:46","slug":"evoxa-hdx-8-orbitalna-polerka-samochodowa","status":"publish","type":"product","link":"https:\/\/liquidmaster.pl\/en\/evoxa-hdx-8-orbitalna-polerka-samochodowa\/","title":{"rendered":"Evoxa HDX 8 - orbital car polisher"},"content":{"rendered":"<p class=\"_28cEs\" data-hook=\"description\">Evoxa HDX8 Mk II \u2013 this is the second generation of planetary polishers, intended for professional use. It is an eccentric polisher with a stroke of 8 mm with the X-Drive system which forces the rotation of the work plate using an additional set of gears. With a stroke of 8 mm, this polisher offers work efficiency on flat surfaces comparable to Dual Action polisher with a stroke of 21 mm and is definitely superior to them on rounded, concave or embossed surfaces thanks to the high eccentric speed and constant rotation of the disc.<\/p>\n<p>Compared to the first version, a lot of design changes have been introduced that translate into comfort of work. What catches the eye is a completely new housing design, which is very ergonomic and compact. It is made of good quality material with Soft Grip inserts on the front and rear handles. The characteristic handle at the front of the machine has been profiled in such a way that it constitutes an ergonomic extension of the head cover and provides a firm grip for people who like large heads. People who prefer more compact housings can completely dismantle it and work with a smaller but equally well-shaped head.<br \/>\nThere are rubberized feet on the back of the housing for convenient and safe placing of the machine on the floor, and a 5-meter soft and non-twisting power cable is inserted into the housing using a movable ball holder.<br \/>\n\u00a0<\/p>\n<p>The next big changes took place inside the machine. The second generation received a 30% more powerful 1200W engine with the same good build quality as its predecessor and the same mounted on NSK brand bearings. The electronics controlling the speed is equipped with the Soft Start system and effective speed stabilization with a rotor speed sensor. A new type of switch with a lock at a set speed was also used.<br \/>\nThe eccentric system with the rotation forcing unit is also completely new. This improved the comfort of driving the machine and reduced its noise and vibrations. All bearings of the angular gear and the eccentric system are also proven, branded NSK.<br \/>\nThanks to the use of new construction materials in the X-Drive system and an aluminum-composite cover, the weight of the machine was reduced to 2.5 kg. It is currently the lightest planetary polisher on the market and has the most powerful engine.<\/p>\n<p>\u00a0<\/p>\n<p>An important element that many companies have problems with is the backing plate for mounting polishing pads. The structural part is made of laminate, which guarantees that it will not tear as a result of the large forces accompanying the operation of the eccentric. The mounting system has also changed. It is no longer fastened with one central screw in contact with the bearing pin, but with 6 Allen screws distributed evenly around the circumference, which limited the heat conduction from the bearings towards the pad. In addition, the design of the work plate itself has also changed. It is no longer integrated with the drive gear, which reduces its costs when replacing it. \u00a0<\/p>\n<p>Thanks to such technical characteristics and ergonomic casing, the machine is very comfortable to use and its effectiveness positively surprises many supporters of branded polishers while maintaining an attractive price level.<\/p>\n<p>The polisher is covered by a 24-month warranty, even when used professionally. It is possible to extend the warranty in the EVO+ service system.<\/p>\n<p>\u00a0<\/p>\n<p>\u2013 engine power: 1200 W<\/p>\n<p>\u2013 eccentric movement revolutions: 3300 \u2013 9700 OPM<br \/>\n\u2013 plate rotation: 170 \u2013 490 RPM\u00a0 \u00a0\u00a0\u00a0\u00a0\u00a0\u00a0\u00a0<\/p>\n<p>\u2013 thrust plate 125 mm<\/p>\n<p>\u2013 soft start<\/p>\n<p>\u2013 rotation stabilization<\/p>\n<p>\u2013 all NSK brand bearings<\/p>\n<p>\u2013 very soft power cord, 5 m long<\/p>\n<p>\u2013 rubber-coated front grip and rear handle<\/p>\n<p>\u2013 comfortable rubber supports for putting the polisher away<\/p>\n<p>\u2013 additional, soft side handle<\/p>\n<p>\u2013 spare brushes and a wrench for mounting the plate included<\/p>\n<p>\u2013 weight 2.5 kg<\/p>\n<p>\u00a0<\/p>","protected":false},"excerpt":{"rendered":"<p>Evoxa HDX8 Mk II \u2013 to druga generacja polerek planetarnych, przeznaczona do u\u017cytku profesjonalnego. Jest to polerka mimo\u015brodowa o skoku 8mm z systemem X-Drive kt\u00f3ry wymusza ruch obrotowy talerza roboczego za pomoc\u0105 dodatkowego zespo\u0142u przek\u0142adni z\u0119batych. Polerka ta przy skoku 8mm oferuje efektywno\u015b\u0107 pracy na p\u0142askich powierzchniach por\u00f3wnywaln\u0105 do polerek Dual Action o skoku 21mm&hellip;&nbsp;<a href=\"https:\/\/liquidmaster.pl\/en\/evoxa-hdx-8-orbitalna-polerka-samochodowa\/\" rel=\"bookmark\">Read More \u00bb<span class=\"screen-reader-text\">Evoxa HDX 8 - orbital car polisher<\/span><\/a><\/p>","protected":false},"featured_media":1843750,"comment_status":"open","ping_status":"open","template":"","meta":{"neve_meta_sidebar":"","neve_meta_container":"","neve_meta_enable_content_width":"","neve_meta_content_width":0,"neve_meta_title_alignment":"","neve_meta_author_avatar":"","neve_post_elements_order":"","neve_meta_disable_header":"","neve_meta_disable_footer":"","neve_meta_disable_title":"","_themeisle_gutenberg_block_has_review":false},"product_brand":[],"product_cat":[889,806,748],"product_tag":[290],"class_list":{"0":"post-1802507","1":"product","2":"type-product","3":"status-publish","4":"has-post-thumbnail","6":"product_cat-maszyny-planetarne","7":"product_cat-maszyny-polerskie","8":"product_cat-polerowanie","9":"product_tag-evoxa","11":"first","12":"outofstock","13":"taxable","14":"shipping-taxable","15":"purchasable","16":"product-type-simple"},"_links":{"self":[{"href":"https:\/\/liquidmaster.pl\/en\/wp-json\/wp\/v2\/product\/1802507","targetHints":{"allow":["GET"]}}],"collection":[{"href":"https:\/\/liquidmaster.pl\/en\/wp-json\/wp\/v2\/product"}],"about":[{"href":"https:\/\/liquidmaster.pl\/en\/wp-json\/wp\/v2\/types\/product"}],"replies":[{"embeddable":true,"href":"https:\/\/liquidmaster.pl\/en\/wp-json\/wp\/v2\/comments?post=1802507"}],"wp:featuredmedia":[{"embeddable":true,"href":"https:\/\/liquidmaster.pl\/en\/wp-json\/wp\/v2\/media\/1843750"}],"wp:attachment":[{"href":"https:\/\/liquidmaster.pl\/en\/wp-json\/wp\/v2\/media?parent=1802507"}],"wp:term":[{"taxonomy":"product_brand","embeddable":true,"href":"https:\/\/liquidmaster.pl\/en\/wp-json\/wp\/v2\/product_brand?post=1802507"},{"taxonomy":"product_cat","embeddable":true,"href":"https:\/\/liquidmaster.pl\/en\/wp-json\/wp\/v2\/product_cat?post=1802507"},{"taxonomy":"product_tag","embeddable":true,"href":"https:\/\/liquidmaster.pl\/en\/wp-json\/wp\/v2\/product_tag?post=1802507"}],"curies":[{"name":"wp","href":"https:\/\/api.w.org\/{rel}","templated":true}]}}