{"id":1802502,"date":"2025-03-28T00:22:02","date_gmt":"2025-03-27T22:22:02","guid":{"rendered":"https:\/\/liquidmaster.pl\/evoxa-hdr-500-rotacyjna-polerka-samochodowa\/"},"modified":"2026-04-20T07:59:40","modified_gmt":"2026-04-20T05:59:40","slug":"evoxa-hdr-500-rotacyjna-polerka-samochodowa","status":"publish","type":"product","link":"https:\/\/liquidmaster.pl\/en\/evoxa-hdr-500-rotacyjna-polerka-samochodowa\/","title":{"rendered":"Evoxa HDR 500 - rotary car polisher"},"content":{"rendered":"<p style=\"box-sizing: border-box; border-width: 0px; font-weight: 700; line-height: 1.1; caret-color: rgb(0, 0, 0); color: rgb(0, 0, 0); font-family: source_sans_pro;\">Evoxa HDR 500:<\/p>\n<p style=\"box-sizing: border-box; border-width: 0px; margin: 8px 0px;\">is a rotary polisher belonging to the PROFESSIONAL line - dedicated to car detailing and painting.<br style=\"box-sizing: border-box; border-width: 0px;\" \/><br \/>\nIt uses a new 1200W motor, which cooperates with an effective revolutions stabilization system connected to a sensor transmitting information about the current revolutions. Thanks to this, the rev stabilization system constantly corrects and provides appropriate engine power to maintain the set rpm. The electronics module also has a Soft Start function, which makes it easier to spread the paste without splashing it, and the speed potentiometer itself is in a version with the so-called &quot;clicks&quot; increasing the ease of rotation control. A very important feature of the polisher is the optimally selected speed range from 400 to 2200 RPM. This allows you to work with modern pastes requiring low speeds without negatively affecting the engine load when operating at low speeds.<br style=\"box-sizing: border-box; border-width: 0px;\" \/><br \/>\nThis machine has 30% more torque than the HDR400 mkII model. This is the result of the use of a new two-stage gear transmission with a larger ratio and a lock for quick replacement of the working plates.<br style=\"box-sizing: border-box; border-width: 0px;\" \/><br \/>\nCompared to the gearbox from the lower model, it uses a different arrangement of gears to accommodate larger bearings, which improves the heat balance and the machine performs very favorably in this respect.<br style=\"box-sizing: border-box; border-width: 0px;\" \/><br \/>\nThe gear arrangement itself is also very important, thanks to which the spindle for mounting the work plate is close to the longitudinal axis of the machine. In practice, this translates into very smooth operation of the machine during operation because the center of gravity of the polisher is located low above the element, as a result of which the rotational movement of the work plate is subject to little precession. This phenomenon is known from the operation of, for example, a spinning top or a gyroscope. In short, the higher the rotary polisher is placed above the element, the more restless it is and the less &quot;balanced&quot; it is.<br style=\"box-sizing: border-box; border-width: 0px;\" \/><br \/>\nThe housing of the HDR500 polisher is very ergonomic and made of good material covered with Soft Grip elements in the front grip and rear handle. There are rubber feet on the back for convenient and safe placing of the machine on the floor, and the 5-meter soft and non-twisting power cable is inserted into the housing using a movable ball holder.<\/p>\n<p style=\"box-sizing: border-box; border-width: 0px; margin: 8px 0px;\">The polisher is covered by a 24-month warranty even when used professionally. It is possible to extend the warranty in the EVO+ service system.<\/p>\n<ul style=\"box-sizing: border-box; border-width: 0px; position: relative;\">\n<li style=\"box-sizing: border-box; border-width: 0px;\">motor power: 1200 W<\/li>\n<li style=\"box-sizing: border-box; border-width: 0px;\">revolutions: 400-2200 RPM<\/li>\n<li style=\"box-sizing: border-box; border-width: 0px;\">thrust plate 125 mm, thread M14 \/ (maximum 150 mm)<\/li>\n<li style=\"box-sizing: border-box; border-width: 0px;\">soft start<\/li>\n<li style=\"box-sizing: border-box; border-width: 0px;\">rotation stabilization<\/li>\n<li style=\"box-sizing: border-box; border-width: 0px;\">spindle lock<\/li>\n<li style=\"box-sizing: border-box; border-width: 0px;\">all NSK brand bearings<\/li>\n<li style=\"box-sizing: border-box; border-width: 0px;\">5m extra soft power cord<\/li>\n<li style=\"box-sizing: border-box; border-width: 0px;\">rubber-coated front grip and rear handle<\/li>\n<li style=\"box-sizing: border-box; border-width: 0px;\">comfortable rubber supports for putting the polisher away<\/li>\n<li style=\"box-sizing: border-box; border-width: 0px;\">additional, soft side handle<\/li>\n<li style=\"box-sizing: border-box; border-width: 0px;\">spare brushes included<\/li>\n<li style=\"box-sizing: border-box; border-width: 0px;\">weight 2.3 kg<\/li>\n<\/ul>\n<p style=\"box-sizing: border-box; border-width: 0px;\">Rotational speeds achieved in individual ranges:<\/p>\n<p style=\"box-sizing: border-box; border-width: 0px;box-sizing: border-box; border-width: 0px; margin: 0px;\">1 \u2013 400<\/p>\n<p style=\"box-sizing: border-box; border-width: 0px;box-sizing: border-box; border-width: 0px; margin: 0px;\">2 \u2013 760<br style=\"box-sizing: border-box; border-width: 0px;\" \/><br \/>\n3 \u2013 1120<br style=\"box-sizing: border-box; border-width: 0px;\" \/><br \/>\n4 \u2013 1480<br style=\"box-sizing: border-box; border-width: 0px;\" \/><br \/>\n5 \u2013 1840<br style=\"box-sizing: border-box; border-width: 0px;\" \/><br \/>\n6 \u2013 2200<\/p>","protected":false},"excerpt":{"rendered":"<p>Evoxa HDR 500: to polerka rotacyjna nale\u017c\u0105ca do linii \u2013 PROFESSIONAL \u2013 dedykowana do detailingu i lakiernictwa samochodowego. Zastosowano w niej nowy silnik o mocy 1200W, kt\u00f3ry wsp\u00f3\u0142pracuje z efektywnym systemem stabilizacji obrot\u00f3w po\u0142\u0105czonym z czujnikiem przekazuj\u0105cym informacj\u0119 o aktualnych obrotach. Dzi\u0119ki temu, system stabilizacji obrot\u00f3w na bie\u017c\u0105co koryguje i dostarcza odpowiedni\u0105 moc silnika tak&hellip;&nbsp;<a href=\"https:\/\/liquidmaster.pl\/en\/evoxa-hdr-500-rotacyjna-polerka-samochodowa\/\" rel=\"bookmark\">Read More \u00bb<span class=\"screen-reader-text\">Evoxa HDR 500 - rotary car polisher<\/span><\/a><\/p>","protected":false},"featured_media":1843742,"comment_status":"open","ping_status":"open","template":"","meta":{"neve_meta_sidebar":"","neve_meta_container":"","neve_meta_enable_content_width":"","neve_meta_content_width":0,"neve_meta_title_alignment":"","neve_meta_author_avatar":"","neve_post_elements_order":"","neve_meta_disable_header":"","neve_meta_disable_footer":"","neve_meta_disable_title":"","_themeisle_gutenberg_block_has_review":false},"product_brand":[],"product_cat":[806,828,748],"product_tag":[290],"class_list":{"0":"post-1802502","1":"product","2":"type-product","3":"status-publish","4":"has-post-thumbnail","6":"product_cat-maszyny-polerskie","7":"product_cat-maszyny-rotacyjne","8":"product_cat-polerowanie","9":"product_tag-evoxa","11":"first","12":"outofstock","13":"taxable","14":"shipping-taxable","15":"purchasable","16":"product-type-simple"},"_links":{"self":[{"href":"https:\/\/liquidmaster.pl\/en\/wp-json\/wp\/v2\/product\/1802502","targetHints":{"allow":["GET"]}}],"collection":[{"href":"https:\/\/liquidmaster.pl\/en\/wp-json\/wp\/v2\/product"}],"about":[{"href":"https:\/\/liquidmaster.pl\/en\/wp-json\/wp\/v2\/types\/product"}],"replies":[{"embeddable":true,"href":"https:\/\/liquidmaster.pl\/en\/wp-json\/wp\/v2\/comments?post=1802502"}],"wp:featuredmedia":[{"embeddable":true,"href":"https:\/\/liquidmaster.pl\/en\/wp-json\/wp\/v2\/media\/1843742"}],"wp:attachment":[{"href":"https:\/\/liquidmaster.pl\/en\/wp-json\/wp\/v2\/media?parent=1802502"}],"wp:term":[{"taxonomy":"product_brand","embeddable":true,"href":"https:\/\/liquidmaster.pl\/en\/wp-json\/wp\/v2\/product_brand?post=1802502"},{"taxonomy":"product_cat","embeddable":true,"href":"https:\/\/liquidmaster.pl\/en\/wp-json\/wp\/v2\/product_cat?post=1802502"},{"taxonomy":"product_tag","embeddable":true,"href":"https:\/\/liquidmaster.pl\/en\/wp-json\/wp\/v2\/product_tag?post=1802502"}],"curies":[{"name":"wp","href":"https:\/\/api.w.org\/{rel}","templated":true}]}}