{"id":1802494,"date":"2025-03-28T00:20:53","date_gmt":"2025-03-27T22:20:53","guid":{"rendered":"https:\/\/liquidmaster.pl\/evoxa-hdf-8-mala-mimosrodowa-polerka-samochodowa-da\/"},"modified":"2026-04-20T07:59:38","modified_gmt":"2026-04-20T05:59:38","slug":"evoxa-hdf-8-mala-mimosrodowa-polerka-samochodowa-da","status":"publish","type":"product","link":"https:\/\/liquidmaster.pl\/en\/evoxa-hdf-8-mala-mimosrodowa-polerka-samochodowa-da\/","title":{"rendered":"Evoxa HDF 8 - small eccentric car polisher DA"},"content":{"rendered":"<p>Evoxa HDF8 Polisher<\/p>\n<p>\u00a0<\/p>\n<p style=\"text-align: justify;\">Evoxa HDF8 \u2013 is a small Dual Action polisher which, due to its 8 mm eccentric stroke, is aimed mainly at the amateur market. However, the quality of the machine is not inferior to other Evoxa models. This is evidenced by the fact that it is equipped with the same high-power 850 W motor as the more expensive model aimed at the professional market (HDP10).<\/p>\n<p>\u00a0<\/p>\n<p style=\"text-align: justify;\">Moreover, unlike the competition, all bearings used in this polisher come from the renowned manufacturer NSK, which guarantees a long period of failure-free operation. In this price class, polishing machines are unique equipment. In order to increase comfort during work and its effectiveness, the polisher motor is controlled by electronics with slow start and speed stabilization, which, combined with the very high engine power, facilitates the continuity of the rotation of the work plate.<\/p>\n<p>\u00a0<\/p>\n<p>Evoxa HDF8 \u2013 contents<\/p>\n<p>\u00a0<\/p>\n<p style=\"text-align: justify;\">Another argument in favor of this model is the possibility of replacing the work plate. The set includes two plates with diameters of 75 mm and 125 mm, perfectly matched in weight. The counterweight of the eccentric system of this polisher has been balanced so that vibrations on the plates included in the set are minimal and there is no difference in vibrations when working on both plates.<\/p>\n<p>\u00a0<\/p>\n<p style=\"text-align: justify;\">The work culture and low noise generated by the machine will also be a surprise. Thanks to this characteristic, compact housing and soft, 5 meters long<br \/>\npower cord, the machine is very universal and convenient to use.<\/p>\n<p>\u00a0<\/p>\n<p style=\"text-align: justify;\">The Evoxa HDF8 polisher is covered by a 24-month warranty. It is possible<br \/>\nwarranty extension in the EVO+ service system.<\/p>\n<p>\u00a0<\/p>\n<ul>\n<li>motor power: 850W<\/li>\n<li>revolutions: 2200-6800 rpm<\/li>\n<li>eccentric stroke: 8 mm<\/li>\n<li>thrust plates: 75 mm + 125 mm, 5\/16\u201d UNF<\/li>\n<li>soft start<\/li>\n<li>rotation stabilization<\/li>\n<li>all NSK brand bearings<\/li>\n<li>5m extra soft power cord<\/li>\n<li>additional, soft side handle<\/li>\n<li>Spare brushes and plate wrench included<\/li>\n<li>weight 2.2 kg<\/li>\n<\/ul>\n<p>\u00a0<\/p>","protected":false},"excerpt":{"rendered":"<p>Polerka Evoxa HDF8 \u00a0 Evoxa HDF8 \u2013 to ma\u0142a polerka Dual Action, kt\u00f3ra ze wzgl\u0119du na skok mimo\u015brodu 8 mm,\u00a0skierowana jest g\u0142\u00f3wnie na rynek amatorski. Jednak wykonanie maszyny nie ust\u0119puje jako\u015bci\u0105 pozosta\u0142ym modelom marki Evoxa. \u015awiadczy o tym fakt, \u017ce zosta\u0142a ona wyposa\u017cona w ten sam silnik o du\u017cej mocy 850 W, co dro\u017cszy model&hellip;&nbsp;<a href=\"https:\/\/liquidmaster.pl\/en\/evoxa-hdf-8-mala-mimosrodowa-polerka-samochodowa-da\/\" rel=\"bookmark\">Read More \u00bb<span class=\"screen-reader-text\">Evoxa HDF 8 - small eccentric car polisher DA<\/span><\/a><\/p>","protected":false},"featured_media":1843726,"comment_status":"open","ping_status":"open","template":"","meta":{"neve_meta_sidebar":"","neve_meta_container":"","neve_meta_enable_content_width":"","neve_meta_content_width":0,"neve_meta_title_alignment":"","neve_meta_author_avatar":"","neve_post_elements_order":"","neve_meta_disable_header":"","neve_meta_disable_footer":"","neve_meta_disable_title":"","_themeisle_gutenberg_block_has_review":false},"product_brand":[],"product_cat":[807,806,748],"product_tag":[290],"class_list":{"0":"post-1802494","1":"product","2":"type-product","3":"status-publish","4":"has-post-thumbnail","6":"product_cat-maszyny-dual-action","7":"product_cat-maszyny-polerskie","8":"product_cat-polerowanie","9":"product_tag-evoxa","11":"first","12":"outofstock","13":"taxable","14":"shipping-taxable","15":"purchasable","16":"product-type-simple"},"_links":{"self":[{"href":"https:\/\/liquidmaster.pl\/en\/wp-json\/wp\/v2\/product\/1802494","targetHints":{"allow":["GET"]}}],"collection":[{"href":"https:\/\/liquidmaster.pl\/en\/wp-json\/wp\/v2\/product"}],"about":[{"href":"https:\/\/liquidmaster.pl\/en\/wp-json\/wp\/v2\/types\/product"}],"replies":[{"embeddable":true,"href":"https:\/\/liquidmaster.pl\/en\/wp-json\/wp\/v2\/comments?post=1802494"}],"wp:featuredmedia":[{"embeddable":true,"href":"https:\/\/liquidmaster.pl\/en\/wp-json\/wp\/v2\/media\/1843726"}],"wp:attachment":[{"href":"https:\/\/liquidmaster.pl\/en\/wp-json\/wp\/v2\/media?parent=1802494"}],"wp:term":[{"taxonomy":"product_brand","embeddable":true,"href":"https:\/\/liquidmaster.pl\/en\/wp-json\/wp\/v2\/product_brand?post=1802494"},{"taxonomy":"product_cat","embeddable":true,"href":"https:\/\/liquidmaster.pl\/en\/wp-json\/wp\/v2\/product_cat?post=1802494"},{"taxonomy":"product_tag","embeddable":true,"href":"https:\/\/liquidmaster.pl\/en\/wp-json\/wp\/v2\/product_tag?post=1802494"}],"curies":[{"name":"wp","href":"https:\/\/api.w.org\/{rel}","templated":true}]}}