{"id":1802490,"date":"2025-03-28T00:20:19","date_gmt":"2025-03-27T22:20:19","guid":{"rendered":"https:\/\/liquidmaster.pl\/evoxa-hdd-21-mimosrodowa-polerka-samochodowa-da\/"},"modified":"2026-04-18T04:21:41","modified_gmt":"2026-04-18T02:21:41","slug":"evoxa-hdd-21-mimosrodowa-polerka-samochodowa-da","status":"publish","type":"product","link":"https:\/\/liquidmaster.pl\/en\/evoxa-hdd-21-mimosrodowa-polerka-samochodowa-da\/","title":{"rendered":"Evoxa HDD 21 - DA eccentric car polisher"},"content":{"rendered":"<p>Evoxa HDD21 \u2013 is a Dual Action polishing machine with a stroke of 21mm from the Professional line. <\/p>\n<p>\u00a0<\/p>\n<p>The polisher was created based on the engine and body known from the HDX8 model.<\/p>\n<p>\u00a0<\/p>\n<p>Favorable opinions about the quality and ergonomics of this body resulted in it being used in this machine. Unlike the HDC line machines, it is much shorter and compact. The housing is made of high-quality material with Soft Grip inserts on the front and back of the handle. In addition to the classic front handle, it has an additional handle that is profiled in such a way that it constitutes an ergonomic extension of the head cover and provides a secure grip for people who prefer large heads. People who like compact housings can completely dismantle it and work with a smaller, but also well-shaped, head.<\/p>\n<p>\u00a0<\/p>\n<p>Technical data:<\/p>\n<p>\u00a0<\/p>\n<ul>\n<li>motor power: 1200 W<\/li>\n<li>revolutions: 1400 \u2013 6400 OPM<\/li>\n<li>thrust plate 125 mm (option 150 mm)<\/li>\n<li>soft start<\/li>\n<li>rotation stabilization<\/li>\n<li>all NSK brand bearings<\/li>\n<li>5m extra soft power cord<\/li>\n<li>rubber-coated front grip and rear handle<\/li>\n<li>comfortable rubber supports for putting the polisher away<\/li>\n<li>Spare brushes and plate wrench included<\/li>\n<li>weight 2.5 kg<\/li>\n<\/ul>\n<p>\u00a0<\/p>","protected":false},"excerpt":{"rendered":"<p>Evoxa HDD21 \u2013 to maszyna polerska Dual Action o skoku 21mm z linii Professional. \u00a0 Polerka zosta\u0142a stworzona w oparciu o silnik i korpus znany z modelu HDX8. \u00a0 Pochlebne opinie o jako\u015bci i ergonomii tego korpusu sprawi\u0142y, \u017ce zosta\u0142 on wykorzystany w tej maszynie. W odr\u00f3\u017cnieniu od maszyn z linii HDC jest on zdecydowanie&hellip;&nbsp;<a href=\"https:\/\/liquidmaster.pl\/en\/evoxa-hdd-21-mimosrodowa-polerka-samochodowa-da\/\" rel=\"bookmark\">Read More \u00bb<span class=\"screen-reader-text\">Evoxa HDD 21 - DA eccentric car polisher<\/span><\/a><\/p>","protected":false},"featured_media":1843718,"comment_status":"open","ping_status":"open","template":"","meta":{"neve_meta_sidebar":"","neve_meta_container":"","neve_meta_enable_content_width":"","neve_meta_content_width":0,"neve_meta_title_alignment":"","neve_meta_author_avatar":"","neve_post_elements_order":"","neve_meta_disable_header":"","neve_meta_disable_footer":"","neve_meta_disable_title":"","_themeisle_gutenberg_block_has_review":false},"product_brand":[],"product_cat":[807,806,748],"product_tag":[290],"class_list":{"0":"post-1802490","1":"product","2":"type-product","3":"status-publish","4":"has-post-thumbnail","6":"product_cat-maszyny-dual-action","7":"product_cat-maszyny-polerskie","8":"product_cat-polerowanie","9":"product_tag-evoxa","11":"first","12":"instock","13":"taxable","14":"shipping-taxable","15":"purchasable","16":"product-type-simple"},"_links":{"self":[{"href":"https:\/\/liquidmaster.pl\/en\/wp-json\/wp\/v2\/product\/1802490","targetHints":{"allow":["GET"]}}],"collection":[{"href":"https:\/\/liquidmaster.pl\/en\/wp-json\/wp\/v2\/product"}],"about":[{"href":"https:\/\/liquidmaster.pl\/en\/wp-json\/wp\/v2\/types\/product"}],"replies":[{"embeddable":true,"href":"https:\/\/liquidmaster.pl\/en\/wp-json\/wp\/v2\/comments?post=1802490"}],"wp:featuredmedia":[{"embeddable":true,"href":"https:\/\/liquidmaster.pl\/en\/wp-json\/wp\/v2\/media\/1843718"}],"wp:attachment":[{"href":"https:\/\/liquidmaster.pl\/en\/wp-json\/wp\/v2\/media?parent=1802490"}],"wp:term":[{"taxonomy":"product_brand","embeddable":true,"href":"https:\/\/liquidmaster.pl\/en\/wp-json\/wp\/v2\/product_brand?post=1802490"},{"taxonomy":"product_cat","embeddable":true,"href":"https:\/\/liquidmaster.pl\/en\/wp-json\/wp\/v2\/product_cat?post=1802490"},{"taxonomy":"product_tag","embeddable":true,"href":"https:\/\/liquidmaster.pl\/en\/wp-json\/wp\/v2\/product_tag?post=1802490"}],"curies":[{"name":"wp","href":"https:\/\/api.w.org\/{rel}","templated":true}]}}