{"id":1802486,"date":"2025-03-28T00:19:44","date_gmt":"2025-03-27T22:19:44","guid":{"rendered":"https:\/\/liquidmaster.pl\/evoxa-hdc-21-mimosrodowa-polerka-samochodowa-da\/"},"modified":"2026-04-20T07:59:36","modified_gmt":"2026-04-20T05:59:36","slug":"evoxa-hdc-21-mimosrodowa-polerka-samochodowa-da","status":"publish","type":"product","link":"https:\/\/liquidmaster.pl\/en\/evoxa-hdc-21-mimosrodowa-polerka-samochodowa-da\/","title":{"rendered":"Evoxa HDC 21 - DA eccentric car polisher"},"content":{"rendered":"<p>Evoxa HDC21 \u2013 is a large Dual Action eccentric polisher with a stroke of 21 mm, intended for professional use. Compared to the previous HDA series, many design changes have been introduced that translate into work efficiency and comfort.<\/p>\n<p>The biggest change in this polisher is the new gear used, made of modern construction materials, subjected to more precise machine processing. The result is very quiet operation of the machine. Compared to previous solutions, the noise level has decreased by over 10 dB at maximum speed and by over 5 dB at low speed. The polisher has also become one of the quietest dual action machines on the market!<\/p>\n<p>\u00a0<\/p>\n<p>The polisher is covered by a 24-month warranty, even when used professionally. It is possible to extend the warranty in the EVO+ service system.<\/p>\n<p>\u00a0<\/p>\n<p>\u2013 engine power: 970 W<\/p>\n<p>\u2013 revolutions: 1400-4900 OPM<\/p>\n<p>\u2013 thrust plate 125 mm (option 150 mm)<\/p>\n<p>\u2013 soft start<\/p>\n<p>\u2013 rotation stabilization<\/p>\n<p>\u2013 all NSK brand bearings<\/p>\n<p>\u2013 very soft power cord, 5 m long<\/p>\n<p>\u2013 rubber-coated front grip and rear handle<\/p>\n<p>\u2013 comfortable rubber supports for putting the polisher away<\/p>\n<p>\u2013 additional, soft side handle<\/p>\n<p>\u2013 spare brushes and a wrench for mounting the plate included<\/p>\n<p>\u2013 weight 2.4 kg<\/p>","protected":false},"excerpt":{"rendered":"<p>Evoxa HDC21 \u2013 to du\u017ca polerka mimo\u015brodowa typu Dual Action o skoku 21 mm, przeznaczona do u\u017cytku profesjonalnego. W por\u00f3wnaniu do poprzedniej serii HDA, wprowadzono bardzo du\u017co zmian konstrukcyjnych przek\u0142adaj\u0105cych si\u0119 na efektywno\u015b\u0107 pracy i jej komfort. Najwi\u0119ksz\u0105 zmian\u0105 w tej polerce jest zastosowana nowa przek\u0142adnia, wykonana z nowoczesnych materia\u0142\u00f3w konstrukcyjnych, poddanych dok\u0142adniejszej obr\u00f3bce maszynowej.&hellip;&nbsp;<a href=\"https:\/\/liquidmaster.pl\/en\/evoxa-hdc-21-mimosrodowa-polerka-samochodowa-da\/\" rel=\"bookmark\">Read More \u00bb<span class=\"screen-reader-text\">Evoxa HDC 21 - DA eccentric car polisher<\/span><\/a><\/p>","protected":false},"featured_media":1843710,"comment_status":"open","ping_status":"open","template":"","meta":{"neve_meta_sidebar":"","neve_meta_container":"","neve_meta_enable_content_width":"","neve_meta_content_width":0,"neve_meta_title_alignment":"","neve_meta_author_avatar":"","neve_post_elements_order":"","neve_meta_disable_header":"","neve_meta_disable_footer":"","neve_meta_disable_title":"","_themeisle_gutenberg_block_has_review":false},"product_brand":[],"product_cat":[807,806,748],"product_tag":[290],"class_list":{"0":"post-1802486","1":"product","2":"type-product","3":"status-publish","4":"has-post-thumbnail","6":"product_cat-maszyny-dual-action","7":"product_cat-maszyny-polerskie","8":"product_cat-polerowanie","9":"product_tag-evoxa","11":"first","12":"outofstock","13":"taxable","14":"shipping-taxable","15":"purchasable","16":"product-type-simple"},"_links":{"self":[{"href":"https:\/\/liquidmaster.pl\/en\/wp-json\/wp\/v2\/product\/1802486","targetHints":{"allow":["GET"]}}],"collection":[{"href":"https:\/\/liquidmaster.pl\/en\/wp-json\/wp\/v2\/product"}],"about":[{"href":"https:\/\/liquidmaster.pl\/en\/wp-json\/wp\/v2\/types\/product"}],"replies":[{"embeddable":true,"href":"https:\/\/liquidmaster.pl\/en\/wp-json\/wp\/v2\/comments?post=1802486"}],"wp:featuredmedia":[{"embeddable":true,"href":"https:\/\/liquidmaster.pl\/en\/wp-json\/wp\/v2\/media\/1843710"}],"wp:attachment":[{"href":"https:\/\/liquidmaster.pl\/en\/wp-json\/wp\/v2\/media?parent=1802486"}],"wp:term":[{"taxonomy":"product_brand","embeddable":true,"href":"https:\/\/liquidmaster.pl\/en\/wp-json\/wp\/v2\/product_brand?post=1802486"},{"taxonomy":"product_cat","embeddable":true,"href":"https:\/\/liquidmaster.pl\/en\/wp-json\/wp\/v2\/product_cat?post=1802486"},{"taxonomy":"product_tag","embeddable":true,"href":"https:\/\/liquidmaster.pl\/en\/wp-json\/wp\/v2\/product_tag?post=1802486"}],"curies":[{"name":"wp","href":"https:\/\/api.w.org\/{rel}","templated":true}]}}