{"id":1802470,"date":"2025-03-28T00:17:25","date_gmt":"2025-03-27T22:17:25","guid":{"rendered":"https:\/\/liquidmaster.pl\/waxpro-shaggy-microfiber-wheel-brush-szczotka-z-mikrofibry-do-czyszczenia-felg\/"},"modified":"2026-04-18T09:20:10","modified_gmt":"2026-04-18T07:20:10","slug":"waxpro-shaggy-microfiber-wheel-brush-szczotka-z-mikrofibry-do-czyszczenia-felg","status":"publish","type":"product","link":"https:\/\/liquidmaster.pl\/en\/waxpro-shaggy-microfiber-wheel-brush-szczotka-z-mikrofibry-do-czyszczenia-felg\/","title":{"rendered":"waxPRO Shaggy Microfiber Wheel Brush - a microfiber brush for cleaning rims"},"content":{"rendered":"<p>WaxPRO Shaggy Microfiber Wheel Brush<\/p>\n<p>Extremely delicate microfiber brush for cleaning rims. The brush has a safe, plastic core that is break-resistant and at the same time safe for the rims themselves. Thanks to the appropriate length of the shaft and handle, the brush can reach approximately 30 cm into the rim.\u00a0<\/p>\n<p>Diameter: 6cm<\/p>\n<p>Length: 44cm (with handle)<\/p>","protected":false},"excerpt":{"rendered":"<p>WaxPRO\u00a0Shaggy Microfiber Wheel Brush Wyj\u0105tkowo delikatna szczotka z mikrofibry do czyszczenia felg. Szczotka posiada bezpieczny, plastikowy rdze\u0144 odporny na z\u0142amania i jednocze\u015bnie bezpieczny dla samych felg. Dzi\u0119ki odpowiedniej d\u0142ugo\u015bci trzonka i r\u0105czki szczotka mo\u017ce si\u0119gn\u0105\u0107 na ok. 30cm w g\u0142\u0105b felgi.\u00a0 \u015arednica: 6cm D\u0142ugo\u015b\u0107: 44cm (z r\u0105czk\u0105)<\/p>","protected":false},"featured_media":1843686,"comment_status":"open","ping_status":"open","template":"","meta":{"neve_meta_sidebar":"","neve_meta_container":"","neve_meta_enable_content_width":"","neve_meta_content_width":0,"neve_meta_title_alignment":"","neve_meta_author_avatar":"","neve_post_elements_order":"","neve_meta_disable_header":"","neve_meta_disable_footer":"","neve_meta_disable_title":"","_themeisle_gutenberg_block_has_review":false},"product_brand":[],"product_cat":[745,733,779],"product_tag":[379],"class_list":{"0":"post-1802470","1":"product","2":"type-product","3":"status-publish","4":"has-post-thumbnail","6":"product_cat-kola-i-opony","7":"product_cat-na-zewnatrz","8":"product_cat-szczotki-pedzelki-i-aplikatory-do-kol","9":"product_tag-waxpro","11":"first","12":"instock","13":"taxable","14":"shipping-taxable","15":"purchasable","16":"product-type-simple"},"_links":{"self":[{"href":"https:\/\/liquidmaster.pl\/en\/wp-json\/wp\/v2\/product\/1802470","targetHints":{"allow":["GET"]}}],"collection":[{"href":"https:\/\/liquidmaster.pl\/en\/wp-json\/wp\/v2\/product"}],"about":[{"href":"https:\/\/liquidmaster.pl\/en\/wp-json\/wp\/v2\/types\/product"}],"replies":[{"embeddable":true,"href":"https:\/\/liquidmaster.pl\/en\/wp-json\/wp\/v2\/comments?post=1802470"}],"wp:featuredmedia":[{"embeddable":true,"href":"https:\/\/liquidmaster.pl\/en\/wp-json\/wp\/v2\/media\/1843686"}],"wp:attachment":[{"href":"https:\/\/liquidmaster.pl\/en\/wp-json\/wp\/v2\/media?parent=1802470"}],"wp:term":[{"taxonomy":"product_brand","embeddable":true,"href":"https:\/\/liquidmaster.pl\/en\/wp-json\/wp\/v2\/product_brand?post=1802470"},{"taxonomy":"product_cat","embeddable":true,"href":"https:\/\/liquidmaster.pl\/en\/wp-json\/wp\/v2\/product_cat?post=1802470"},{"taxonomy":"product_tag","embeddable":true,"href":"https:\/\/liquidmaster.pl\/en\/wp-json\/wp\/v2\/product_tag?post=1802470"}],"curies":[{"name":"wp","href":"https:\/\/api.w.org\/{rel}","templated":true}]}}