{"id":1802462,"date":"2025-03-28T00:16:25","date_gmt":"2025-03-27T22:16:25","guid":{"rendered":"https:\/\/liquidmaster.pl\/waxpro-nolimit-mango-360-gsm-40x40cm-mikrofibra-bezkrawedziowa\/"},"modified":"2026-04-18T04:21:35","modified_gmt":"2026-04-18T02:21:35","slug":"waxpro-nolimit-mango-360-gsm-40x40cm-mikrofibra-bezkrawedziowa","status":"publish","type":"product","link":"https:\/\/liquidmaster.pl\/en\/waxpro-nolimit-mango-360-gsm-40x40cm-mikrofibra-bezkrawedziowa\/","title":{"rendered":"waxPRO NoLimit Mango 360 gsm 40x40cm - edgeless microfiber"},"content":{"rendered":"<p>waxPRO NoLimit Mango - a very absorbent and delicate microfiber without a trim, which, thanks to its structure, reduces the risk of scratching the paint. Perfect for lapping waxes, quick detailers and protective coatings, it is dust-free and does not leave microfibers.<\/p>\n<p>Washing:<\/p>\n<ul>\n<li>\n<p>The microfiber is machine washable (up to 60\u00b0C). Wash with similar colors. Do not use softeners or bleaches.<\/p>\n<\/li>\n<\/ul>\n<p>Weight: 360g\/m\u00b2<\/p>\n<p>Composition: 80% polyester, 20% polyamide<\/p>\n<p>Dimensions: 40x40cm<\/p>","protected":false},"excerpt":{"rendered":"<p>waxPRO NoLimit Mango \u2013 to bardzo ch\u0142onna i delikatna mikrofibra bez obszycia, kt\u00f3ra dzi\u0119ki swojej strukturze zmniejsza ryzyko zarysowania lakieru. Doskonale sprawdza si\u0119 przy docieraniu wosk\u00f3w, quick detailer\u00f3w i pow\u0142ok ochronnych, nie pyli i nie pozostawia mikrow\u0142\u00f3kien. Pranie: Mikrofibra mo\u017ce by\u0107 prana w pralce (do 60\u00b0C). Pra\u0107 z podobnymi kolorami. Nie stosowa\u0107 zmi\u0119kczaczy ani wybielaczy.&hellip;&nbsp;<a href=\"https:\/\/liquidmaster.pl\/en\/waxpro-nolimit-mango-360-gsm-40x40cm-mikrofibra-bezkrawedziowa\/\" rel=\"bookmark\">Read More \u00bb<span class=\"screen-reader-text\">waxPRO NoLimit Mango 360 gsm 40x40cm - edgeless microfiber<\/span><\/a><\/p>","protected":false},"featured_media":1843678,"comment_status":"open","ping_status":"open","template":"","meta":{"neve_meta_sidebar":"","neve_meta_container":"","neve_meta_enable_content_width":"","neve_meta_content_width":0,"neve_meta_title_alignment":"","neve_meta_author_avatar":"","neve_post_elements_order":"","neve_meta_disable_header":"","neve_meta_disable_footer":"","neve_meta_disable_title":"","_themeisle_gutenberg_block_has_review":false},"product_brand":[],"product_cat":[757,758,798],"product_tag":[379],"class_list":{"0":"post-1802462","1":"product","2":"type-product","3":"status-publish","4":"has-post-thumbnail","6":"product_cat-akcesoria","7":"product_cat-mikrofibry-i-reczniki","8":"product_cat-uniwersalne","9":"product_tag-waxpro","11":"first","12":"outofstock","13":"taxable","14":"shipping-taxable","15":"purchasable","16":"product-type-simple"},"_links":{"self":[{"href":"https:\/\/liquidmaster.pl\/en\/wp-json\/wp\/v2\/product\/1802462","targetHints":{"allow":["GET"]}}],"collection":[{"href":"https:\/\/liquidmaster.pl\/en\/wp-json\/wp\/v2\/product"}],"about":[{"href":"https:\/\/liquidmaster.pl\/en\/wp-json\/wp\/v2\/types\/product"}],"replies":[{"embeddable":true,"href":"https:\/\/liquidmaster.pl\/en\/wp-json\/wp\/v2\/comments?post=1802462"}],"wp:featuredmedia":[{"embeddable":true,"href":"https:\/\/liquidmaster.pl\/en\/wp-json\/wp\/v2\/media\/1843678"}],"wp:attachment":[{"href":"https:\/\/liquidmaster.pl\/en\/wp-json\/wp\/v2\/media?parent=1802462"}],"wp:term":[{"taxonomy":"product_brand","embeddable":true,"href":"https:\/\/liquidmaster.pl\/en\/wp-json\/wp\/v2\/product_brand?post=1802462"},{"taxonomy":"product_cat","embeddable":true,"href":"https:\/\/liquidmaster.pl\/en\/wp-json\/wp\/v2\/product_cat?post=1802462"},{"taxonomy":"product_tag","embeddable":true,"href":"https:\/\/liquidmaster.pl\/en\/wp-json\/wp\/v2\/product_tag?post=1802462"}],"curies":[{"name":"wp","href":"https:\/\/api.w.org\/{rel}","templated":true}]}}