{"id":1802446,"date":"2025-03-28T00:14:07","date_gmt":"2025-03-27T22:14:07","guid":{"rendered":"https:\/\/liquidmaster.pl\/detailing-house-aplikator-do-wosku-75mm\/"},"modified":"2026-04-18T04:21:31","modified_gmt":"2026-04-18T02:21:31","slug":"detailing-house-aplikator-do-wosku-75mm","status":"publish","type":"product","link":"https:\/\/liquidmaster.pl\/en\/detailing-house-aplikator-do-wosku-75mm\/","title":{"rendered":"Detailing House Wax Applicator 75mm"},"content":{"rendered":"<p>Opened mobile applicator for waxes or dressings. Extremely soft and delicate. Made of high-quality, soft and dense sponge. This applicator is made of one piece of sponge. It has no seams or welds, which minimizes the risk of scratching the paint. Perfect for smaller wax packages, e.g. 50 ml.<\/p>\n<p>You will fall in love from the first use!<\/p>","protected":false},"excerpt":{"rendered":"<p>Otwarto kom\u00f3rkowy aplikator do wosk\u00f3w lub dressing\u00f3w. Niezwykle mi\u0119kki i delikatny. Wyprodukowany z wysokiej klasy\u00a0mi\u0119kkiej i g\u0119stej g\u0105bki. Aplikator ten zosta\u0142 stworzony z jednego kawa\u0142ka g\u0105bki. Nie posiada on szw\u00f3w ani zgrzew\u00f3w, dzi\u0119ki czemu minimalizujemy ryzoko porysowania lakieru. Idealnie sprawdza si\u0119 do mniejszych opakowa\u0144 wosku np. 50 ml. Zakochasz si\u0119 od pierwszego u\u017cycia!<\/p>","protected":false},"featured_media":1843650,"comment_status":"open","ping_status":"open","template":"","meta":{"neve_meta_sidebar":"","neve_meta_container":"","neve_meta_enable_content_width":"","neve_meta_content_width":0,"neve_meta_title_alignment":"","neve_meta_author_avatar":"","neve_post_elements_order":"","neve_meta_disable_header":"","neve_meta_disable_footer":"","neve_meta_disable_title":"","_themeisle_gutenberg_block_has_review":false},"product_brand":[],"product_cat":[757,786,797],"product_tag":[286],"class_list":{"0":"post-1802446","1":"product","2":"type-product","3":"status-publish","4":"has-post-thumbnail","6":"product_cat-akcesoria","7":"product_cat-aplikatory","8":"product_cat-aplikatory-do-woskow","9":"product_tag-detailing-house","11":"first","12":"instock","13":"taxable","14":"shipping-taxable","15":"purchasable","16":"product-type-simple"},"_links":{"self":[{"href":"https:\/\/liquidmaster.pl\/en\/wp-json\/wp\/v2\/product\/1802446","targetHints":{"allow":["GET"]}}],"collection":[{"href":"https:\/\/liquidmaster.pl\/en\/wp-json\/wp\/v2\/product"}],"about":[{"href":"https:\/\/liquidmaster.pl\/en\/wp-json\/wp\/v2\/types\/product"}],"replies":[{"embeddable":true,"href":"https:\/\/liquidmaster.pl\/en\/wp-json\/wp\/v2\/comments?post=1802446"}],"wp:featuredmedia":[{"embeddable":true,"href":"https:\/\/liquidmaster.pl\/en\/wp-json\/wp\/v2\/media\/1843650"}],"wp:attachment":[{"href":"https:\/\/liquidmaster.pl\/en\/wp-json\/wp\/v2\/media?parent=1802446"}],"wp:term":[{"taxonomy":"product_brand","embeddable":true,"href":"https:\/\/liquidmaster.pl\/en\/wp-json\/wp\/v2\/product_brand?post=1802446"},{"taxonomy":"product_cat","embeddable":true,"href":"https:\/\/liquidmaster.pl\/en\/wp-json\/wp\/v2\/product_cat?post=1802446"},{"taxonomy":"product_tag","embeddable":true,"href":"https:\/\/liquidmaster.pl\/en\/wp-json\/wp\/v2\/product_tag?post=1802446"}],"curies":[{"name":"wp","href":"https:\/\/api.w.org\/{rel}","templated":true}]}}