{"id":1802415,"date":"2025-03-28T00:09:35","date_gmt":"2025-03-27T22:09:35","guid":{"rendered":"https:\/\/liquidmaster.pl\/adbl-professor-duza-torba-detailingowa-na-kosmetyki-i-akcesoria\/"},"modified":"2026-04-18T04:21:24","modified_gmt":"2026-04-18T02:21:24","slug":"adbl-professor-duza-torba-detailingowa-na-kosmetyki-i-akcesoria","status":"publish","type":"product","link":"https:\/\/liquidmaster.pl\/en\/adbl-professor-duza-torba-detailingowa-na-kosmetyki-i-akcesoria\/","title":{"rendered":"ADBL Professor - a large detailing bag for cosmetics and accessories"},"content":{"rendered":"<p>ADBL Professor \u2013 large bag made of 100% polyester. It will easily accommodate everything that may be needed in the work of a mobile detailer. The reinforced back will additionally protect your equipment during transport, and the retractable handle together with solid wheels will make you move even faster.<\/p>\n<p>Dimensions: 70 x 40 x 40 cm<\/p>\n<p>Weight: 7.5 kg<\/p>\n<p>\u00a0<\/p>","protected":false},"excerpt":{"rendered":"<p>ADBL Professor \u2013 du\u017ca, wykonana z 100% poliestru torba.\u00a0 Z \u0142atwo\u015bci\u0105 pomie\u015bci wszystko, co mo\u017ce by\u0107 potrzebne w pracy mobilnego detailera. Wzmocnione plecy dodatkowo zabezpiecz\u0105 Twoje sprz\u0119ty podczas transportu, a wysuwany uchwyt razem z solidnymi ko\u0142ami sprawi\u0105, \u017ce b\u0119dziesz przemieszcza\u0142 si\u0119 jeszcze szybciej. Wymiary: 70 x 40 x 40 cm Waga: 7,5 kg \u00a0<\/p>","protected":false},"featured_media":1843593,"comment_status":"open","ping_status":"open","template":"","meta":{"neve_meta_sidebar":"","neve_meta_container":"","neve_meta_enable_content_width":"","neve_meta_content_width":0,"neve_meta_title_alignment":"","neve_meta_author_avatar":"","neve_post_elements_order":"","neve_meta_disable_header":"","neve_meta_disable_footer":"","neve_meta_disable_title":"","_themeisle_gutenberg_block_has_review":false},"product_brand":[],"product_cat":[757,811,856],"product_tag":[258],"class_list":{"0":"post-1802415","1":"product","2":"type-product","3":"status-publish","4":"has-post-thumbnail","6":"product_cat-akcesoria","7":"product_cat-pozostale-akcesoria","8":"product_cat-torby-i-organizery","9":"product_tag-adbl","11":"first","12":"instock","13":"taxable","14":"shipping-taxable","15":"purchasable","16":"product-type-simple"},"_links":{"self":[{"href":"https:\/\/liquidmaster.pl\/en\/wp-json\/wp\/v2\/product\/1802415","targetHints":{"allow":["GET"]}}],"collection":[{"href":"https:\/\/liquidmaster.pl\/en\/wp-json\/wp\/v2\/product"}],"about":[{"href":"https:\/\/liquidmaster.pl\/en\/wp-json\/wp\/v2\/types\/product"}],"replies":[{"embeddable":true,"href":"https:\/\/liquidmaster.pl\/en\/wp-json\/wp\/v2\/comments?post=1802415"}],"wp:featuredmedia":[{"embeddable":true,"href":"https:\/\/liquidmaster.pl\/en\/wp-json\/wp\/v2\/media\/1843593"}],"wp:attachment":[{"href":"https:\/\/liquidmaster.pl\/en\/wp-json\/wp\/v2\/media?parent=1802415"}],"wp:term":[{"taxonomy":"product_brand","embeddable":true,"href":"https:\/\/liquidmaster.pl\/en\/wp-json\/wp\/v2\/product_brand?post=1802415"},{"taxonomy":"product_cat","embeddable":true,"href":"https:\/\/liquidmaster.pl\/en\/wp-json\/wp\/v2\/product_cat?post=1802415"},{"taxonomy":"product_tag","embeddable":true,"href":"https:\/\/liquidmaster.pl\/en\/wp-json\/wp\/v2\/product_tag?post=1802415"}],"curies":[{"name":"wp","href":"https:\/\/api.w.org\/{rel}","templated":true}]}}